{"id":1359,"date":"2017-01-31T11:49:57","date_gmt":"2017-01-31T10:49:57","guid":{"rendered":"https:\/\/www.tecnoma.fr\/?page_id=1359"},"modified":"2017-10-02T14:17:26","modified_gmt":"2017-10-02T13:17:26","slug":"criteres-dune-bonne-pulverisation","status":"publish","type":"page","link":"https:\/\/www.tecnoma.fr\/fr\/criteres-dune-bonne-pulverisation\/","title":{"rendered":"Les crit\u00e8res d&rsquo;une bonne pulv\u00e9risation"},"content":{"rendered":"\n<style type=\"text\/css\" data-created_by=\"avia_inline_auto\" id=\"style-css-av-av_section-30a662da93665619f5ca32a79f4e5ca7\">\n.avia-section.av-av_section-30a662da93665619f5ca32a79f4e5ca7 .av-parallax .av-parallax-inner{\nbackground-repeat:no-repeat;\nbackground-image:url(https:\/\/www.tecnoma.fr\/wp-content\/uploads\/2017\/01\/criteres-bonne-pulverisation-02.jpg);\nbackground-position:0% 0%;\nbackground-attachment:scroll;\n}\n.avia-section.av-av_section-30a662da93665619f5ca32a79f4e5ca7 .av-section-color-overlay{\nopacity:0.2;\nbackground-color:#b9ca00;\n}\n<\/style>\n<div id='av_section_1'  class='avia-section av-av_section-30a662da93665619f5ca32a79f4e5ca7 main_color avia-section-huge avia-no-border-styling  avia-builder-el-0  el_before_av_layout_row  avia-builder-el-first  avia-full-stretch av-parallax-section avia-bg-style-parallax av-section-color-overlay-active  av-minimum-height av-minimum-height-25  container_wrap fullsize'  data-section-bg-repeat='stretch' data-av_minimum_height_pc='25'><div class='av-parallax' data-avia-parallax-ratio='0.3' ><div class='av-parallax-inner main_color avia-full-stretch'><\/div><\/div><div class='av-section-color-overlay-wrap'><div class=\"av-section-color-overlay\"><\/div><a href='#next-section' title='' class='scroll-down-link ' aria-hidden='true' data-av_icon='\ue877' data-av_iconfont='entypo-fontello'><\/a><div class='container av-section-cont-open' ><main  role=\"main\" itemprop=\"mainContentOfPage\"  class='template-page content  av-content-full alpha units'><div class='post-entry post-entry-type-page post-entry-1359'><div class='entry-content-wrapper clearfix'>\n\n<style type=\"text\/css\" data-created_by=\"avia_inline_auto\" id=\"style-css-av-av_heading-a3dd1eca377fc863f77778c156c34c39\">\n#top .av-special-heading.av-av_heading-a3dd1eca377fc863f77778c156c34c39{\npadding-bottom:10px;\ncolor:#ffffff;\n}\n.av-special-heading.av-av_heading-a3dd1eca377fc863f77778c156c34c39 .special-heading-inner-border{\nborder-color:#ffffff;\n}\n<\/style>\n<div  class='av-special-heading av-av_heading-a3dd1eca377fc863f77778c156c34c39 av-special-heading-h1 custom-color-heading blockquote modern-quote modern-centered  avia-builder-el-1  avia-builder-el-no-sibling  '><h1 class='av-special-heading-tag '  itemprop=\"headline\"  >Les crit\u00e8res d\u2019une bonne pulv\u00e9risation<\/h1><div class='special-heading-border'><div class='special-heading-inner-border'><\/div><\/div><\/div>\n\n<\/div><\/div><\/main><!-- close content main element --><\/div><\/div><\/div><div id='av-layout-grid-1'  class='av-layout-grid-container entry-content-wrapper main_color av-flex-cells     avia-builder-el-2  el_after_av_section  el_before_av_layout_row  submenu-not-first container_wrap fullsize'  >\n<div class=\"flex_cell no_margin av_one_half  avia-builder-el-3  el_before_av_cell_one_half  avia-builder-el-first   \"  style='height:500px; min-height:500px;vertical-align:middle; padding:4%; background-color:#f8f4f3; ' ><div class='flex_cell_inner' ><p>\n<style type=\"text\/css\" data-created_by=\"avia_inline_auto\" id=\"style-css-av-av_heading-0ff03dddf30d0bc6555f5eb00dc38274\">\n#top .av-special-heading.av-av_heading-0ff03dddf30d0bc6555f5eb00dc38274{\npadding-bottom:10px;\nfont-size:30px;\n}\n<\/style>\n<div  class='av-special-heading av-av_heading-0ff03dddf30d0bc6555f5eb00dc38274 av-special-heading-h2 blockquote modern-quote  avia-builder-el-4  el_before_av_textblock  avia-builder-el-first  av-inherit-size '><h2 class='av-special-heading-tag '  itemprop=\"headline\"  >Le choix de la buse<\/h2><div class='special-heading-border'><div class='special-heading-inner-border'><\/div><\/div><\/div><br \/>\n<section class=\"av_textblock_section \"  itemscope=\"itemscope\" itemtype=\"https:\/\/schema.org\/CreativeWork\" ><div class='avia_textblock  '   itemprop=\"text\" ><div id=\"attachment_2198\" style=\"width: 190px\" class=\"wp-caption alignleft\"><img loading=\"lazy\" decoding=\"async\" aria-describedby=\"caption-attachment-2198\" class=\"alignnone wp-image-2198 size-square\" src=\"https:\/\/www.tecnoma.fr\/wp-content\/uploads\/2017\/01\/jet_de_buse_reglable1-180x180.jpg\" alt=\"Buse conique r\u00e9tractable\" width=\"180\" height=\"180\" srcset=\"https:\/\/www.tecnoma.fr\/wp-content\/uploads\/2017\/01\/jet_de_buse_reglable1-180x180.jpg 180w, https:\/\/www.tecnoma.fr\/wp-content\/uploads\/2017\/01\/jet_de_buse_reglable1-80x80.jpg 80w, https:\/\/www.tecnoma.fr\/wp-content\/uploads\/2017\/01\/jet_de_buse_reglable1-36x36.jpg 36w, https:\/\/www.tecnoma.fr\/wp-content\/uploads\/2017\/01\/jet_de_buse_reglable1-120x120.jpg 120w\" sizes=\"auto, (max-width: 180px) 100vw, 180px\" \/><p id=\"caption-attachment-2198\" class=\"wp-caption-text\">Buse conique r\u00e9tractable<\/p><\/div>\n<p style=\"text-align: justify\">Le choix de la buse d\u00e9termine le type de jet ainsi que le d\u00e9bit.<\/p>\n<p style=\"text-align: justify\">Pour le <strong>traitement insecticide et fongicide<\/strong>, une <strong>buse conique<\/strong> est plus appropri\u00e9e car elle apporte une grande finesse de pulv\u00e9risation.<\/p>\n<\/div><\/section><br \/>\n\n<style type=\"text\/css\" data-created_by=\"avia_inline_auto\" id=\"style-css-av-av_hr-125677adc5a412197e704257ba4b8296\">\n#top .hr.av-av_hr-125677adc5a412197e704257ba4b8296{\nmargin-top:30px;\nmargin-bottom:30px;\n}\n.hr.av-av_hr-125677adc5a412197e704257ba4b8296 .hr-inner{\nwidth:50px;\n}\n<\/style>\n<div  class='hr av-av_hr-125677adc5a412197e704257ba4b8296 hr-custom  avia-builder-el-6  el_after_av_textblock  el_before_av_textblock  hr-left hr-icon-no '><span class='hr-inner inner-border-av-border-fat'><span class=\"hr-inner-style\"><\/span><\/span><\/div><br \/>\n<section class=\"av_textblock_section \"  itemscope=\"itemscope\" itemtype=\"https:\/\/schema.org\/CreativeWork\" ><div class='avia_textblock  '   itemprop=\"text\" ><div id=\"attachment_2196\" style=\"width: 253px\" class=\"wp-caption alignleft\"><img loading=\"lazy\" decoding=\"async\" aria-describedby=\"caption-attachment-2196\" class=\"size-full wp-image-2196\" src=\"https:\/\/www.tecnoma.fr\/wp-content\/uploads\/2017\/01\/buse_pinceau_et_buse_miroir.jpg\" alt=\"Buses miroir et pinceau\" width=\"243\" height=\"132\" \/><p id=\"caption-attachment-2196\" class=\"wp-caption-text\">Buses miroir et pinceau<\/p><\/div>\n<p>Pour le <strong>d\u00e9sherbage :<\/strong> une buse pinceau ou une buse miroir.<br \/>\n La <strong>buse pinceau<\/strong> (jet vertical) est plus appropri\u00e9e pour un d\u00e9sherbage localis\u00e9 (avec ou sans cache).<br \/>\n Pour de plus grandes largeurs optez pour la <strong>buse miroir<\/strong> qui a un jet \u00e0 90\u00b0.<\/p>\n<\/div><\/section><\/p>\n<\/div><\/div><div class=\"flex_cell no_margin av_one_half  avia-builder-el-8  el_after_av_cell_one_half  avia-builder-el-last   avia-full-stretch av-zero-padding \"  style='height:500px; min-height:500px;background:url(https:\/\/www.tecnoma.fr\/wp-content\/uploads\/2017\/01\/pulverisation-jardin-1030x687.jpg) center center no-repeat scroll; vertical-align:top; padding:0; ' ><div class='flex_cell_inner' ><\/div><\/div><\/div><div id='av-layout-grid-2'  class='av-layout-grid-container entry-content-wrapper main_color av-flex-cells     avia-builder-el-9  el_after_av_layout_row  el_before_av_layout_row  submenu-not-first container_wrap fullsize'  >\n<div class=\"flex_cell no_margin av_one_half  avia-builder-el-10  el_before_av_cell_one_half  avia-builder-el-first   avia-full-stretch av-zero-padding \"  style='height:500px; min-height:500px;background:url(https:\/\/www.tecnoma.fr\/wp-content\/uploads\/2017\/01\/criteres-bonne-pulverisation-02.jpg) center left no-repeat scroll; vertical-align:middle; padding:0; ' ><div class='flex_cell_inner' ><\/div><\/div><div class=\"flex_cell no_margin av_one_half  avia-builder-el-11  el_after_av_cell_one_half  avia-builder-el-last   \"  style='height:500px; min-height:500px;vertical-align:middle; padding:4%; background-color:#f8f4f3; ' ><div class='flex_cell_inner' ><p>\n<style type=\"text\/css\" data-created_by=\"avia_inline_auto\" id=\"style-css-av-av_heading-b33dca822586a2ef71113248bfb2b930\">\n#top .av-special-heading.av-av_heading-b33dca822586a2ef71113248bfb2b930{\npadding-bottom:10px;\nfont-size:30px;\n}\n<\/style>\n<div  class='av-special-heading av-av_heading-b33dca822586a2ef71113248bfb2b930 av-special-heading-h2 blockquote modern-quote  avia-builder-el-12  el_before_av_hr  avia-builder-el-first  av-inherit-size '><h2 class='av-special-heading-tag '  itemprop=\"headline\"  >La pression de service<\/h2><div class='special-heading-border'><div class='special-heading-inner-border'><\/div><\/div><\/div><br \/>\n\n<style type=\"text\/css\" data-created_by=\"avia_inline_auto\" id=\"style-css-av-av_hr-125677adc5a412197e704257ba4b8296\">\n#top .hr.av-av_hr-125677adc5a412197e704257ba4b8296{\nmargin-top:30px;\nmargin-bottom:30px;\n}\n.hr.av-av_hr-125677adc5a412197e704257ba4b8296 .hr-inner{\nwidth:50px;\n}\n<\/style>\n<div  class='hr av-av_hr-125677adc5a412197e704257ba4b8296 hr-custom  avia-builder-el-13  el_after_av_heading  el_before_av_textblock  hr-left hr-icon-no '><span class='hr-inner inner-border-av-border-fat'><span class=\"hr-inner-style\"><\/span><\/span><\/div><br \/>\n<section class=\"av_textblock_section \"  itemscope=\"itemscope\" itemtype=\"https:\/\/schema.org\/CreativeWork\" ><div class='avia_textblock  '   itemprop=\"text\" ><p> La <strong>pression de service<\/strong> d\u00e9termine la finesse des gouttes et\/ou leur vitesse.<\/p>\n<\/div><\/section><\/p>\n<\/div><\/div>\n<\/div><\/p>\n<div id='av-layout-grid-3'  class='av-layout-grid-container entry-content-wrapper main_color av-flex-cells     avia-builder-el-15  el_after_av_layout_row  el_before_av_section  submenu-not-first container_wrap fullsize'  >\n<div class=\"flex_cell no_margin av_one_half  avia-builder-el-16  el_before_av_cell_one_half  avia-builder-el-first   \"  style='height:500px; min-height:500px;vertical-align:middle; padding:4%; background-color:#f8f4f3; ' ><div class='flex_cell_inner' ><p>\n<style type=\"text\/css\" data-created_by=\"avia_inline_auto\" id=\"style-css-av-av_heading-3dd463569d4bf9f66504a4b8bfc7d6db\">\n#top .av-special-heading.av-av_heading-3dd463569d4bf9f66504a4b8bfc7d6db{\npadding-bottom:10px;\nfont-size:30px;\n}\n<\/style>\n<div  class='av-special-heading av-av_heading-3dd463569d4bf9f66504a4b8bfc7d6db av-special-heading-h2 blockquote modern-quote  avia-builder-el-17  el_before_av_hr  avia-builder-el-first  av-inherit-size '><h2 class='av-special-heading-tag '  itemprop=\"headline\"  >Les conditions climatiques<\/h2><div class='special-heading-border'><div class='special-heading-inner-border'><\/div><\/div><\/div><br \/>\n\n<style type=\"text\/css\" data-created_by=\"avia_inline_auto\" id=\"style-css-av-av_hr-125677adc5a412197e704257ba4b8296\">\n#top .hr.av-av_hr-125677adc5a412197e704257ba4b8296{\nmargin-top:30px;\nmargin-bottom:30px;\n}\n.hr.av-av_hr-125677adc5a412197e704257ba4b8296 .hr-inner{\nwidth:50px;\n}\n<\/style>\n<div  class='hr av-av_hr-125677adc5a412197e704257ba4b8296 hr-custom  avia-builder-el-18  el_after_av_heading  el_before_av_textblock  hr-left hr-icon-no '><span class='hr-inner inner-border-av-border-fat'><span class=\"hr-inner-style\"><\/span><\/span><\/div><br \/>\n<section class=\"av_textblock_section \"  itemscope=\"itemscope\" itemtype=\"https:\/\/schema.org\/CreativeWork\" ><div class='avia_textblock  '   itemprop=\"text\" ><p> Le vent fait d\u00e9river les gouttelettes, une trop forte chaleur provoque une \u00e9vaporation trop rapide.<\/p>\n<p><img loading=\"lazy\" decoding=\"async\" class=\"alignleft size-full wp-image-2598\" src=\"https:\/\/www.tecnoma.fr\/wp-content\/uploads\/2017\/01\/conditions_climatiques.jpg\" alt=\"\" width=\"353\" height=\"106\" srcset=\"https:\/\/www.tecnoma.fr\/wp-content\/uploads\/2017\/01\/conditions_climatiques.jpg 353w, https:\/\/www.tecnoma.fr\/wp-content\/uploads\/2017\/01\/conditions_climatiques-300x90.jpg 300w\" sizes=\"auto, (max-width: 353px) 100vw, 353px\" \/><\/p>\n<\/div><\/section><\/p>\n<\/div><\/div><div class=\"flex_cell no_margin av_one_half  avia-builder-el-20  el_after_av_cell_one_half  avia-builder-el-last   avia-full-stretch av-zero-padding \"  style='height:500px; min-height:500px;background:url(https:\/\/www.tecnoma.fr\/wp-content\/uploads\/2017\/01\/criteres-bonne-pulverisation-01.jpg) center center no-repeat scroll; vertical-align:top; padding:0; ' ><div class='flex_cell_inner' ><\/div><\/div>\n<\/div>\n\n<style type=\"text\/css\" data-created_by=\"avia_inline_auto\" id=\"style-css-av-av_section-236165443a4ad33ec1eb40c29a9ce174\">\n.avia-section.av-av_section-236165443a4ad33ec1eb40c29a9ce174 .av-parallax .av-parallax-inner{\nbackground-repeat:no-repeat;\nbackground-image:url(https:\/\/www.tecnoma.fr\/wp-content\/uploads\/2016\/12\/histoire-3.jpg);\nbackground-position:50% 0%;\nbackground-attachment:scroll;\n}\n.avia-section.av-av_section-236165443a4ad33ec1eb40c29a9ce174 .av-section-color-overlay{\nopacity:0.4;\nbackground-color:#619714;\n}\n<\/style>\n<div id='sign-up'  class='avia-section av-av_section-236165443a4ad33ec1eb40c29a9ce174 main_color avia-section-default avia-no-shadow  avia-builder-el-21  el_after_av_layout_row  el_before_av_one_half  avia-full-contain av-parallax-section avia-bg-style-parallax av-section-color-overlay-active  container_wrap fullsize'  data-section-bg-repeat='contain'><div class='av-parallax' data-avia-parallax-ratio='0.3' ><div class='av-parallax-inner main_color avia-full-contain'><\/div><\/div><div class='av-section-color-overlay-wrap'><div class=\"av-section-color-overlay\"><\/div><div class='container av-section-cont-open' ><div class='template-page content  av-content-full alpha units'><div class='post-entry post-entry-type-page post-entry-1359'><div class='entry-content-wrapper clearfix'>\n\n<style type=\"text\/css\" data-created_by=\"avia_inline_auto\" id=\"style-css-av-av_heading-f8d7cd0d736798c7c2d3ee759b83afdb\">\n#top .av-special-heading.av-av_heading-f8d7cd0d736798c7c2d3ee759b83afdb{\npadding-bottom:10px;\ncolor:#ffffff;\nfont-size:30px;\n}\n.av-special-heading.av-av_heading-f8d7cd0d736798c7c2d3ee759b83afdb .special-heading-inner-border{\nborder-color:#ffffff;\n}\n<\/style>\n<div  class='av-special-heading av-av_heading-f8d7cd0d736798c7c2d3ee759b83afdb av-special-heading-h3 custom-color-heading blockquote modern-quote modern-centered  avia-builder-el-22  avia-builder-el-no-sibling  av-inherit-size '><h3 class='av-special-heading-tag '  itemprop=\"headline\"  >Le jardin c\u00f4t\u00e9 plaisir<\/h3><div class='special-heading-border'><div class='special-heading-inner-border'><\/div><\/div><\/div>\n<\/div><\/div><\/div><!-- close content main div --><\/div><\/div><\/div><div id='after_section_2'  class='main_color av_default_container_wrap container_wrap fullsize'  ><div class='container av-section-cont-open' ><div class='template-page content  av-content-full alpha units'><div class='post-entry post-entry-type-page post-entry-1359'><div class='entry-content-wrapper clearfix'>\n\n<style type=\"text\/css\" data-created_by=\"avia_inline_auto\" id=\"style-css-av-av_one_half-6126cab7d8fab8d08143dd2dacdf673c\">\n.flex_column.av-av_one_half-6126cab7d8fab8d08143dd2dacdf673c{\nborder-radius:0px 0px 0px 0px;\n-webkit-border-radius:0px 0px 0px 0px;\n-moz-border-radius:0px 0px 0px 0px;\n}\n<\/style>\n<div class='flex_column av-av_one_half-6126cab7d8fab8d08143dd2dacdf673c av_one_half  avia-builder-el-23  el_after_av_section  avia-builder-el-no-sibling  first flex_column_div av-zero-column-padding '   ><\/div>\n","protected":false},"excerpt":{"rendered":"","protected":false},"author":4,"featured_media":0,"parent":0,"menu_order":0,"comment_status":"closed","ping_status":"closed","template":"","meta":{"_acf_changed":false,"footnotes":""},"class_list":["post-1359","page","type-page","status-publish","hentry"],"acf":[],"yoast_head":"<!-- This site is optimized with the Yoast SEO plugin v27.4 - https:\/\/yoast.com\/product\/yoast-seo-wordpress\/ -->\n<title>Les crit\u00e8res d&#039;une bonne pulv\u00e9risation - Tecnoma<\/title>\n<meta name=\"robots\" content=\"index, follow, max-snippet:-1, max-image-preview:large, max-video-preview:-1\" \/>\n<link rel=\"canonical\" href=\"https:\/\/www.tecnoma.fr\/fr\/criteres-dune-bonne-pulverisation\/\" \/>\n<meta property=\"og:locale\" content=\"fr_FR\" \/>\n<meta property=\"og:type\" content=\"article\" \/>\n<meta property=\"og:title\" content=\"Les crit\u00e8res d&#039;une bonne pulv\u00e9risation - Tecnoma\" \/>\n<meta property=\"og:url\" content=\"https:\/\/www.tecnoma.fr\/fr\/criteres-dune-bonne-pulverisation\/\" \/>\n<meta property=\"og:site_name\" content=\"Tecnoma\" \/>\n<meta property=\"article:modified_time\" content=\"2017-10-02T13:17:26+00:00\" \/>\n<meta property=\"og:image\" content=\"https:\/\/www.tecnoma.fr\/wp-content\/uploads\/2017\/01\/jet_de_buse_reglable1-180x180.jpg\" \/>\n<meta name=\"twitter:card\" content=\"summary_large_image\" \/>\n<meta name=\"twitter:label1\" content=\"Dur\u00e9e de lecture estim\u00e9e\" \/>\n\t<meta name=\"twitter:data1\" content=\"5 minutes\" \/>\n<script type=\"application\/ld+json\" class=\"yoast-schema-graph\">{\"@context\":\"https:\\\/\\\/schema.org\",\"@graph\":[{\"@type\":\"WebPage\",\"@id\":\"https:\\\/\\\/www.tecnoma.fr\\\/fr\\\/criteres-dune-bonne-pulverisation\\\/\",\"url\":\"https:\\\/\\\/www.tecnoma.fr\\\/fr\\\/criteres-dune-bonne-pulverisation\\\/\",\"name\":\"Les crit\u00e8res d'une bonne pulv\u00e9risation - Tecnoma\",\"isPartOf\":{\"@id\":\"https:\\\/\\\/www.tecnoma.fr\\\/fr\\\/#website\"},\"primaryImageOfPage\":{\"@id\":\"https:\\\/\\\/www.tecnoma.fr\\\/fr\\\/criteres-dune-bonne-pulverisation\\\/#primaryimage\"},\"image\":{\"@id\":\"https:\\\/\\\/www.tecnoma.fr\\\/fr\\\/criteres-dune-bonne-pulverisation\\\/#primaryimage\"},\"thumbnailUrl\":\"https:\\\/\\\/www.tecnoma.fr\\\/wp-content\\\/uploads\\\/2017\\\/01\\\/jet_de_buse_reglable1-180x180.jpg\",\"datePublished\":\"2017-01-31T10:49:57+00:00\",\"dateModified\":\"2017-10-02T13:17:26+00:00\",\"breadcrumb\":{\"@id\":\"https:\\\/\\\/www.tecnoma.fr\\\/fr\\\/criteres-dune-bonne-pulverisation\\\/#breadcrumb\"},\"inLanguage\":\"fr-FR\",\"potentialAction\":[{\"@type\":\"ReadAction\",\"target\":[\"https:\\\/\\\/www.tecnoma.fr\\\/fr\\\/criteres-dune-bonne-pulverisation\\\/\"]}]},{\"@type\":\"ImageObject\",\"inLanguage\":\"fr-FR\",\"@id\":\"https:\\\/\\\/www.tecnoma.fr\\\/fr\\\/criteres-dune-bonne-pulverisation\\\/#primaryimage\",\"url\":\"https:\\\/\\\/www.tecnoma.fr\\\/wp-content\\\/uploads\\\/2017\\\/01\\\/jet_de_buse_reglable1-180x180.jpg\",\"contentUrl\":\"https:\\\/\\\/www.tecnoma.fr\\\/wp-content\\\/uploads\\\/2017\\\/01\\\/jet_de_buse_reglable1-180x180.jpg\"},{\"@type\":\"BreadcrumbList\",\"@id\":\"https:\\\/\\\/www.tecnoma.fr\\\/fr\\\/criteres-dune-bonne-pulverisation\\\/#breadcrumb\",\"itemListElement\":[{\"@type\":\"ListItem\",\"position\":1,\"name\":\"Accueil\",\"item\":\"https:\\\/\\\/www.tecnoma.fr\\\/fr\\\/accueil\\\/\"},{\"@type\":\"ListItem\",\"position\":2,\"name\":\"Les crit\u00e8res d&rsquo;une bonne pulv\u00e9risation\"}]},{\"@type\":\"WebSite\",\"@id\":\"https:\\\/\\\/www.tecnoma.fr\\\/fr\\\/#website\",\"url\":\"https:\\\/\\\/www.tecnoma.fr\\\/fr\\\/\",\"name\":\"Tecnoma\",\"description\":\"Pulv\u00e9risateur et pompe de jardin\",\"potentialAction\":[{\"@type\":\"SearchAction\",\"target\":{\"@type\":\"EntryPoint\",\"urlTemplate\":\"https:\\\/\\\/www.tecnoma.fr\\\/fr\\\/?s={search_term_string}\"},\"query-input\":{\"@type\":\"PropertyValueSpecification\",\"valueRequired\":true,\"valueName\":\"search_term_string\"}}],\"inLanguage\":\"fr-FR\"}]}<\/script>\n<!-- \/ Yoast SEO plugin. -->","yoast_head_json":{"title":"Les crit\u00e8res d'une bonne pulv\u00e9risation - Tecnoma","robots":{"index":"index","follow":"follow","max-snippet":"max-snippet:-1","max-image-preview":"max-image-preview:large","max-video-preview":"max-video-preview:-1"},"canonical":"https:\/\/www.tecnoma.fr\/fr\/criteres-dune-bonne-pulverisation\/","og_locale":"fr_FR","og_type":"article","og_title":"Les crit\u00e8res d'une bonne pulv\u00e9risation - Tecnoma","og_url":"https:\/\/www.tecnoma.fr\/fr\/criteres-dune-bonne-pulverisation\/","og_site_name":"Tecnoma","article_modified_time":"2017-10-02T13:17:26+00:00","og_image":[{"url":"https:\/\/www.tecnoma.fr\/wp-content\/uploads\/2017\/01\/jet_de_buse_reglable1-180x180.jpg","type":"","width":"","height":""}],"twitter_card":"summary_large_image","twitter_misc":{"Dur\u00e9e de lecture estim\u00e9e":"5 minutes"},"schema":{"@context":"https:\/\/schema.org","@graph":[{"@type":"WebPage","@id":"https:\/\/www.tecnoma.fr\/fr\/criteres-dune-bonne-pulverisation\/","url":"https:\/\/www.tecnoma.fr\/fr\/criteres-dune-bonne-pulverisation\/","name":"Les crit\u00e8res d'une bonne pulv\u00e9risation - Tecnoma","isPartOf":{"@id":"https:\/\/www.tecnoma.fr\/fr\/#website"},"primaryImageOfPage":{"@id":"https:\/\/www.tecnoma.fr\/fr\/criteres-dune-bonne-pulverisation\/#primaryimage"},"image":{"@id":"https:\/\/www.tecnoma.fr\/fr\/criteres-dune-bonne-pulverisation\/#primaryimage"},"thumbnailUrl":"https:\/\/www.tecnoma.fr\/wp-content\/uploads\/2017\/01\/jet_de_buse_reglable1-180x180.jpg","datePublished":"2017-01-31T10:49:57+00:00","dateModified":"2017-10-02T13:17:26+00:00","breadcrumb":{"@id":"https:\/\/www.tecnoma.fr\/fr\/criteres-dune-bonne-pulverisation\/#breadcrumb"},"inLanguage":"fr-FR","potentialAction":[{"@type":"ReadAction","target":["https:\/\/www.tecnoma.fr\/fr\/criteres-dune-bonne-pulverisation\/"]}]},{"@type":"ImageObject","inLanguage":"fr-FR","@id":"https:\/\/www.tecnoma.fr\/fr\/criteres-dune-bonne-pulverisation\/#primaryimage","url":"https:\/\/www.tecnoma.fr\/wp-content\/uploads\/2017\/01\/jet_de_buse_reglable1-180x180.jpg","contentUrl":"https:\/\/www.tecnoma.fr\/wp-content\/uploads\/2017\/01\/jet_de_buse_reglable1-180x180.jpg"},{"@type":"BreadcrumbList","@id":"https:\/\/www.tecnoma.fr\/fr\/criteres-dune-bonne-pulverisation\/#breadcrumb","itemListElement":[{"@type":"ListItem","position":1,"name":"Accueil","item":"https:\/\/www.tecnoma.fr\/fr\/accueil\/"},{"@type":"ListItem","position":2,"name":"Les crit\u00e8res d&rsquo;une bonne pulv\u00e9risation"}]},{"@type":"WebSite","@id":"https:\/\/www.tecnoma.fr\/fr\/#website","url":"https:\/\/www.tecnoma.fr\/fr\/","name":"Tecnoma","description":"Pulv\u00e9risateur et pompe de jardin","potentialAction":[{"@type":"SearchAction","target":{"@type":"EntryPoint","urlTemplate":"https:\/\/www.tecnoma.fr\/fr\/?s={search_term_string}"},"query-input":{"@type":"PropertyValueSpecification","valueRequired":true,"valueName":"search_term_string"}}],"inLanguage":"fr-FR"}]}},"_links":{"self":[{"href":"https:\/\/www.tecnoma.fr\/fr\/wp-json\/wp\/v2\/pages\/1359","targetHints":{"allow":["GET"]}}],"collection":[{"href":"https:\/\/www.tecnoma.fr\/fr\/wp-json\/wp\/v2\/pages"}],"about":[{"href":"https:\/\/www.tecnoma.fr\/fr\/wp-json\/wp\/v2\/types\/page"}],"author":[{"embeddable":true,"href":"https:\/\/www.tecnoma.fr\/fr\/wp-json\/wp\/v2\/users\/4"}],"replies":[{"embeddable":true,"href":"https:\/\/www.tecnoma.fr\/fr\/wp-json\/wp\/v2\/comments?post=1359"}],"version-history":[{"count":21,"href":"https:\/\/www.tecnoma.fr\/fr\/wp-json\/wp\/v2\/pages\/1359\/revisions"}],"predecessor-version":[{"id":4320,"href":"https:\/\/www.tecnoma.fr\/fr\/wp-json\/wp\/v2\/pages\/1359\/revisions\/4320"}],"wp:attachment":[{"href":"https:\/\/www.tecnoma.fr\/fr\/wp-json\/wp\/v2\/media?parent=1359"}],"curies":[{"name":"wp","href":"https:\/\/api.w.org\/{rel}","templated":true}]}}