{"id":1371,"date":"2017-01-31T12:00:14","date_gmt":"2017-01-31T11:00:14","guid":{"rendered":"https:\/\/www.tecnoma.fr\/?page_id=1371"},"modified":"2017-09-27T10:50:44","modified_gmt":"2017-09-27T09:50:44","slug":"critere-de-choix-dune-pompe-de-puits","status":"publish","type":"page","link":"https:\/\/www.tecnoma.fr\/fr\/critere-de-choix-dune-pompe-de-puits\/","title":{"rendered":"Crit\u00e8re de choix d&rsquo;une pompe de puits"},"content":{"rendered":"\n<style type=\"text\/css\" data-created_by=\"avia_inline_auto\" id=\"style-css-av-av_section-038c7315c0e18b888c4851ca547be80a\">\n.avia-section.av-av_section-038c7315c0e18b888c4851ca547be80a .av-parallax .av-parallax-inner{\nbackground-repeat:no-repeat;\nbackground-image:url(https:\/\/www.tecnoma.fr\/wp-content\/uploads\/2017\/01\/garden.jpg);\nbackground-position:0% 100%;\nbackground-attachment:scroll;\n}\n.avia-section.av-av_section-038c7315c0e18b888c4851ca547be80a .av-section-color-overlay{\nopacity:0.2;\nbackground-color:#b9ca00;\n}\n<\/style>\n<div id='av_section_1'  class='avia-section av-av_section-038c7315c0e18b888c4851ca547be80a main_color avia-section-huge avia-no-border-styling  avia-builder-el-0  el_before_av_three_fourth  avia-builder-el-first  avia-full-stretch av-parallax-section avia-bg-style-parallax av-section-color-overlay-active  av-minimum-height av-minimum-height-25  container_wrap fullsize'  data-section-bg-repeat='stretch' data-av_minimum_height_pc='25'><div class='av-parallax' data-avia-parallax-ratio='0.3' ><div class='av-parallax-inner main_color avia-full-stretch'><\/div><\/div><div class='av-section-color-overlay-wrap'><div class=\"av-section-color-overlay\"><\/div><a href='#next-section' title='' class='scroll-down-link ' aria-hidden='true' data-av_icon='\ue877' data-av_iconfont='entypo-fontello'><\/a><div class='container av-section-cont-open' ><main  role=\"main\" itemprop=\"mainContentOfPage\"  class='template-page content  av-content-full alpha units'><div class='post-entry post-entry-type-page post-entry-1371'><div class='entry-content-wrapper clearfix'>\n \n<style type=\"text\/css\" data-created_by=\"avia_inline_auto\" id=\"style-css-av-av_heading-e31154756b2ae27a444f032f81b59a90\">\n#top .av-special-heading.av-av_heading-e31154756b2ae27a444f032f81b59a90{\npadding-bottom:10px;\ncolor:#ffffff;\n}\n.av-special-heading.av-av_heading-e31154756b2ae27a444f032f81b59a90 .special-heading-inner-border{\nborder-color:#ffffff;\n}\n<\/style>\n<div  class='av-special-heading av-av_heading-e31154756b2ae27a444f032f81b59a90 av-special-heading-h1 custom-color-heading blockquote modern-quote modern-centered  avia-builder-el-1  avia-builder-el-no-sibling  '><h1 class='av-special-heading-tag '  itemprop=\"headline\"  >Crit\u00e8re de choix d\u2019une pompe de puits<\/h1><div class='special-heading-border'><div class='special-heading-inner-border'><\/div><\/div><\/div>\n <\/div><\/div><\/main><!-- close content main element --><\/div><\/div><\/div><div id='after_section_1'  class='main_color av_default_container_wrap container_wrap fullsize'  ><div class='container av-section-cont-open' ><div class='template-page content  av-content-full alpha units'><div class='post-entry post-entry-type-page post-entry-1371'><div class='entry-content-wrapper clearfix'>\n\n<style type=\"text\/css\" data-created_by=\"avia_inline_auto\" id=\"style-css-av-av_three_fourth-6126cab7d8fab8d08143dd2dacdf673c\">\n.flex_column.av-av_three_fourth-6126cab7d8fab8d08143dd2dacdf673c{\nborder-radius:0px 0px 0px 0px;\n-webkit-border-radius:0px 0px 0px 0px;\n-moz-border-radius:0px 0px 0px 0px;\n}\n<\/style>\n<div class='flex_column av-av_three_fourth-6126cab7d8fab8d08143dd2dacdf673c av_three_fourth  avia-builder-el-2  el_after_av_section  el_before_av_one_fourth  avia-builder-el-first  first flex_column_div av-zero-column-padding '   ><p>\n<style type=\"text\/css\" data-created_by=\"avia_inline_auto\" id=\"style-css-av-av_heading-771327c78310452e311c260cc585cd44\">\n#top .av-special-heading.av-av_heading-771327c78310452e311c260cc585cd44{\npadding-bottom:10px;\n}\n<\/style>\n<div  class='av-special-heading av-av_heading-771327c78310452e311c260cc585cd44 av-special-heading-h2 blockquote modern-quote  avia-builder-el-3  el_before_av_textblock  avia-builder-el-first  '><h2 class='av-special-heading-tag '  itemprop=\"headline\"  >Bien choisir sa pompe de puits<\/h2><div class='special-heading-border'><div class='special-heading-inner-border'><\/div><\/div><\/div><br \/>\n<section class=\"av_textblock_section \"  itemscope=\"itemscope\" itemtype=\"https:\/\/schema.org\/CreativeWork\" ><div class='avia_textblock  '   itemprop=\"text\" ><p style=\"text-align: justify\">Le choix de la pompe de puits la plus adapt\u00e9e aux besoins sp\u00e9cifiques du consommateur se calcule <strong>de la m\u00eame fa\u00e7on que pour les pompes de surface. <\/strong>La seule diff\u00e9rence est que<strong> la hauteur d&rsquo;aspiration est nulle <\/strong>(la pompe est dans l&rsquo;eau).<\/p>\n<\/div><\/section><br \/>\n<section class=\"av_textblock_section \"  itemscope=\"itemscope\" itemtype=\"https:\/\/schema.org\/CreativeWork\" ><div class='avia_textblock  '   itemprop=\"text\" ><p> Le choix de la pompe la mieux adapt\u00e9e aux besoins sp\u00e9cifiques du client se fait \u00e0 partir des donn\u00e9es suivantes\u00a0:<\/p>\n<ul>\n<li>la profondeur \u00e0 laquelle se situe l&rsquo;eau \u00e0 pomper ou profondeur d&rsquo;aspiration (ici = 0)<\/li>\n<li>le d\u00e9nivel\u00e9 entre la pompe et le point de sortie de l&rsquo;eau<\/li>\n<li>le nombre d&rsquo;arroseurs \u00e0 alimenter simultan\u00e9ment<\/li>\n<li>la longueur et le diam\u00e8tre des tuyaux d&rsquo;arrosage<\/li>\n<\/ul>\n<\/div><\/section><\/p><\/div>\n<style type=\"text\/css\" data-created_by=\"avia_inline_auto\" id=\"style-css-av-av_one_fourth-0aa7055fe62c3622faec82866afbaeb2\">\n.flex_column.av-av_one_fourth-0aa7055fe62c3622faec82866afbaeb2{\nborder-radius:0px 0px 0px 0px;\n-webkit-border-radius:0px 0px 0px 0px;\n-moz-border-radius:0px 0px 0px 0px;\n}\n<\/style>\n<div class='flex_column av-av_one_fourth-0aa7055fe62c3622faec82866afbaeb2 av_one_fourth  avia-builder-el-6  el_after_av_three_fourth  el_before_av_one_full  flex_column_div av-zero-column-padding '   ><div   data-size='portfolio'  data-lightbox_size='large'  data-animation='slide'  data-conditional_play=''  data-ids='3448'  data-video_counter='0'  data-autoplay='false'  data-bg_slider='false'  data-slide_height=''  data-handle='av_slideshow'  data-interval='3'  data-class=' avia-builder-el-7  avia-builder-el-no-sibling   avia-small-width-slider'  data-el_id=''  data-css_id=''  data-scroll_down=''  data-control_layout='av-control-default'  data-custom_markup=''  data-perma_caption=''  data-autoplay_stopper=''  data-image_attachment=''  data-min_height='0px'  data-lazy_loading='disabled'  data-default-height='80.808080808081'  class='avia-slideshow avia-slideshow-1  av-control-default av-default-height-applied avia-slideshow-portfolio av_slideshow  avia-builder-el-7  avia-builder-el-no-sibling   avia-small-width-slider avia-slide-slider '  itemprop=\"image\" itemscope=\"itemscope\" itemtype=\"https:\/\/schema.org\/ImageObject\" ><ul class='avia-slideshow-inner ' style='padding-bottom: 101.12994350282%;' ><li  class=' av-single-slide slide-1 ' ><div data-rel='slideshow-1' class='avia-slide-wrap '   ><img class=\"wp-image-3448 avia-img-lazy-loading-not-3448\"  src='https:\/\/www.tecnoma.fr\/wp-content\/uploads\/2017\/01\/visuel_pompe_puits_situation.jpg' width='177' height='179' title='visuel_pompe_puits_situation' alt='Pompe puits'  itemprop=\"thumbnailUrl\"   \/><\/div><\/li><\/ul><\/div><\/div><\/p>\n\n<style type=\"text\/css\" data-created_by=\"avia_inline_auto\" id=\"style-css-av-av_one_full-6126cab7d8fab8d08143dd2dacdf673c\">\n.flex_column.av-av_one_full-6126cab7d8fab8d08143dd2dacdf673c{\nborder-radius:0px 0px 0px 0px;\n-webkit-border-radius:0px 0px 0px 0px;\n-moz-border-radius:0px 0px 0px 0px;\n}\n<\/style>\n<div class='flex_column av-av_one_full-6126cab7d8fab8d08143dd2dacdf673c av_one_full  avia-builder-el-8  el_after_av_one_fourth  el_before_av_section  avia-builder-el-last  first flex_column_div av-zero-column-padding column-top-margin'   ><p>\n<style type=\"text\/css\" data-created_by=\"avia_inline_auto\" id=\"style-css-av-av_heading-7724e52a0a2e1f92769fed990069098e\">\n#top .av-special-heading.av-av_heading-7724e52a0a2e1f92769fed990069098e{\npadding-bottom:10px;\n}\n<\/style>\n<div  class='av-special-heading av-av_heading-7724e52a0a2e1f92769fed990069098e av-special-heading-h2 blockquote modern-quote  avia-builder-el-9  el_before_av_textblock  avia-builder-el-first  '><h2 class='av-special-heading-tag '  itemprop=\"headline\"  >Bien choisir entre une pompe d\u2019arrosage et une pompe de puits <\/h2><div class='special-heading-border'><div class='special-heading-inner-border'><\/div><\/div><\/div><br \/>\n<section class=\"av_textblock_section \"  itemscope=\"itemscope\" itemtype=\"https:\/\/schema.org\/CreativeWork\" ><div class='avia_textblock  '   itemprop=\"text\" ><p style=\"text-align: justify\"><img loading=\"lazy\" decoding=\"async\" class=\"alignleft size-full wp-image-3446\" src=\"https:\/\/www.tecnoma.fr\/wp-content\/uploads\/2017\/01\/visuel_pompe_arrosage.jpg\" alt=\"\" width=\"113\" height=\"113\" srcset=\"https:\/\/www.tecnoma.fr\/wp-content\/uploads\/2017\/01\/visuel_pompe_arrosage.jpg 113w, https:\/\/www.tecnoma.fr\/wp-content\/uploads\/2017\/01\/visuel_pompe_arrosage-80x80.jpg 80w, https:\/\/www.tecnoma.fr\/wp-content\/uploads\/2017\/01\/visuel_pompe_arrosage-36x36.jpg 36w\" sizes=\"auto, (max-width: 113px) 100vw, 113px\" \/><img loading=\"lazy\" decoding=\"async\" class=\"alignleft size-full wp-image-3444\" src=\"https:\/\/www.tecnoma.fr\/wp-content\/uploads\/2017\/01\/pompe_de_puits_visu.jpg\" alt=\"\" width=\"30\" height=\"79\" \/>La hauteur d&rsquo;aspiration maximale est, en th\u00e9orie, de 10,33 m mais afin de garantir une efficacit\u00e9 maximum de votre pompe, Tecnoma recommande l&rsquo;utilisation de pompes de surface lorsque la hauteur entre l&rsquo;eau et la pompe n&rsquo;exc\u00e8de pas 7 \u00e0 9 m\u00e8tres, selon les mod\u00e8les.<\/p>\n<p style=\"text-align: justify\">Au-del\u00e0 de cette profondeur, utilisez une pompe de puits.<\/p>\n<\/div><\/section><\/p><\/div><\/div><\/div><\/div><!-- close content main div --><\/div><\/div>\n<style type=\"text\/css\" data-created_by=\"avia_inline_auto\" id=\"style-css-av-av_section-985c0832d82883775bfe323305d1b723\">\n.avia-section.av-av_section-985c0832d82883775bfe323305d1b723 .av-parallax .av-parallax-inner{\nbackground-repeat:no-repeat;\nbackground-image:url(https:\/\/www.tecnoma.fr\/wp-content\/uploads\/2016\/12\/histoire-3.jpg);\nbackground-position:50% 50%;\nbackground-attachment:scroll;\n}\n.avia-section.av-av_section-985c0832d82883775bfe323305d1b723 .av-section-color-overlay{\nopacity:0.4;\nbackground-color:#619714;\n}\n<\/style>\n<div id='sign-up'  class='avia-section av-av_section-985c0832d82883775bfe323305d1b723 main_color avia-section-default avia-no-shadow  avia-builder-el-11  el_after_av_one_full  avia-builder-el-last  avia-full-stretch av-parallax-section avia-bg-style-parallax av-section-color-overlay-active  container_wrap fullsize'  data-section-bg-repeat='stretch'><div class='av-parallax' data-avia-parallax-ratio='0.3' ><div class='av-parallax-inner main_color avia-full-stretch'><\/div><\/div><div class='av-section-color-overlay-wrap'><div class=\"av-section-color-overlay\"><\/div><div class='container av-section-cont-open' ><div class='template-page content  av-content-full alpha units'><div class='post-entry post-entry-type-page post-entry-1371'><div class='entry-content-wrapper clearfix'>\n \n<style type=\"text\/css\" data-created_by=\"avia_inline_auto\" id=\"style-css-av-av_heading-9856b665f335d2ac83a153f92e847458\">\n#top .av-special-heading.av-av_heading-9856b665f335d2ac83a153f92e847458{\npadding-bottom:10px;\ncolor:#ffffff;\nfont-size:30px;\n}\n.av-special-heading.av-av_heading-9856b665f335d2ac83a153f92e847458 .special-heading-inner-border{\nborder-color:#ffffff;\n}\n<\/style>\n<div  class='av-special-heading av-av_heading-9856b665f335d2ac83a153f92e847458 av-special-heading-h3 custom-color-heading blockquote modern-quote modern-centered  avia-builder-el-12  avia-builder-el-no-sibling  av-inherit-size '><h3 class='av-special-heading-tag '  itemprop=\"headline\"  >Le jardin c\u00f4t\u00e9 plaisir<\/h3><div class='special-heading-border'><div class='special-heading-inner-border'><\/div><\/div><\/div>\n <\/p>\n","protected":false},"excerpt":{"rendered":"","protected":false},"author":4,"featured_media":0,"parent":0,"menu_order":0,"comment_status":"closed","ping_status":"closed","template":"","meta":{"_acf_changed":false,"footnotes":""},"class_list":["post-1371","page","type-page","status-publish","hentry"],"acf":[],"yoast_head":"<!-- This site is optimized with the Yoast SEO plugin v27.5 - https:\/\/yoast.com\/product\/yoast-seo-wordpress\/ -->\n<title>Crit\u00e8re de choix d&#039;une pompe de puits - Tecnoma<\/title>\n<meta name=\"robots\" content=\"index, follow, max-snippet:-1, max-image-preview:large, max-video-preview:-1\" \/>\n<link rel=\"canonical\" href=\"https:\/\/www.tecnoma.fr\/fr\/critere-de-choix-dune-pompe-de-puits\/\" \/>\n<meta property=\"og:locale\" content=\"fr_FR\" \/>\n<meta property=\"og:type\" content=\"article\" \/>\n<meta property=\"og:title\" content=\"Crit\u00e8re de choix d&#039;une pompe de puits - Tecnoma\" \/>\n<meta property=\"og:url\" content=\"https:\/\/www.tecnoma.fr\/fr\/critere-de-choix-dune-pompe-de-puits\/\" \/>\n<meta property=\"og:site_name\" content=\"Tecnoma\" \/>\n<meta property=\"article:modified_time\" content=\"2017-09-27T09:50:44+00:00\" \/>\n<meta property=\"og:image\" content=\"https:\/\/www.tecnoma.fr\/wp-content\/uploads\/2017\/01\/visuel_pompe_arrosage.jpg\" \/>\n<meta name=\"twitter:card\" content=\"summary_large_image\" \/>\n<meta name=\"twitter:label1\" content=\"Dur\u00e9e de lecture estim\u00e9e\" \/>\n\t<meta name=\"twitter:data1\" content=\"4 minutes\" \/>\n<script type=\"application\/ld+json\" class=\"yoast-schema-graph\">{\"@context\":\"https:\\\/\\\/schema.org\",\"@graph\":[{\"@type\":\"WebPage\",\"@id\":\"https:\\\/\\\/www.tecnoma.fr\\\/fr\\\/critere-de-choix-dune-pompe-de-puits\\\/\",\"url\":\"https:\\\/\\\/www.tecnoma.fr\\\/fr\\\/critere-de-choix-dune-pompe-de-puits\\\/\",\"name\":\"Crit\u00e8re de choix d'une pompe de puits - Tecnoma\",\"isPartOf\":{\"@id\":\"https:\\\/\\\/www.tecnoma.fr\\\/fr\\\/#website\"},\"primaryImageOfPage\":{\"@id\":\"https:\\\/\\\/www.tecnoma.fr\\\/fr\\\/critere-de-choix-dune-pompe-de-puits\\\/#primaryimage\"},\"image\":{\"@id\":\"https:\\\/\\\/www.tecnoma.fr\\\/fr\\\/critere-de-choix-dune-pompe-de-puits\\\/#primaryimage\"},\"thumbnailUrl\":\"https:\\\/\\\/www.tecnoma.fr\\\/wp-content\\\/uploads\\\/2017\\\/01\\\/visuel_pompe_arrosage.jpg\",\"datePublished\":\"2017-01-31T11:00:14+00:00\",\"dateModified\":\"2017-09-27T09:50:44+00:00\",\"breadcrumb\":{\"@id\":\"https:\\\/\\\/www.tecnoma.fr\\\/fr\\\/critere-de-choix-dune-pompe-de-puits\\\/#breadcrumb\"},\"inLanguage\":\"fr-FR\",\"potentialAction\":[{\"@type\":\"ReadAction\",\"target\":[\"https:\\\/\\\/www.tecnoma.fr\\\/fr\\\/critere-de-choix-dune-pompe-de-puits\\\/\"]}]},{\"@type\":\"ImageObject\",\"inLanguage\":\"fr-FR\",\"@id\":\"https:\\\/\\\/www.tecnoma.fr\\\/fr\\\/critere-de-choix-dune-pompe-de-puits\\\/#primaryimage\",\"url\":\"https:\\\/\\\/www.tecnoma.fr\\\/wp-content\\\/uploads\\\/2017\\\/01\\\/visuel_pompe_arrosage.jpg\",\"contentUrl\":\"https:\\\/\\\/www.tecnoma.fr\\\/wp-content\\\/uploads\\\/2017\\\/01\\\/visuel_pompe_arrosage.jpg\"},{\"@type\":\"BreadcrumbList\",\"@id\":\"https:\\\/\\\/www.tecnoma.fr\\\/fr\\\/critere-de-choix-dune-pompe-de-puits\\\/#breadcrumb\",\"itemListElement\":[{\"@type\":\"ListItem\",\"position\":1,\"name\":\"Accueil\",\"item\":\"https:\\\/\\\/www.tecnoma.fr\\\/fr\\\/accueil\\\/\"},{\"@type\":\"ListItem\",\"position\":2,\"name\":\"Crit\u00e8re de choix d&rsquo;une pompe de puits\"}]},{\"@type\":\"WebSite\",\"@id\":\"https:\\\/\\\/www.tecnoma.fr\\\/fr\\\/#website\",\"url\":\"https:\\\/\\\/www.tecnoma.fr\\\/fr\\\/\",\"name\":\"Tecnoma\",\"description\":\"Pulv\u00e9risateur et pompe de jardin\",\"potentialAction\":[{\"@type\":\"SearchAction\",\"target\":{\"@type\":\"EntryPoint\",\"urlTemplate\":\"https:\\\/\\\/www.tecnoma.fr\\\/fr\\\/?s={search_term_string}\"},\"query-input\":{\"@type\":\"PropertyValueSpecification\",\"valueRequired\":true,\"valueName\":\"search_term_string\"}}],\"inLanguage\":\"fr-FR\"}]}<\/script>\n<!-- \/ Yoast SEO plugin. -->","yoast_head_json":{"title":"Crit\u00e8re de choix d'une pompe de puits - Tecnoma","robots":{"index":"index","follow":"follow","max-snippet":"max-snippet:-1","max-image-preview":"max-image-preview:large","max-video-preview":"max-video-preview:-1"},"canonical":"https:\/\/www.tecnoma.fr\/fr\/critere-de-choix-dune-pompe-de-puits\/","og_locale":"fr_FR","og_type":"article","og_title":"Crit\u00e8re de choix d'une pompe de puits - Tecnoma","og_url":"https:\/\/www.tecnoma.fr\/fr\/critere-de-choix-dune-pompe-de-puits\/","og_site_name":"Tecnoma","article_modified_time":"2017-09-27T09:50:44+00:00","og_image":[{"url":"https:\/\/www.tecnoma.fr\/wp-content\/uploads\/2017\/01\/visuel_pompe_arrosage.jpg","type":"","width":"","height":""}],"twitter_card":"summary_large_image","twitter_misc":{"Dur\u00e9e de lecture estim\u00e9e":"4 minutes"},"schema":{"@context":"https:\/\/schema.org","@graph":[{"@type":"WebPage","@id":"https:\/\/www.tecnoma.fr\/fr\/critere-de-choix-dune-pompe-de-puits\/","url":"https:\/\/www.tecnoma.fr\/fr\/critere-de-choix-dune-pompe-de-puits\/","name":"Crit\u00e8re de choix d'une pompe de puits - Tecnoma","isPartOf":{"@id":"https:\/\/www.tecnoma.fr\/fr\/#website"},"primaryImageOfPage":{"@id":"https:\/\/www.tecnoma.fr\/fr\/critere-de-choix-dune-pompe-de-puits\/#primaryimage"},"image":{"@id":"https:\/\/www.tecnoma.fr\/fr\/critere-de-choix-dune-pompe-de-puits\/#primaryimage"},"thumbnailUrl":"https:\/\/www.tecnoma.fr\/wp-content\/uploads\/2017\/01\/visuel_pompe_arrosage.jpg","datePublished":"2017-01-31T11:00:14+00:00","dateModified":"2017-09-27T09:50:44+00:00","breadcrumb":{"@id":"https:\/\/www.tecnoma.fr\/fr\/critere-de-choix-dune-pompe-de-puits\/#breadcrumb"},"inLanguage":"fr-FR","potentialAction":[{"@type":"ReadAction","target":["https:\/\/www.tecnoma.fr\/fr\/critere-de-choix-dune-pompe-de-puits\/"]}]},{"@type":"ImageObject","inLanguage":"fr-FR","@id":"https:\/\/www.tecnoma.fr\/fr\/critere-de-choix-dune-pompe-de-puits\/#primaryimage","url":"https:\/\/www.tecnoma.fr\/wp-content\/uploads\/2017\/01\/visuel_pompe_arrosage.jpg","contentUrl":"https:\/\/www.tecnoma.fr\/wp-content\/uploads\/2017\/01\/visuel_pompe_arrosage.jpg"},{"@type":"BreadcrumbList","@id":"https:\/\/www.tecnoma.fr\/fr\/critere-de-choix-dune-pompe-de-puits\/#breadcrumb","itemListElement":[{"@type":"ListItem","position":1,"name":"Accueil","item":"https:\/\/www.tecnoma.fr\/fr\/accueil\/"},{"@type":"ListItem","position":2,"name":"Crit\u00e8re de choix d&rsquo;une pompe de puits"}]},{"@type":"WebSite","@id":"https:\/\/www.tecnoma.fr\/fr\/#website","url":"https:\/\/www.tecnoma.fr\/fr\/","name":"Tecnoma","description":"Pulv\u00e9risateur et pompe de jardin","potentialAction":[{"@type":"SearchAction","target":{"@type":"EntryPoint","urlTemplate":"https:\/\/www.tecnoma.fr\/fr\/?s={search_term_string}"},"query-input":{"@type":"PropertyValueSpecification","valueRequired":true,"valueName":"search_term_string"}}],"inLanguage":"fr-FR"}]}},"_links":{"self":[{"href":"https:\/\/www.tecnoma.fr\/fr\/wp-json\/wp\/v2\/pages\/1371","targetHints":{"allow":["GET"]}}],"collection":[{"href":"https:\/\/www.tecnoma.fr\/fr\/wp-json\/wp\/v2\/pages"}],"about":[{"href":"https:\/\/www.tecnoma.fr\/fr\/wp-json\/wp\/v2\/types\/page"}],"author":[{"embeddable":true,"href":"https:\/\/www.tecnoma.fr\/fr\/wp-json\/wp\/v2\/users\/4"}],"replies":[{"embeddable":true,"href":"https:\/\/www.tecnoma.fr\/fr\/wp-json\/wp\/v2\/comments?post=1371"}],"version-history":[{"count":13,"href":"https:\/\/www.tecnoma.fr\/fr\/wp-json\/wp\/v2\/pages\/1371\/revisions"}],"predecessor-version":[{"id":1373,"href":"https:\/\/www.tecnoma.fr\/fr\/wp-json\/wp\/v2\/pages\/1371\/revisions\/1373"}],"wp:attachment":[{"href":"https:\/\/www.tecnoma.fr\/fr\/wp-json\/wp\/v2\/media?parent=1371"}],"curies":[{"name":"wp","href":"https:\/\/api.w.org\/{rel}","templated":true}]}}