{"id":1374,"date":"2017-01-31T12:01:11","date_gmt":"2017-01-31T11:01:11","guid":{"rendered":"https:\/\/www.tecnoma.fr\/?page_id=1374"},"modified":"2017-09-27T10:52:17","modified_gmt":"2017-09-27T09:52:17","slug":"critere-de-choix-dune-pompe-devacuation","status":"publish","type":"page","link":"https:\/\/www.tecnoma.fr\/fr\/critere-de-choix-dune-pompe-devacuation\/","title":{"rendered":"Crit\u00e8re de choix d&rsquo;une pompe d&rsquo;\u00e9vacuation"},"content":{"rendered":"\n<style type=\"text\/css\" data-created_by=\"avia_inline_auto\" id=\"style-css-av-av_section-038c7315c0e18b888c4851ca547be80a\">\n.avia-section.av-av_section-038c7315c0e18b888c4851ca547be80a .av-parallax .av-parallax-inner{\nbackground-repeat:no-repeat;\nbackground-image:url(https:\/\/www.tecnoma.fr\/wp-content\/uploads\/2017\/01\/garden.jpg);\nbackground-position:0% 100%;\nbackground-attachment:scroll;\n}\n.avia-section.av-av_section-038c7315c0e18b888c4851ca547be80a .av-section-color-overlay{\nopacity:0.2;\nbackground-color:#b9ca00;\n}\n<\/style>\n<div id='av_section_1'  class='avia-section av-av_section-038c7315c0e18b888c4851ca547be80a main_color avia-section-huge avia-no-border-styling  avia-builder-el-0  el_before_av_one_full  avia-builder-el-first  avia-full-stretch av-parallax-section avia-bg-style-parallax av-section-color-overlay-active  av-minimum-height av-minimum-height-25  container_wrap fullsize'  data-section-bg-repeat='stretch' data-av_minimum_height_pc='25'><div class='av-parallax' data-avia-parallax-ratio='0.3' ><div class='av-parallax-inner main_color avia-full-stretch'><\/div><\/div><div class='av-section-color-overlay-wrap'><div class=\"av-section-color-overlay\"><\/div><a href='#next-section' title='' class='scroll-down-link ' aria-hidden='true' data-av_icon='\ue877' data-av_iconfont='entypo-fontello'><\/a><div class='container av-section-cont-open' ><main  role=\"main\" itemprop=\"mainContentOfPage\"  class='template-page content  av-content-full alpha units'><div class='post-entry post-entry-type-page post-entry-1374'><div class='entry-content-wrapper clearfix'>\n \n<style type=\"text\/css\" data-created_by=\"avia_inline_auto\" id=\"style-css-av-av_heading-b4d8bb7dfa0e62a551ae8f1cd158705a\">\n#top .av-special-heading.av-av_heading-b4d8bb7dfa0e62a551ae8f1cd158705a{\npadding-bottom:10px;\ncolor:#ffffff;\n}\n.av-special-heading.av-av_heading-b4d8bb7dfa0e62a551ae8f1cd158705a .special-heading-inner-border{\nborder-color:#ffffff;\n}\n<\/style>\n<div  class='av-special-heading av-av_heading-b4d8bb7dfa0e62a551ae8f1cd158705a av-special-heading-h1 custom-color-heading blockquote modern-quote modern-centered  avia-builder-el-1  avia-builder-el-no-sibling  '><h1 class='av-special-heading-tag '  itemprop=\"headline\"  >Crit\u00e8re de choix d\u2018une pompe d\u2019\u00e9vacuation<\/h1><div class='special-heading-border'><div class='special-heading-inner-border'><\/div><\/div><\/div>\n <\/div><\/div><\/main><!-- close content main element --><\/div><\/div><\/div><div id='after_section_1'  class='main_color av_default_container_wrap container_wrap fullsize'  ><div class='container av-section-cont-open' ><div class='template-page content  av-content-full alpha units'><div class='post-entry post-entry-type-page post-entry-1374'><div class='entry-content-wrapper clearfix'>\n\n<style type=\"text\/css\" data-created_by=\"avia_inline_auto\" id=\"style-css-av-av_one_full-6126cab7d8fab8d08143dd2dacdf673c\">\n.flex_column.av-av_one_full-6126cab7d8fab8d08143dd2dacdf673c{\nborder-radius:0px 0px 0px 0px;\n-webkit-border-radius:0px 0px 0px 0px;\n-moz-border-radius:0px 0px 0px 0px;\n}\n<\/style>\n<div class='flex_column av-av_one_full-6126cab7d8fab8d08143dd2dacdf673c av_one_full  avia-builder-el-2  el_after_av_section  el_before_av_heading  avia-builder-el-first  first flex_column_div av-zero-column-padding '   ><p> \n<style type=\"text\/css\" data-created_by=\"avia_inline_auto\" id=\"style-css-av-av_heading-c9a2a7f81a993a6b46a38962965d7a62\">\n#top .av-special-heading.av-av_heading-c9a2a7f81a993a6b46a38962965d7a62{\npadding-bottom:10px;\n}\n<\/style>\n<div  class='av-special-heading av-av_heading-c9a2a7f81a993a6b46a38962965d7a62 av-special-heading-h2 blockquote modern-quote  avia-builder-el-3  el_before_av_textblock  avia-builder-el-first  '><h2 class='av-special-heading-tag '  itemprop=\"headline\"  >BIEN CHOISIR SA POMPE D\u2019EVACUATION<\/h2><div class='special-heading-border'><div class='special-heading-inner-border'><\/div><\/div><\/div><br \/>\n<section class=\"av_textblock_section \"  itemscope=\"itemscope\" itemtype=\"https:\/\/schema.org\/CreativeWork\" ><div class='avia_textblock  '   itemprop=\"text\" ><p align=\"left\"><img loading=\"lazy\" decoding=\"async\" class=\"size-square wp-image-3454 alignright\" src=\"https:\/\/www.tecnoma.fr\/wp-content\/uploads\/2017\/01\/12654_4-180x180.jpg\" alt=\"\" width=\"180\" height=\"180\" srcset=\"https:\/\/www.tecnoma.fr\/wp-content\/uploads\/2017\/01\/12654_4-180x180.jpg 180w, https:\/\/www.tecnoma.fr\/wp-content\/uploads\/2017\/01\/12654_4-80x80.jpg 80w, https:\/\/www.tecnoma.fr\/wp-content\/uploads\/2017\/01\/12654_4-36x36.jpg 36w, https:\/\/www.tecnoma.fr\/wp-content\/uploads\/2017\/01\/12654_4-120x120.jpg 120w, https:\/\/www.tecnoma.fr\/wp-content\/uploads\/2017\/01\/12654_4-450x450.jpg 450w\" sizes=\"auto, (max-width: 180px) 100vw, 180px\" \/>Les caract\u00e9ristiques importantes pour une pompe de relevage sont :<\/p>\n<ul>\n<li>la puissance (Watt)<\/li>\n<li>le d\u00e9bit (m\u00b3\/h ou l\/1&prime;)<\/li>\n<li>la hauteur de relevage (m)<\/li>\n<li>la taille des particules aspir\u00e9es en cas d&rsquo;eaux sales<\/li>\n<\/ul>\n<p><strong>\u00a0<\/strong><\/p>\n<\/div><\/section><\/p><\/div>\n\n<style type=\"text\/css\" data-created_by=\"avia_inline_auto\" id=\"style-css-av-av_heading-63d8f6c08c1ef78107071726d666a73a\">\n#top .av-special-heading.av-av_heading-63d8f6c08c1ef78107071726d666a73a{\npadding-bottom:10px;\n}\n<\/style>\n<div  class='av-special-heading av-av_heading-63d8f6c08c1ef78107071726d666a73a av-special-heading-h2 blockquote modern-quote  avia-builder-el-5  el_after_av_one_full  el_before_av_one_full  '><h2 class='av-special-heading-tag '  itemprop=\"headline\"  >Bien d\u00e9finir s\u2018il s\u2019agit d\u2019une \u00e9vacuation pour eau claire ou eau charg\u00e9e <\/h2><div class='special-heading-border'><div class='special-heading-inner-border'><\/div><\/div><\/div>\n\n<style type=\"text\/css\" data-created_by=\"avia_inline_auto\" id=\"style-css-av-av_one_full-6126cab7d8fab8d08143dd2dacdf673c\">\n.flex_column.av-av_one_full-6126cab7d8fab8d08143dd2dacdf673c{\nborder-radius:0px 0px 0px 0px;\n-webkit-border-radius:0px 0px 0px 0px;\n-moz-border-radius:0px 0px 0px 0px;\n}\n<\/style>\n<div class='flex_column av-av_one_full-6126cab7d8fab8d08143dd2dacdf673c av_one_full  avia-builder-el-6  el_after_av_heading  el_before_av_section  avia-builder-el-last  first flex_column_div av-zero-column-padding '   ><section class=\"av_textblock_section \"  itemscope=\"itemscope\" itemtype=\"https:\/\/schema.org\/CreativeWork\" ><div class='avia_textblock  '   itemprop=\"text\" ><p> <img loading=\"lazy\" decoding=\"async\" class=\"alignright wp-image-3456 size-medium\" src=\"https:\/\/www.tecnoma.fr\/wp-content\/uploads\/2017\/01\/flowmax_situation6-225x300.jpg\" width=\"225\" height=\"300\" \/><\/p>\n<ul>\n<li><strong>Eau claire = eau sans particules<\/strong><\/li>\n<li style=\"text-align: justify\"><strong>Eau charg\u00e9e = eau contenant des particules (max 2 \u00e0 3 cm de diam\u00e8tre).<\/strong><br \/>\n La taille des particules aspir\u00e9es varie d&rsquo;un mod\u00e8le \u00e0 un autre. La plupart des mod\u00e8les acceptent des particules de 2 \u00e0 3 cm. En effet, pour l&rsquo;\u00e9vacuation ou le relevage d&rsquo;eaux charg\u00e9es de grosses particules, il est recommand\u00e9 de s&rsquo;\u00e9quiper en <strong>tuyaux de gros diam\u00e8tre (25 mm).<br \/>\n <\/strong>Ce facteur d\u00e9termine \u00e9galement le choix des tuyaux d&rsquo;\u00e9vacuation.<\/li>\n<\/ul>\n<p style=\"text-align: justify\">L&rsquo;avantage de la <a href=\"https:\/\/www.tecnoma.fr\/fr\/produits\/pompes\/flowmax-13-000-l-multi\/\"><strong>Flowmax Multi<\/strong> <\/a>est qu&rsquo;elle est pr\u00e9vue pour les eaux claires et les eaux charg\u00e9es. C&rsquo;est la seule pompe du march\u00e9 <strong>pr\u00eat-\u00e0-l&#8217;emploi 3 en 1. <\/strong><\/p>\n<\/div><\/section><\/div><\/div><\/div><\/div><!-- close content main div --><\/div><\/div>\n<style type=\"text\/css\" data-created_by=\"avia_inline_auto\" id=\"style-css-av-av_section-48486e9508f6db3246e6af144373df25\">\n.avia-section.av-av_section-48486e9508f6db3246e6af144373df25 .av-parallax .av-parallax-inner{\nbackground-repeat:no-repeat;\nbackground-image:url(https:\/\/www.tecnoma.fr\/wp-content\/uploads\/2015\/03\/grass-1030x610.jpg);\nbackground-position:50% 0%;\nbackground-attachment:scroll;\n}\n.avia-section.av-av_section-48486e9508f6db3246e6af144373df25 .av-section-color-overlay{\nopacity:0.4;\nbackground-color:#619714;\n}\n<\/style>\n<div id='sign-up'  class='avia-section av-av_section-48486e9508f6db3246e6af144373df25 main_color avia-section-default avia-no-shadow  avia-builder-el-8  el_after_av_one_full  avia-builder-el-last  avia-full-stretch av-parallax-section avia-bg-style-parallax av-section-color-overlay-active  container_wrap fullsize'  data-section-bg-repeat='stretch'><div class='av-parallax' data-avia-parallax-ratio='0.3' ><div class='av-parallax-inner main_color avia-full-stretch'><\/div><\/div><div class='av-section-color-overlay-wrap'><div class=\"av-section-color-overlay\"><\/div><div class='container av-section-cont-open' ><div class='template-page content  av-content-full alpha units'><div class='post-entry post-entry-type-page post-entry-1374'><div class='entry-content-wrapper clearfix'>\n \n<style type=\"text\/css\" data-created_by=\"avia_inline_auto\" id=\"style-css-av-av_heading-f8d7cd0d736798c7c2d3ee759b83afdb\">\n#top .av-special-heading.av-av_heading-f8d7cd0d736798c7c2d3ee759b83afdb{\npadding-bottom:10px;\ncolor:#ffffff;\nfont-size:30px;\n}\n.av-special-heading.av-av_heading-f8d7cd0d736798c7c2d3ee759b83afdb .special-heading-inner-border{\nborder-color:#ffffff;\n}\n<\/style>\n<div  class='av-special-heading av-av_heading-f8d7cd0d736798c7c2d3ee759b83afdb av-special-heading-h3 custom-color-heading blockquote modern-quote modern-centered  avia-builder-el-9  avia-builder-el-no-sibling  av-inherit-size '><h3 class='av-special-heading-tag '  itemprop=\"headline\"  >Le jardin c\u00f4t\u00e9 plaisir<\/h3><div class='special-heading-border'><div class='special-heading-inner-border'><\/div><\/div><\/div>\n <\/p>\n","protected":false},"excerpt":{"rendered":"","protected":false},"author":4,"featured_media":0,"parent":0,"menu_order":0,"comment_status":"closed","ping_status":"closed","template":"","meta":{"_acf_changed":false,"footnotes":""},"class_list":["post-1374","page","type-page","status-publish","hentry"],"acf":[],"yoast_head":"<!-- This site is optimized with the Yoast SEO plugin v27.5 - https:\/\/yoast.com\/product\/yoast-seo-wordpress\/ -->\n<title>Crit\u00e8re de choix d&#039;une pompe d&#039;\u00e9vacuation - Tecnoma<\/title>\n<meta name=\"robots\" content=\"index, follow, max-snippet:-1, max-image-preview:large, max-video-preview:-1\" \/>\n<link rel=\"canonical\" href=\"https:\/\/www.tecnoma.fr\/fr\/critere-de-choix-dune-pompe-devacuation\/\" \/>\n<meta property=\"og:locale\" content=\"fr_FR\" \/>\n<meta property=\"og:type\" content=\"article\" \/>\n<meta property=\"og:title\" content=\"Crit\u00e8re de choix d&#039;une pompe d&#039;\u00e9vacuation - Tecnoma\" \/>\n<meta property=\"og:url\" content=\"https:\/\/www.tecnoma.fr\/fr\/critere-de-choix-dune-pompe-devacuation\/\" \/>\n<meta property=\"og:site_name\" content=\"Tecnoma\" \/>\n<meta property=\"article:modified_time\" content=\"2017-09-27T09:52:17+00:00\" \/>\n<meta property=\"og:image\" content=\"https:\/\/www.tecnoma.fr\/wp-content\/uploads\/2017\/01\/12654_4-180x180.jpg\" \/>\n<meta name=\"twitter:card\" content=\"summary_large_image\" \/>\n<meta name=\"twitter:label1\" content=\"Dur\u00e9e de lecture estim\u00e9e\" \/>\n\t<meta name=\"twitter:data1\" content=\"3 minutes\" \/>\n<script type=\"application\/ld+json\" class=\"yoast-schema-graph\">{\"@context\":\"https:\\\/\\\/schema.org\",\"@graph\":[{\"@type\":\"WebPage\",\"@id\":\"https:\\\/\\\/www.tecnoma.fr\\\/fr\\\/critere-de-choix-dune-pompe-devacuation\\\/\",\"url\":\"https:\\\/\\\/www.tecnoma.fr\\\/fr\\\/critere-de-choix-dune-pompe-devacuation\\\/\",\"name\":\"Crit\u00e8re de choix d'une pompe d'\u00e9vacuation - Tecnoma\",\"isPartOf\":{\"@id\":\"https:\\\/\\\/www.tecnoma.fr\\\/fr\\\/#website\"},\"primaryImageOfPage\":{\"@id\":\"https:\\\/\\\/www.tecnoma.fr\\\/fr\\\/critere-de-choix-dune-pompe-devacuation\\\/#primaryimage\"},\"image\":{\"@id\":\"https:\\\/\\\/www.tecnoma.fr\\\/fr\\\/critere-de-choix-dune-pompe-devacuation\\\/#primaryimage\"},\"thumbnailUrl\":\"https:\\\/\\\/www.tecnoma.fr\\\/wp-content\\\/uploads\\\/2017\\\/01\\\/12654_4-180x180.jpg\",\"datePublished\":\"2017-01-31T11:01:11+00:00\",\"dateModified\":\"2017-09-27T09:52:17+00:00\",\"breadcrumb\":{\"@id\":\"https:\\\/\\\/www.tecnoma.fr\\\/fr\\\/critere-de-choix-dune-pompe-devacuation\\\/#breadcrumb\"},\"inLanguage\":\"fr-FR\",\"potentialAction\":[{\"@type\":\"ReadAction\",\"target\":[\"https:\\\/\\\/www.tecnoma.fr\\\/fr\\\/critere-de-choix-dune-pompe-devacuation\\\/\"]}]},{\"@type\":\"ImageObject\",\"inLanguage\":\"fr-FR\",\"@id\":\"https:\\\/\\\/www.tecnoma.fr\\\/fr\\\/critere-de-choix-dune-pompe-devacuation\\\/#primaryimage\",\"url\":\"https:\\\/\\\/www.tecnoma.fr\\\/wp-content\\\/uploads\\\/2017\\\/01\\\/12654_4-180x180.jpg\",\"contentUrl\":\"https:\\\/\\\/www.tecnoma.fr\\\/wp-content\\\/uploads\\\/2017\\\/01\\\/12654_4-180x180.jpg\"},{\"@type\":\"BreadcrumbList\",\"@id\":\"https:\\\/\\\/www.tecnoma.fr\\\/fr\\\/critere-de-choix-dune-pompe-devacuation\\\/#breadcrumb\",\"itemListElement\":[{\"@type\":\"ListItem\",\"position\":1,\"name\":\"Accueil\",\"item\":\"https:\\\/\\\/www.tecnoma.fr\\\/fr\\\/accueil\\\/\"},{\"@type\":\"ListItem\",\"position\":2,\"name\":\"Crit\u00e8re de choix d&rsquo;une pompe d&rsquo;\u00e9vacuation\"}]},{\"@type\":\"WebSite\",\"@id\":\"https:\\\/\\\/www.tecnoma.fr\\\/fr\\\/#website\",\"url\":\"https:\\\/\\\/www.tecnoma.fr\\\/fr\\\/\",\"name\":\"Tecnoma\",\"description\":\"Pulv\u00e9risateur et pompe de jardin\",\"potentialAction\":[{\"@type\":\"SearchAction\",\"target\":{\"@type\":\"EntryPoint\",\"urlTemplate\":\"https:\\\/\\\/www.tecnoma.fr\\\/fr\\\/?s={search_term_string}\"},\"query-input\":{\"@type\":\"PropertyValueSpecification\",\"valueRequired\":true,\"valueName\":\"search_term_string\"}}],\"inLanguage\":\"fr-FR\"}]}<\/script>\n<!-- \/ Yoast SEO plugin. -->","yoast_head_json":{"title":"Crit\u00e8re de choix d'une pompe d'\u00e9vacuation - Tecnoma","robots":{"index":"index","follow":"follow","max-snippet":"max-snippet:-1","max-image-preview":"max-image-preview:large","max-video-preview":"max-video-preview:-1"},"canonical":"https:\/\/www.tecnoma.fr\/fr\/critere-de-choix-dune-pompe-devacuation\/","og_locale":"fr_FR","og_type":"article","og_title":"Crit\u00e8re de choix d'une pompe d'\u00e9vacuation - Tecnoma","og_url":"https:\/\/www.tecnoma.fr\/fr\/critere-de-choix-dune-pompe-devacuation\/","og_site_name":"Tecnoma","article_modified_time":"2017-09-27T09:52:17+00:00","og_image":[{"url":"https:\/\/www.tecnoma.fr\/wp-content\/uploads\/2017\/01\/12654_4-180x180.jpg","type":"","width":"","height":""}],"twitter_card":"summary_large_image","twitter_misc":{"Dur\u00e9e de lecture estim\u00e9e":"3 minutes"},"schema":{"@context":"https:\/\/schema.org","@graph":[{"@type":"WebPage","@id":"https:\/\/www.tecnoma.fr\/fr\/critere-de-choix-dune-pompe-devacuation\/","url":"https:\/\/www.tecnoma.fr\/fr\/critere-de-choix-dune-pompe-devacuation\/","name":"Crit\u00e8re de choix d'une pompe d'\u00e9vacuation - Tecnoma","isPartOf":{"@id":"https:\/\/www.tecnoma.fr\/fr\/#website"},"primaryImageOfPage":{"@id":"https:\/\/www.tecnoma.fr\/fr\/critere-de-choix-dune-pompe-devacuation\/#primaryimage"},"image":{"@id":"https:\/\/www.tecnoma.fr\/fr\/critere-de-choix-dune-pompe-devacuation\/#primaryimage"},"thumbnailUrl":"https:\/\/www.tecnoma.fr\/wp-content\/uploads\/2017\/01\/12654_4-180x180.jpg","datePublished":"2017-01-31T11:01:11+00:00","dateModified":"2017-09-27T09:52:17+00:00","breadcrumb":{"@id":"https:\/\/www.tecnoma.fr\/fr\/critere-de-choix-dune-pompe-devacuation\/#breadcrumb"},"inLanguage":"fr-FR","potentialAction":[{"@type":"ReadAction","target":["https:\/\/www.tecnoma.fr\/fr\/critere-de-choix-dune-pompe-devacuation\/"]}]},{"@type":"ImageObject","inLanguage":"fr-FR","@id":"https:\/\/www.tecnoma.fr\/fr\/critere-de-choix-dune-pompe-devacuation\/#primaryimage","url":"https:\/\/www.tecnoma.fr\/wp-content\/uploads\/2017\/01\/12654_4-180x180.jpg","contentUrl":"https:\/\/www.tecnoma.fr\/wp-content\/uploads\/2017\/01\/12654_4-180x180.jpg"},{"@type":"BreadcrumbList","@id":"https:\/\/www.tecnoma.fr\/fr\/critere-de-choix-dune-pompe-devacuation\/#breadcrumb","itemListElement":[{"@type":"ListItem","position":1,"name":"Accueil","item":"https:\/\/www.tecnoma.fr\/fr\/accueil\/"},{"@type":"ListItem","position":2,"name":"Crit\u00e8re de choix d&rsquo;une pompe d&rsquo;\u00e9vacuation"}]},{"@type":"WebSite","@id":"https:\/\/www.tecnoma.fr\/fr\/#website","url":"https:\/\/www.tecnoma.fr\/fr\/","name":"Tecnoma","description":"Pulv\u00e9risateur et pompe de jardin","potentialAction":[{"@type":"SearchAction","target":{"@type":"EntryPoint","urlTemplate":"https:\/\/www.tecnoma.fr\/fr\/?s={search_term_string}"},"query-input":{"@type":"PropertyValueSpecification","valueRequired":true,"valueName":"search_term_string"}}],"inLanguage":"fr-FR"}]}},"_links":{"self":[{"href":"https:\/\/www.tecnoma.fr\/fr\/wp-json\/wp\/v2\/pages\/1374","targetHints":{"allow":["GET"]}}],"collection":[{"href":"https:\/\/www.tecnoma.fr\/fr\/wp-json\/wp\/v2\/pages"}],"about":[{"href":"https:\/\/www.tecnoma.fr\/fr\/wp-json\/wp\/v2\/types\/page"}],"author":[{"embeddable":true,"href":"https:\/\/www.tecnoma.fr\/fr\/wp-json\/wp\/v2\/users\/4"}],"replies":[{"embeddable":true,"href":"https:\/\/www.tecnoma.fr\/fr\/wp-json\/wp\/v2\/comments?post=1374"}],"version-history":[{"count":16,"href":"https:\/\/www.tecnoma.fr\/fr\/wp-json\/wp\/v2\/pages\/1374\/revisions"}],"predecessor-version":[{"id":4334,"href":"https:\/\/www.tecnoma.fr\/fr\/wp-json\/wp\/v2\/pages\/1374\/revisions\/4334"}],"wp:attachment":[{"href":"https:\/\/www.tecnoma.fr\/fr\/wp-json\/wp\/v2\/media?parent=1374"}],"curies":[{"name":"wp","href":"https:\/\/api.w.org\/{rel}","templated":true}]}}