{"id":1377,"date":"2017-01-31T12:02:08","date_gmt":"2017-01-31T11:02:08","guid":{"rendered":"https:\/\/www.tecnoma.fr\/?page_id=1377"},"modified":"2017-09-27T10:56:13","modified_gmt":"2017-09-27T09:56:13","slug":"criteres-de-choix-dun-groupe-surpresseur","status":"publish","type":"page","link":"https:\/\/www.tecnoma.fr\/fr\/criteres-de-choix-dun-groupe-surpresseur\/","title":{"rendered":"Crit\u00e8res de choix d&rsquo;un groupe surpresseur"},"content":{"rendered":"\n<style type=\"text\/css\" data-created_by=\"avia_inline_auto\" id=\"style-css-av-av_section-038c7315c0e18b888c4851ca547be80a\">\n.avia-section.av-av_section-038c7315c0e18b888c4851ca547be80a .av-parallax .av-parallax-inner{\nbackground-repeat:no-repeat;\nbackground-image:url(https:\/\/www.tecnoma.fr\/wp-content\/uploads\/2017\/01\/garden.jpg);\nbackground-position:0% 100%;\nbackground-attachment:scroll;\n}\n.avia-section.av-av_section-038c7315c0e18b888c4851ca547be80a .av-section-color-overlay{\nopacity:0.2;\nbackground-color:#b9ca00;\n}\n<\/style>\n<div id='av_section_1'  class='avia-section av-av_section-038c7315c0e18b888c4851ca547be80a main_color avia-section-huge avia-no-border-styling  avia-builder-el-0  el_before_av_heading  avia-builder-el-first  avia-full-stretch av-parallax-section avia-bg-style-parallax av-section-color-overlay-active  av-minimum-height av-minimum-height-25  container_wrap fullsize'  data-section-bg-repeat='stretch' data-av_minimum_height_pc='25'><div class='av-parallax' data-avia-parallax-ratio='0.3' ><div class='av-parallax-inner main_color avia-full-stretch'><\/div><\/div><div class='av-section-color-overlay-wrap'><div class=\"av-section-color-overlay\"><\/div><a href='#next-section' title='' class='scroll-down-link ' aria-hidden='true' data-av_icon='\ue877' data-av_iconfont='entypo-fontello'><\/a><div class='container av-section-cont-open' ><main  role=\"main\" itemprop=\"mainContentOfPage\"  class='template-page content  av-content-full alpha units'><div class='post-entry post-entry-type-page post-entry-1377'><div class='entry-content-wrapper clearfix'>\n \n<style type=\"text\/css\" data-created_by=\"avia_inline_auto\" id=\"style-css-av-av_heading-0ee8731161687194bca46dd076205b77\">\n#top .av-special-heading.av-av_heading-0ee8731161687194bca46dd076205b77{\npadding-bottom:10px;\ncolor:#ffffff;\n}\n.av-special-heading.av-av_heading-0ee8731161687194bca46dd076205b77 .special-heading-inner-border{\nborder-color:#ffffff;\n}\n<\/style>\n<div  class='av-special-heading av-av_heading-0ee8731161687194bca46dd076205b77 av-special-heading-h1 custom-color-heading blockquote modern-quote modern-centered  avia-builder-el-1  avia-builder-el-no-sibling  '><h1 class='av-special-heading-tag '  itemprop=\"headline\"  >Crit\u00e8res de choix d\u2019un groupe surpresseur<\/h1><div class='special-heading-border'><div class='special-heading-inner-border'><\/div><\/div><\/div>\n <\/div><\/div><\/main><!-- close content main element --><\/div><\/div><\/div><div id='after_section_1'  class='main_color av_default_container_wrap container_wrap fullsize'  ><div class='container av-section-cont-open' ><div class='template-page content  av-content-full alpha units'><div class='post-entry post-entry-type-page post-entry-1377'><div class='entry-content-wrapper clearfix'>\n\n<style type=\"text\/css\" data-created_by=\"avia_inline_auto\" id=\"style-css-av-av_heading-bee5b78177383835d1a8e2a451f39dad\">\n#top .av-special-heading.av-av_heading-bee5b78177383835d1a8e2a451f39dad{\npadding-bottom:10px;\n}\n<\/style>\n<div  class='av-special-heading av-av_heading-bee5b78177383835d1a8e2a451f39dad av-special-heading-h2 blockquote modern-quote  avia-builder-el-2  el_after_av_section  el_before_av_one_full  avia-builder-el-first  '><h2 class='av-special-heading-tag '  itemprop=\"headline\"  >Bien choisir son groupe surpresseur<\/h2><div class='special-heading-border'><div class='special-heading-inner-border'><\/div><\/div><\/div>\n\n<style type=\"text\/css\" data-created_by=\"avia_inline_auto\" id=\"style-css-av-av_one_full-6126cab7d8fab8d08143dd2dacdf673c\">\n.flex_column.av-av_one_full-6126cab7d8fab8d08143dd2dacdf673c{\nborder-radius:0px 0px 0px 0px;\n-webkit-border-radius:0px 0px 0px 0px;\n-moz-border-radius:0px 0px 0px 0px;\n}\n<\/style>\n<div class='flex_column av-av_one_full-6126cab7d8fab8d08143dd2dacdf673c av_one_full  avia-builder-el-3  el_after_av_heading  el_before_av_heading  first flex_column_div av-zero-column-padding '   ><section class=\"av_textblock_section \"  itemscope=\"itemscope\" itemtype=\"https:\/\/schema.org\/CreativeWork\" ><div class='avia_textblock  '   itemprop=\"text\" ><ul>\n<li>Si vous souhaitez utiliser souvent de petites quantit\u00e9s d&rsquo;eau (peu de d\u00e9bit mais souvent), il est conseill\u00e9 de s&rsquo;\u00e9quiper d&rsquo;un r\u00e9servoir de grande contenance, ainsi la pompe se met en route moins souvent.<\/li>\n<li>Cependant, un grand r\u00e9servoir demande une pompe puissante.\n<p>Dans les deux cas, Tecnoma r\u00e9pond \u00e0 vos besoins avec sa <strong>gamme de groupe d&rsquo;alimentation<\/strong>.<\/p>\n<\/li>\n<\/ul>\n<\/div><\/section><\/div>\n<style type=\"text\/css\" data-created_by=\"avia_inline_auto\" id=\"style-css-av-av_heading-de97dd50f66f6dfa488710ebfca43489\">\n#top .av-special-heading.av-av_heading-de97dd50f66f6dfa488710ebfca43489{\npadding-bottom:10px;\n}\n<\/style>\n<div  class='av-special-heading av-av_heading-de97dd50f66f6dfa488710ebfca43489 av-special-heading-h2 blockquote modern-quote  avia-builder-el-5  el_after_av_one_full  el_before_av_one_half  '><h2 class='av-special-heading-tag '  itemprop=\"headline\"  > Bien choisir entre un groupe hydrophore et une pompe automatique suppresseur ?<\/h2><div class='special-heading-border'><div class='special-heading-inner-border'><\/div><\/div><\/div><\/p>\n\n<style type=\"text\/css\" data-created_by=\"avia_inline_auto\" id=\"style-css-av-av_one_half-6126cab7d8fab8d08143dd2dacdf673c\">\n.flex_column.av-av_one_half-6126cab7d8fab8d08143dd2dacdf673c{\nborder-radius:0px 0px 0px 0px;\n-webkit-border-radius:0px 0px 0px 0px;\n-moz-border-radius:0px 0px 0px 0px;\n}\n<\/style>\n<div class='flex_column av-av_one_half-6126cab7d8fab8d08143dd2dacdf673c av_one_half  avia-builder-el-6  el_after_av_heading  el_before_av_one_half  first flex_column_div av-zero-column-padding '   ><section class=\"av_textblock_section \"  itemscope=\"itemscope\" itemtype=\"https:\/\/schema.org\/CreativeWork\" ><div class='avia_textblock  '   itemprop=\"text\" ><ul>\n<li><img loading=\"lazy\" decoding=\"async\" class=\"size-thumbnail wp-image-3555 alignright\" src=\"https:\/\/www.tecnoma.fr\/wp-content\/uploads\/2017\/01\/visu_olympia1-80x80.jpg\" alt=\"\" width=\"80\" height=\"80\" srcset=\"https:\/\/www.tecnoma.fr\/wp-content\/uploads\/2017\/01\/visu_olympia1-80x80.jpg 80w, https:\/\/www.tecnoma.fr\/wp-content\/uploads\/2017\/01\/visu_olympia1-36x36.jpg 36w\" sizes=\"auto, (max-width: 80px) 100vw, 80px\" \/>Les <strong>pompes automatiques<\/strong> sans r\u00e9servoir suffisamment puissantes pour augmenter la pression, ont l&rsquo;avantage d&rsquo;\u00eatre <strong>peu encombrante, silencieuses et faciles \u00e0 entretenir et \u00e0 utiliser<\/strong>. Elles sont compactes et faciles \u00e0 vivre.<\/li>\n<li><img loading=\"lazy\" decoding=\"async\" class=\"size-thumbnail wp-image-3557 alignright\" src=\"https:\/\/www.tecnoma.fr\/wp-content\/uploads\/2017\/01\/visu_t800booster3-80x80.jpg\" alt=\"\" width=\"80\" height=\"80\" srcset=\"https:\/\/www.tecnoma.fr\/wp-content\/uploads\/2017\/01\/visu_t800booster3-80x80.jpg 80w, https:\/\/www.tecnoma.fr\/wp-content\/uploads\/2017\/01\/visu_t800booster3-36x36.jpg 36w\" sizes=\"auto, (max-width: 80px) 100vw, 80px\" \/>Si vous avez plus de place, le <strong>groupe suppresseur vous permettra de stocker de l&rsquo;eau<\/strong> et donc d&rsquo;avoir une <strong>autonomie adapt\u00e9e \u00e0 votre besoin d&rsquo;eau<\/strong> afin d&rsquo;\u00e9viter le d\u00e9marrage et arr\u00eat intempestif.<\/li>\n<\/ul>\n<\/div><\/section><\/div>\n<style type=\"text\/css\" data-created_by=\"avia_inline_auto\" id=\"style-css-av-av_one_half-0aa7055fe62c3622faec82866afbaeb2\">\n.flex_column.av-av_one_half-0aa7055fe62c3622faec82866afbaeb2{\nborder-radius:0px 0px 0px 0px;\n-webkit-border-radius:0px 0px 0px 0px;\n-moz-border-radius:0px 0px 0px 0px;\n}\n<\/style>\n<div class='flex_column av-av_one_half-0aa7055fe62c3622faec82866afbaeb2 av_one_half  avia-builder-el-8  el_after_av_one_half  el_before_av_section  avia-builder-el-last  flex_column_div av-zero-column-padding '   ><section class=\"av_textblock_section \"  itemscope=\"itemscope\" itemtype=\"https:\/\/schema.org\/CreativeWork\" ><div class='avia_textblock  '   itemprop=\"text\" ><p style=\"text-align: justify\">Donc pour de <strong>grosses consommations d&rsquo;eau<\/strong>, il est pr\u00e9f\u00e9rable d<strong>&lsquo;utiliser<\/strong> <strong>un groupe<\/strong> qui s&rsquo;enclenchera moins souvent qu&rsquo;une pompe automatique et r\u00e9duire ainsi la facture d&rsquo;\u00e9lectricit\u00e9 et allonger la dur\u00e9e de vie de votre appareil.<\/p>\n<\/div><\/section><\/div><\/div><\/div><\/div><!-- close content main div --><\/div><\/div>\n<style type=\"text\/css\" data-created_by=\"avia_inline_auto\" id=\"style-css-av-av_section-985c0832d82883775bfe323305d1b723\">\n.avia-section.av-av_section-985c0832d82883775bfe323305d1b723 .av-parallax .av-parallax-inner{\nbackground-repeat:no-repeat;\nbackground-image:url(https:\/\/www.tecnoma.fr\/wp-content\/uploads\/2016\/12\/histoire-3.jpg);\nbackground-position:50% 50%;\nbackground-attachment:scroll;\n}\n.avia-section.av-av_section-985c0832d82883775bfe323305d1b723 .av-section-color-overlay{\nopacity:0.4;\nbackground-color:#619714;\n}\n<\/style>\n<div id='sign-up'  class='avia-section av-av_section-985c0832d82883775bfe323305d1b723 main_color avia-section-default avia-no-shadow  avia-builder-el-10  el_after_av_one_half  avia-builder-el-last  avia-full-stretch av-parallax-section avia-bg-style-parallax av-section-color-overlay-active  container_wrap fullsize'  data-section-bg-repeat='stretch'><div class='av-parallax' data-avia-parallax-ratio='0.3' ><div class='av-parallax-inner main_color avia-full-stretch'><\/div><\/div><div class='av-section-color-overlay-wrap'><div class=\"av-section-color-overlay\"><\/div><div class='container av-section-cont-open' ><div class='template-page content  av-content-full alpha units'><div class='post-entry post-entry-type-page post-entry-1377'><div class='entry-content-wrapper clearfix'>\n \n<style type=\"text\/css\" data-created_by=\"avia_inline_auto\" id=\"style-css-av-av_heading-f8d7cd0d736798c7c2d3ee759b83afdb\">\n#top .av-special-heading.av-av_heading-f8d7cd0d736798c7c2d3ee759b83afdb{\npadding-bottom:10px;\ncolor:#ffffff;\nfont-size:30px;\n}\n.av-special-heading.av-av_heading-f8d7cd0d736798c7c2d3ee759b83afdb .special-heading-inner-border{\nborder-color:#ffffff;\n}\n<\/style>\n<div  class='av-special-heading av-av_heading-f8d7cd0d736798c7c2d3ee759b83afdb av-special-heading-h3 custom-color-heading blockquote modern-quote modern-centered  avia-builder-el-11  avia-builder-el-no-sibling  av-inherit-size '><h3 class='av-special-heading-tag '  itemprop=\"headline\"  >Le jardin c\u00f4t\u00e9 plaisir<\/h3><div class='special-heading-border'><div class='special-heading-inner-border'><\/div><\/div><\/div>\n <\/p>\n","protected":false},"excerpt":{"rendered":"","protected":false},"author":4,"featured_media":0,"parent":0,"menu_order":0,"comment_status":"closed","ping_status":"closed","template":"","meta":{"_acf_changed":false,"footnotes":""},"class_list":["post-1377","page","type-page","status-publish","hentry"],"acf":[],"yoast_head":"<!-- This site is optimized with the Yoast SEO plugin v27.5 - https:\/\/yoast.com\/product\/yoast-seo-wordpress\/ -->\n<title>Crit\u00e8res de choix d&#039;un groupe surpresseur - Tecnoma<\/title>\n<meta name=\"robots\" content=\"index, follow, max-snippet:-1, max-image-preview:large, max-video-preview:-1\" \/>\n<link rel=\"canonical\" href=\"https:\/\/www.tecnoma.fr\/fr\/criteres-de-choix-dun-groupe-surpresseur\/\" \/>\n<meta property=\"og:locale\" content=\"fr_FR\" \/>\n<meta property=\"og:type\" content=\"article\" \/>\n<meta property=\"og:title\" content=\"Crit\u00e8res de choix d&#039;un groupe surpresseur - Tecnoma\" \/>\n<meta property=\"og:url\" content=\"https:\/\/www.tecnoma.fr\/fr\/criteres-de-choix-dun-groupe-surpresseur\/\" \/>\n<meta property=\"og:site_name\" content=\"Tecnoma\" \/>\n<meta property=\"article:modified_time\" content=\"2017-09-27T09:56:13+00:00\" \/>\n<meta property=\"og:image\" content=\"https:\/\/www.tecnoma.fr\/wp-content\/uploads\/2017\/01\/visu_olympia1-80x80.jpg\" \/>\n<meta name=\"twitter:card\" content=\"summary_large_image\" \/>\n<meta name=\"twitter:label1\" content=\"Dur\u00e9e de lecture estim\u00e9e\" \/>\n\t<meta name=\"twitter:data1\" content=\"3 minutes\" \/>\n<script type=\"application\/ld+json\" class=\"yoast-schema-graph\">{\"@context\":\"https:\\\/\\\/schema.org\",\"@graph\":[{\"@type\":\"WebPage\",\"@id\":\"https:\\\/\\\/www.tecnoma.fr\\\/fr\\\/criteres-de-choix-dun-groupe-surpresseur\\\/\",\"url\":\"https:\\\/\\\/www.tecnoma.fr\\\/fr\\\/criteres-de-choix-dun-groupe-surpresseur\\\/\",\"name\":\"Crit\u00e8res de choix d'un groupe surpresseur - Tecnoma\",\"isPartOf\":{\"@id\":\"https:\\\/\\\/www.tecnoma.fr\\\/fr\\\/#website\"},\"primaryImageOfPage\":{\"@id\":\"https:\\\/\\\/www.tecnoma.fr\\\/fr\\\/criteres-de-choix-dun-groupe-surpresseur\\\/#primaryimage\"},\"image\":{\"@id\":\"https:\\\/\\\/www.tecnoma.fr\\\/fr\\\/criteres-de-choix-dun-groupe-surpresseur\\\/#primaryimage\"},\"thumbnailUrl\":\"https:\\\/\\\/www.tecnoma.fr\\\/wp-content\\\/uploads\\\/2017\\\/01\\\/visu_olympia1-80x80.jpg\",\"datePublished\":\"2017-01-31T11:02:08+00:00\",\"dateModified\":\"2017-09-27T09:56:13+00:00\",\"breadcrumb\":{\"@id\":\"https:\\\/\\\/www.tecnoma.fr\\\/fr\\\/criteres-de-choix-dun-groupe-surpresseur\\\/#breadcrumb\"},\"inLanguage\":\"fr-FR\",\"potentialAction\":[{\"@type\":\"ReadAction\",\"target\":[\"https:\\\/\\\/www.tecnoma.fr\\\/fr\\\/criteres-de-choix-dun-groupe-surpresseur\\\/\"]}]},{\"@type\":\"ImageObject\",\"inLanguage\":\"fr-FR\",\"@id\":\"https:\\\/\\\/www.tecnoma.fr\\\/fr\\\/criteres-de-choix-dun-groupe-surpresseur\\\/#primaryimage\",\"url\":\"https:\\\/\\\/www.tecnoma.fr\\\/wp-content\\\/uploads\\\/2017\\\/01\\\/visu_olympia1-80x80.jpg\",\"contentUrl\":\"https:\\\/\\\/www.tecnoma.fr\\\/wp-content\\\/uploads\\\/2017\\\/01\\\/visu_olympia1-80x80.jpg\"},{\"@type\":\"BreadcrumbList\",\"@id\":\"https:\\\/\\\/www.tecnoma.fr\\\/fr\\\/criteres-de-choix-dun-groupe-surpresseur\\\/#breadcrumb\",\"itemListElement\":[{\"@type\":\"ListItem\",\"position\":1,\"name\":\"Accueil\",\"item\":\"https:\\\/\\\/www.tecnoma.fr\\\/fr\\\/accueil\\\/\"},{\"@type\":\"ListItem\",\"position\":2,\"name\":\"Crit\u00e8res de choix d&rsquo;un groupe surpresseur\"}]},{\"@type\":\"WebSite\",\"@id\":\"https:\\\/\\\/www.tecnoma.fr\\\/fr\\\/#website\",\"url\":\"https:\\\/\\\/www.tecnoma.fr\\\/fr\\\/\",\"name\":\"Tecnoma\",\"description\":\"Pulv\u00e9risateur et pompe de jardin\",\"potentialAction\":[{\"@type\":\"SearchAction\",\"target\":{\"@type\":\"EntryPoint\",\"urlTemplate\":\"https:\\\/\\\/www.tecnoma.fr\\\/fr\\\/?s={search_term_string}\"},\"query-input\":{\"@type\":\"PropertyValueSpecification\",\"valueRequired\":true,\"valueName\":\"search_term_string\"}}],\"inLanguage\":\"fr-FR\"}]}<\/script>\n<!-- \/ Yoast SEO plugin. -->","yoast_head_json":{"title":"Crit\u00e8res de choix d'un groupe surpresseur - Tecnoma","robots":{"index":"index","follow":"follow","max-snippet":"max-snippet:-1","max-image-preview":"max-image-preview:large","max-video-preview":"max-video-preview:-1"},"canonical":"https:\/\/www.tecnoma.fr\/fr\/criteres-de-choix-dun-groupe-surpresseur\/","og_locale":"fr_FR","og_type":"article","og_title":"Crit\u00e8res de choix d'un groupe surpresseur - Tecnoma","og_url":"https:\/\/www.tecnoma.fr\/fr\/criteres-de-choix-dun-groupe-surpresseur\/","og_site_name":"Tecnoma","article_modified_time":"2017-09-27T09:56:13+00:00","og_image":[{"url":"https:\/\/www.tecnoma.fr\/wp-content\/uploads\/2017\/01\/visu_olympia1-80x80.jpg","type":"","width":"","height":""}],"twitter_card":"summary_large_image","twitter_misc":{"Dur\u00e9e de lecture estim\u00e9e":"3 minutes"},"schema":{"@context":"https:\/\/schema.org","@graph":[{"@type":"WebPage","@id":"https:\/\/www.tecnoma.fr\/fr\/criteres-de-choix-dun-groupe-surpresseur\/","url":"https:\/\/www.tecnoma.fr\/fr\/criteres-de-choix-dun-groupe-surpresseur\/","name":"Crit\u00e8res de choix d'un groupe surpresseur - Tecnoma","isPartOf":{"@id":"https:\/\/www.tecnoma.fr\/fr\/#website"},"primaryImageOfPage":{"@id":"https:\/\/www.tecnoma.fr\/fr\/criteres-de-choix-dun-groupe-surpresseur\/#primaryimage"},"image":{"@id":"https:\/\/www.tecnoma.fr\/fr\/criteres-de-choix-dun-groupe-surpresseur\/#primaryimage"},"thumbnailUrl":"https:\/\/www.tecnoma.fr\/wp-content\/uploads\/2017\/01\/visu_olympia1-80x80.jpg","datePublished":"2017-01-31T11:02:08+00:00","dateModified":"2017-09-27T09:56:13+00:00","breadcrumb":{"@id":"https:\/\/www.tecnoma.fr\/fr\/criteres-de-choix-dun-groupe-surpresseur\/#breadcrumb"},"inLanguage":"fr-FR","potentialAction":[{"@type":"ReadAction","target":["https:\/\/www.tecnoma.fr\/fr\/criteres-de-choix-dun-groupe-surpresseur\/"]}]},{"@type":"ImageObject","inLanguage":"fr-FR","@id":"https:\/\/www.tecnoma.fr\/fr\/criteres-de-choix-dun-groupe-surpresseur\/#primaryimage","url":"https:\/\/www.tecnoma.fr\/wp-content\/uploads\/2017\/01\/visu_olympia1-80x80.jpg","contentUrl":"https:\/\/www.tecnoma.fr\/wp-content\/uploads\/2017\/01\/visu_olympia1-80x80.jpg"},{"@type":"BreadcrumbList","@id":"https:\/\/www.tecnoma.fr\/fr\/criteres-de-choix-dun-groupe-surpresseur\/#breadcrumb","itemListElement":[{"@type":"ListItem","position":1,"name":"Accueil","item":"https:\/\/www.tecnoma.fr\/fr\/accueil\/"},{"@type":"ListItem","position":2,"name":"Crit\u00e8res de choix d&rsquo;un groupe surpresseur"}]},{"@type":"WebSite","@id":"https:\/\/www.tecnoma.fr\/fr\/#website","url":"https:\/\/www.tecnoma.fr\/fr\/","name":"Tecnoma","description":"Pulv\u00e9risateur et pompe de jardin","potentialAction":[{"@type":"SearchAction","target":{"@type":"EntryPoint","urlTemplate":"https:\/\/www.tecnoma.fr\/fr\/?s={search_term_string}"},"query-input":{"@type":"PropertyValueSpecification","valueRequired":true,"valueName":"search_term_string"}}],"inLanguage":"fr-FR"}]}},"_links":{"self":[{"href":"https:\/\/www.tecnoma.fr\/fr\/wp-json\/wp\/v2\/pages\/1377","targetHints":{"allow":["GET"]}}],"collection":[{"href":"https:\/\/www.tecnoma.fr\/fr\/wp-json\/wp\/v2\/pages"}],"about":[{"href":"https:\/\/www.tecnoma.fr\/fr\/wp-json\/wp\/v2\/types\/page"}],"author":[{"embeddable":true,"href":"https:\/\/www.tecnoma.fr\/fr\/wp-json\/wp\/v2\/users\/4"}],"replies":[{"embeddable":true,"href":"https:\/\/www.tecnoma.fr\/fr\/wp-json\/wp\/v2\/comments?post=1377"}],"version-history":[{"count":29,"href":"https:\/\/www.tecnoma.fr\/fr\/wp-json\/wp\/v2\/pages\/1377\/revisions"}],"predecessor-version":[{"id":4336,"href":"https:\/\/www.tecnoma.fr\/fr\/wp-json\/wp\/v2\/pages\/1377\/revisions\/4336"}],"wp:attachment":[{"href":"https:\/\/www.tecnoma.fr\/fr\/wp-json\/wp\/v2\/media?parent=1377"}],"curies":[{"name":"wp","href":"https:\/\/api.w.org\/{rel}","templated":true}]}}