{"id":1380,"date":"2017-01-31T12:03:14","date_gmt":"2017-01-31T11:03:14","guid":{"rendered":"https:\/\/www.tecnoma.fr\/?page_id=1380"},"modified":"2017-09-27T11:15:32","modified_gmt":"2017-09-27T10:15:32","slug":"conseils-dentretien-dutilisation","status":"publish","type":"page","link":"https:\/\/www.tecnoma.fr\/fr\/conseils-dentretien-dutilisation\/","title":{"rendered":"Conseils d&rsquo;entretien et d&rsquo;utilisation"},"content":{"rendered":"\n<style type=\"text\/css\" data-created_by=\"avia_inline_auto\" id=\"style-css-av-av_section-038c7315c0e18b888c4851ca547be80a\">\n.avia-section.av-av_section-038c7315c0e18b888c4851ca547be80a .av-parallax .av-parallax-inner{\nbackground-repeat:no-repeat;\nbackground-image:url(https:\/\/www.tecnoma.fr\/wp-content\/uploads\/2017\/01\/garden.jpg);\nbackground-position:0% 100%;\nbackground-attachment:scroll;\n}\n.avia-section.av-av_section-038c7315c0e18b888c4851ca547be80a .av-section-color-overlay{\nopacity:0.2;\nbackground-color:#b9ca00;\n}\n<\/style>\n<div id='av_section_1'  class='avia-section av-av_section-038c7315c0e18b888c4851ca547be80a main_color avia-section-huge avia-no-border-styling  avia-builder-el-0  el_before_av_one_full  avia-builder-el-first  avia-full-stretch av-parallax-section avia-bg-style-parallax av-section-color-overlay-active  av-minimum-height av-minimum-height-25  container_wrap fullsize'  data-section-bg-repeat='stretch' data-av_minimum_height_pc='25'><div class='av-parallax' data-avia-parallax-ratio='0.3' ><div class='av-parallax-inner main_color avia-full-stretch'><\/div><\/div><div class='av-section-color-overlay-wrap'><div class=\"av-section-color-overlay\"><\/div><a href='#next-section' title='' class='scroll-down-link ' aria-hidden='true' data-av_icon='\ue877' data-av_iconfont='entypo-fontello'><\/a><div class='container av-section-cont-open' ><main  role=\"main\" itemprop=\"mainContentOfPage\"  class='template-page content  av-content-full alpha units'><div class='post-entry post-entry-type-page post-entry-1380'><div class='entry-content-wrapper clearfix'>\n \n<style type=\"text\/css\" data-created_by=\"avia_inline_auto\" id=\"style-css-av-av_heading-4c4fd26f63392566a34218fef6d556ff\">\n#top .av-special-heading.av-av_heading-4c4fd26f63392566a34218fef6d556ff{\npadding-bottom:10px;\ncolor:#ffffff;\n}\n.av-special-heading.av-av_heading-4c4fd26f63392566a34218fef6d556ff .special-heading-inner-border{\nborder-color:#ffffff;\n}\n<\/style>\n<div  class='av-special-heading av-av_heading-4c4fd26f63392566a34218fef6d556ff av-special-heading-h1 custom-color-heading blockquote modern-quote modern-centered  avia-builder-el-1  avia-builder-el-no-sibling  '><h1 class='av-special-heading-tag '  itemprop=\"headline\"  >Conseils d\u2018entretien et d\u2019utilisation<\/h1><div class='special-heading-border'><div class='special-heading-inner-border'><\/div><\/div><\/div>\n <\/div><\/div><\/main><!-- close content main element --><\/div><\/div><\/div><div id='after_section_1'  class='main_color av_default_container_wrap container_wrap fullsize'  ><div class='container av-section-cont-open' ><div class='template-page content  av-content-full alpha units'><div class='post-entry post-entry-type-page post-entry-1380'><div class='entry-content-wrapper clearfix'>\n\n<style type=\"text\/css\" data-created_by=\"avia_inline_auto\" id=\"style-css-av-av_one_full-6126cab7d8fab8d08143dd2dacdf673c\">\n.flex_column.av-av_one_full-6126cab7d8fab8d08143dd2dacdf673c{\nborder-radius:0px 0px 0px 0px;\n-webkit-border-radius:0px 0px 0px 0px;\n-moz-border-radius:0px 0px 0px 0px;\n}\n<\/style>\n<div class='flex_column av-av_one_full-6126cab7d8fab8d08143dd2dacdf673c av_one_full  avia-builder-el-2  el_after_av_section  el_before_av_one_half  avia-builder-el-first  first flex_column_div av-zero-column-padding '   ><p>\n<style type=\"text\/css\" data-created_by=\"avia_inline_auto\" id=\"style-css-av-av_heading-c03cbdb5736b0e7f0670b993b3699d2f\">\n#top .av-special-heading.av-av_heading-c03cbdb5736b0e7f0670b993b3699d2f{\npadding-bottom:10px;\n}\n<\/style>\n<div  class='av-special-heading av-av_heading-c03cbdb5736b0e7f0670b993b3699d2f av-special-heading-h2 blockquote modern-quote  avia-builder-el-3  el_before_av_textblock  avia-builder-el-first  '><h2 class='av-special-heading-tag '  itemprop=\"headline\"  >Pour tous types de pompe<\/h2><div class='special-heading-border'><div class='special-heading-inner-border'><\/div><\/div><\/div><br \/>\n<section class=\"av_textblock_section \"  itemscope=\"itemscope\" itemtype=\"https:\/\/schema.org\/CreativeWork\" ><div class='avia_textblock  '   itemprop=\"text\" ><p style=\"text-align: justify\" align=\"left\">Les pompes \u00e9lectriques sont <strong>sensibles au gel<\/strong>, il est donc n\u00e9cessaire de veiller \u00e0 les <strong>entreposer vides et au sec durant l&rsquo;hiver. Seules les pompes de puits peuvent rester toute l&rsquo;ann\u00e9e immerg\u00e9es.<\/strong><\/p>\n<p style=\"text-align: justify\" align=\"justify\">Concernant les pompes d&rsquo;arrosage Tecnoma, elles sont \u00e9quip\u00e9es d&rsquo;un <strong>bouchon de vidange<\/strong> du corps de pompe.<br \/>\n Tecnoma recommande l&rsquo;usage de t\u00e9flon sur les parties filet\u00e9es des pompes pour pr\u00e9server une parfaite \u00e9tanch\u00e9it\u00e9.<\/p>\n<\/div><\/section><\/p><\/div>\n<style type=\"text\/css\" data-created_by=\"avia_inline_auto\" id=\"style-css-av-av_one_half-6126cab7d8fab8d08143dd2dacdf673c\">\n.flex_column.av-av_one_half-6126cab7d8fab8d08143dd2dacdf673c{\nborder-radius:0px 0px 0px 0px;\n-webkit-border-radius:0px 0px 0px 0px;\n-moz-border-radius:0px 0px 0px 0px;\n}\n<\/style>\n<div class='flex_column av-av_one_half-6126cab7d8fab8d08143dd2dacdf673c av_one_half  avia-builder-el-5  el_after_av_one_full  el_before_av_one_half  first flex_column_div av-zero-column-padding column-top-margin'   ><p>\n<style type=\"text\/css\" data-created_by=\"avia_inline_auto\" id=\"style-css-av-av_heading-67a142c47291ca896ccbdf5a48922627\">\n#top .av-special-heading.av-av_heading-67a142c47291ca896ccbdf5a48922627{\npadding-bottom:10px;\n}\n<\/style>\n<div  class='av-special-heading av-av_heading-67a142c47291ca896ccbdf5a48922627 av-special-heading-h2 blockquote modern-quote  avia-builder-el-6  el_before_av_heading  avia-builder-el-first  '><h2 class='av-special-heading-tag '  itemprop=\"headline\"  >Groupe hydrophore<\/h2><div class='special-heading-border'><div class='special-heading-inner-border'><\/div><\/div><\/div><br \/>\n\n<style type=\"text\/css\" data-created_by=\"avia_inline_auto\" id=\"style-css-av-av_heading-c5fe3fb7b7b8f49b1368ef97274a3aa8\">\n#top .av-special-heading.av-av_heading-c5fe3fb7b7b8f49b1368ef97274a3aa8{\npadding-bottom:10px;\n}\n<\/style>\n<div  class='av-special-heading av-av_heading-c5fe3fb7b7b8f49b1368ef97274a3aa8 av-special-heading-h3 blockquote modern-quote  avia-builder-el-7  el_after_av_heading  el_before_av_textblock  '><h3 class='av-special-heading-tag '  itemprop=\"headline\"  >Bien entretenir son groupe d\u2019alimentation<\/h3><div class='special-heading-border'><div class='special-heading-inner-border'><\/div><\/div><\/div><br \/>\n<section class=\"av_textblock_section \"  itemscope=\"itemscope\" itemtype=\"https:\/\/schema.org\/CreativeWork\" ><div class='avia_textblock  '   itemprop=\"text\" ><p style=\"text-align: justify\" align=\"left\">Pour \u00e9viter la d\u00e9gradation de la membrane du r\u00e9servoir, <strong>v\u00e9rifiez la pression \u00e0 vide du r\u00e9servoir 2 fois par an<\/strong>. Le manom\u00e8tre doit indiquer <strong>1,5 bar<\/strong> environ.<\/p>\n<p style=\"text-align: justify\" align=\"justify\">V\u00e9rifiez r\u00e9guli\u00e8rement la <strong>pr\u00e9sence de fuites d&rsquo;eau<\/strong> dans le syst\u00e8me de tuyaux, chasse d&rsquo;eau&#8230;faute de quoi, la pompe du groupe se mettrait fr\u00e9quemment en marche, ce qui provoquerait une usure pr\u00e9matur\u00e9e.<\/p>\n<\/div><\/section><br \/>\n\n<style type=\"text\/css\" data-created_by=\"avia_inline_auto\" id=\"style-css-av-av_heading-d9ea59c1b6a2e3e793eff896a1dd61d8\">\n#top .av-special-heading.av-av_heading-d9ea59c1b6a2e3e793eff896a1dd61d8{\npadding-bottom:10px;\n}\n<\/style>\n<div  class='av-special-heading av-av_heading-d9ea59c1b6a2e3e793eff896a1dd61d8 av-special-heading-h2 blockquote modern-quote  avia-builder-el-9  el_after_av_textblock  el_before_av_heading  '><h2 class='av-special-heading-tag '  itemprop=\"headline\"  >Pompe de puits<\/h2><div class='special-heading-border'><div class='special-heading-inner-border'><\/div><\/div><\/div><br \/>\n\n<style type=\"text\/css\" data-created_by=\"avia_inline_auto\" id=\"style-css-av-av_heading-7addc0d13d95bb66f8db5105ec3ec2e8\">\n#top .av-special-heading.av-av_heading-7addc0d13d95bb66f8db5105ec3ec2e8{\npadding-bottom:10px;\n}\n<\/style>\n<div  class='av-special-heading av-av_heading-7addc0d13d95bb66f8db5105ec3ec2e8 av-special-heading-h3 blockquote modern-quote  avia-builder-el-10  el_after_av_heading  el_before_av_textblock  '><h3 class='av-special-heading-tag '  itemprop=\"headline\"  >Pour immerger les pompes d\u2019\u00e9vacuation ou les pompes de puits<\/h3><div class='special-heading-border'><div class='special-heading-inner-border'><\/div><\/div><\/div><br \/>\n<section class=\"av_textblock_section \"  itemscope=\"itemscope\" itemtype=\"https:\/\/schema.org\/CreativeWork\" ><div class='avia_textblock  '   itemprop=\"text\" ><p align=\"left\">Il ne faut jamais pendre la pompe par le c\u00e2ble \u00e9lectrique Les mod\u00e8les de Tecnoma sont \u00e9quip\u00e9s d&rsquo;orifices qui permettent de suspendre l&rsquo;appareil \u00e0 un filin ce qui \u00e9vite de le poser au fond du puits et de remuer les d\u00e9p\u00f4ts.<\/p>\n<p align=\"justify\">Cela permet surtout tout risque d&rsquo;accident li\u00e9 \u00e0 ce type de pratiques.<\/p>\n<\/div><\/section><\/p><\/div>\n<style type=\"text\/css\" data-created_by=\"avia_inline_auto\" id=\"style-css-av-av_one_half-0aa7055fe62c3622faec82866afbaeb2\">\n.flex_column.av-av_one_half-0aa7055fe62c3622faec82866afbaeb2{\nborder-radius:0px 0px 0px 0px;\n-webkit-border-radius:0px 0px 0px 0px;\n-moz-border-radius:0px 0px 0px 0px;\n}\n<\/style>\n<div class='flex_column av-av_one_half-0aa7055fe62c3622faec82866afbaeb2 av_one_half  avia-builder-el-12  el_after_av_one_half  el_before_av_section  avia-builder-el-last  flex_column_div av-zero-column-padding column-top-margin'   ><p>\n<style type=\"text\/css\" data-created_by=\"avia_inline_auto\" id=\"style-css-av-av_heading-1b2acd9898aa7ea61d629c0c32c9adc7\">\n#top .av-special-heading.av-av_heading-1b2acd9898aa7ea61d629c0c32c9adc7{\npadding-bottom:10px;\n}\n<\/style>\n<div  class='av-special-heading av-av_heading-1b2acd9898aa7ea61d629c0c32c9adc7 av-special-heading-h2 blockquote modern-quote  avia-builder-el-13  el_before_av_heading  avia-builder-el-first  '><h2 class='av-special-heading-tag '  itemprop=\"headline\"  >Pompe d\u2019\u00e9vacuation<\/h2><div class='special-heading-border'><div class='special-heading-inner-border'><\/div><\/div><\/div><br \/>\n\n<style type=\"text\/css\" data-created_by=\"avia_inline_auto\" id=\"style-css-av-av_heading-c7d31831cd7d9679b53e52138892db58\">\n#top .av-special-heading.av-av_heading-c7d31831cd7d9679b53e52138892db58{\npadding-bottom:10px;\n}\n<\/style>\n<div  class='av-special-heading av-av_heading-c7d31831cd7d9679b53e52138892db58 av-special-heading-h3 blockquote modern-quote  avia-builder-el-14  el_after_av_heading  el_before_av_textblock  '><h3 class='av-special-heading-tag '  itemprop=\"headline\"  >Les vides caves ne peuvent pas s\u2018utiliser pour tout type d\u2019eau<\/h3><div class='special-heading-border'><div class='special-heading-inner-border'><\/div><\/div><\/div><br \/>\n<section class=\"av_textblock_section \"  itemscope=\"itemscope\" itemtype=\"https:\/\/schema.org\/CreativeWork\" ><div class='avia_textblock  '   itemprop=\"text\" ><p style=\"text-align: justify\" align=\"left\">L&rsquo;utilisation de ce type de pompe reste occasionnel (sauf habitation en zone inondable) mais est indispensable pour limiter rapidement les d\u00e9g\u00e2ts des eaux d&rsquo;infiltration ou d&rsquo;inondation.<\/p>\n<p style=\"text-align: justify\" align=\"justify\">Les pompes vide-caves standards ne permettent d&rsquo;\u00e9vacuer que de l&rsquo;eau douce. Elles ne doivent pas \u00eatre destin\u00e9es \u00e0 pomper l&rsquo;eau sal\u00e9e, les liquides corrosifs ou facilement inflammables, ni les produits alimentaires. Des mod\u00e8les sp\u00e9cifiques sont propos\u00e9s pour \u00e9vacuer de l&rsquo;eau de mer ou d&rsquo;autres types de liquides telles que les eaux chaudes ou corrosives.<\/p>\n<\/div><\/section><br \/>\n\n<style type=\"text\/css\" data-created_by=\"avia_inline_auto\" id=\"style-css-av-av_heading-98f21b1eb21aa4d5a371b7a93b6840dc\">\n#top .av-special-heading.av-av_heading-98f21b1eb21aa4d5a371b7a93b6840dc{\npadding-bottom:10px;\n}\n<\/style>\n<div  class='av-special-heading av-av_heading-98f21b1eb21aa4d5a371b7a93b6840dc av-special-heading-h3 blockquote modern-quote  avia-builder-el-16  el_after_av_textblock  el_before_av_textblock  '><h3 class='av-special-heading-tag '  itemprop=\"headline\"  >Lors de l\u2019installation&#8230;<\/h3><div class='special-heading-border'><div class='special-heading-inner-border'><\/div><\/div><\/div><br \/>\n<section class=\"av_textblock_section \"  itemscope=\"itemscope\" itemtype=\"https:\/\/schema.org\/CreativeWork\" ><div class='avia_textblock  '   itemprop=\"text\" ><p> Le d\u00e9battement du flotteur demande un puisard d&rsquo;une largeur suffisante. Les pompes Tecnoma permettent d&rsquo;ajuster la longueur du c\u00e2ble du flotteur. Il faut n\u00e9anmoins veiller \u00e0 ne pas le r\u00e9gler trop court pour \u00e9viter tout cisaillement du c\u00e2ble.<\/p>\n<\/div><\/section><br \/>\n\n<style type=\"text\/css\" data-created_by=\"avia_inline_auto\" id=\"style-css-av-av_heading-7addc0d13d95bb66f8db5105ec3ec2e8\">\n#top .av-special-heading.av-av_heading-7addc0d13d95bb66f8db5105ec3ec2e8{\npadding-bottom:10px;\n}\n<\/style>\n<div  class='av-special-heading av-av_heading-7addc0d13d95bb66f8db5105ec3ec2e8 av-special-heading-h3 blockquote modern-quote  avia-builder-el-18  el_after_av_textblock  el_before_av_textblock  '><h3 class='av-special-heading-tag '  itemprop=\"headline\"  >Pour immerger les pompes d\u2019\u00e9vacuation ou les pompes de puits<\/h3><div class='special-heading-border'><div class='special-heading-inner-border'><\/div><\/div><\/div><br \/>\n<section class=\"av_textblock_section \"  itemscope=\"itemscope\" itemtype=\"https:\/\/schema.org\/CreativeWork\" ><div class='avia_textblock  '   itemprop=\"text\" ><p align=\"left\">Il ne faut <strong>jamais pendre la pompe par le c\u00e2ble \u00e9lectrique.<\/strong> Les <strong>mod\u00e8les de Tecnoma sont \u00e9quip\u00e9s d&rsquo;orifices<\/strong> qui permettent de <strong>suspendre l&rsquo;appareil \u00e0 un filin<\/strong> ce qui \u00e9vite de le poser au fond du puits et de remuer les d\u00e9p\u00f4ts.<\/p>\n<p align=\"justify\">Cela permet surtout tout risque d&rsquo;accident li\u00e9 \u00e0 ce type de pratiques.<\/p>\n<\/div><\/section><\/p><\/div><\/div><\/div><\/div><!-- close content main div --><\/div><\/div>\n<style type=\"text\/css\" data-created_by=\"avia_inline_auto\" id=\"style-css-av-av_section-084cbe236f7edd4ef0f6dbac9bf8f09e\">\n.avia-section.av-av_section-084cbe236f7edd4ef0f6dbac9bf8f09e .av-parallax .av-parallax-inner{\nbackground-repeat:no-repeat;\nbackground-image:url(https:\/\/www.tecnoma.fr\/wp-content\/uploads\/2016\/12\/histoire-3.jpg);\nbackground-position:50% 0%;\nbackground-attachment:scroll;\n}\n.avia-section.av-av_section-084cbe236f7edd4ef0f6dbac9bf8f09e .av-section-color-overlay{\nopacity:0.4;\nbackground-color:#619714;\n}\n<\/style>\n<div id='sign-up'  class='avia-section av-av_section-084cbe236f7edd4ef0f6dbac9bf8f09e main_color avia-section-default avia-no-shadow  avia-builder-el-20  el_after_av_one_half  avia-builder-el-last  avia-full-stretch av-parallax-section avia-bg-style-parallax av-section-color-overlay-active  container_wrap fullsize'  data-section-bg-repeat='stretch'><div class='av-parallax' data-avia-parallax-ratio='0.3' ><div class='av-parallax-inner main_color avia-full-stretch'><\/div><\/div><div class='av-section-color-overlay-wrap'><div class=\"av-section-color-overlay\"><\/div><div class='container av-section-cont-open' ><div class='template-page content  av-content-full alpha units'><div class='post-entry post-entry-type-page post-entry-1380'><div class='entry-content-wrapper clearfix'>\n \n<style type=\"text\/css\" data-created_by=\"avia_inline_auto\" id=\"style-css-av-av_heading-9856b665f335d2ac83a153f92e847458\">\n#top .av-special-heading.av-av_heading-9856b665f335d2ac83a153f92e847458{\npadding-bottom:10px;\ncolor:#ffffff;\nfont-size:30px;\n}\n.av-special-heading.av-av_heading-9856b665f335d2ac83a153f92e847458 .special-heading-inner-border{\nborder-color:#ffffff;\n}\n<\/style>\n<div  class='av-special-heading av-av_heading-9856b665f335d2ac83a153f92e847458 av-special-heading-h3 custom-color-heading blockquote modern-quote modern-centered  avia-builder-el-21  avia-builder-el-no-sibling  av-inherit-size '><h3 class='av-special-heading-tag '  itemprop=\"headline\"  >Le jardin c\u00f4t\u00e9 plaisir<\/h3><div class='special-heading-border'><div class='special-heading-inner-border'><\/div><\/div><\/div>\n <\/p>\n","protected":false},"excerpt":{"rendered":"","protected":false},"author":4,"featured_media":0,"parent":0,"menu_order":0,"comment_status":"closed","ping_status":"closed","template":"","meta":{"_acf_changed":false,"footnotes":""},"class_list":["post-1380","page","type-page","status-publish","hentry"],"acf":[],"yoast_head":"<!-- This site is optimized with the Yoast SEO plugin v27.6 - https:\/\/yoast.com\/product\/yoast-seo-wordpress\/ -->\n<title>Conseils d&#039;entretien et d&#039;utilisation - Tecnoma<\/title>\n<meta name=\"robots\" content=\"index, follow, max-snippet:-1, max-image-preview:large, max-video-preview:-1\" \/>\n<link rel=\"canonical\" href=\"https:\/\/www.tecnoma.fr\/fr\/conseils-dentretien-dutilisation\/\" \/>\n<meta property=\"og:locale\" content=\"fr_FR\" \/>\n<meta property=\"og:type\" content=\"article\" \/>\n<meta property=\"og:title\" content=\"Conseils d&#039;entretien et d&#039;utilisation - Tecnoma\" \/>\n<meta property=\"og:url\" content=\"https:\/\/www.tecnoma.fr\/fr\/conseils-dentretien-dutilisation\/\" \/>\n<meta property=\"og:site_name\" content=\"Tecnoma\" \/>\n<meta property=\"article:modified_time\" content=\"2017-09-27T10:15:32+00:00\" \/>\n<meta name=\"twitter:card\" content=\"summary_large_image\" \/>\n<meta name=\"twitter:label1\" content=\"Dur\u00e9e de lecture estim\u00e9e\" \/>\n\t<meta name=\"twitter:data1\" content=\"6 minutes\" \/>\n<script type=\"application\/ld+json\" class=\"yoast-schema-graph\">{\"@context\":\"https:\\\/\\\/schema.org\",\"@graph\":[{\"@type\":\"WebPage\",\"@id\":\"https:\\\/\\\/www.tecnoma.fr\\\/fr\\\/conseils-dentretien-dutilisation\\\/\",\"url\":\"https:\\\/\\\/www.tecnoma.fr\\\/fr\\\/conseils-dentretien-dutilisation\\\/\",\"name\":\"Conseils d'entretien et d'utilisation - Tecnoma\",\"isPartOf\":{\"@id\":\"https:\\\/\\\/www.tecnoma.fr\\\/fr\\\/#website\"},\"datePublished\":\"2017-01-31T11:03:14+00:00\",\"dateModified\":\"2017-09-27T10:15:32+00:00\",\"breadcrumb\":{\"@id\":\"https:\\\/\\\/www.tecnoma.fr\\\/fr\\\/conseils-dentretien-dutilisation\\\/#breadcrumb\"},\"inLanguage\":\"fr-FR\",\"potentialAction\":[{\"@type\":\"ReadAction\",\"target\":[\"https:\\\/\\\/www.tecnoma.fr\\\/fr\\\/conseils-dentretien-dutilisation\\\/\"]}]},{\"@type\":\"BreadcrumbList\",\"@id\":\"https:\\\/\\\/www.tecnoma.fr\\\/fr\\\/conseils-dentretien-dutilisation\\\/#breadcrumb\",\"itemListElement\":[{\"@type\":\"ListItem\",\"position\":1,\"name\":\"Accueil\",\"item\":\"https:\\\/\\\/www.tecnoma.fr\\\/fr\\\/accueil\\\/\"},{\"@type\":\"ListItem\",\"position\":2,\"name\":\"Conseils d&rsquo;entretien et d&rsquo;utilisation\"}]},{\"@type\":\"WebSite\",\"@id\":\"https:\\\/\\\/www.tecnoma.fr\\\/fr\\\/#website\",\"url\":\"https:\\\/\\\/www.tecnoma.fr\\\/fr\\\/\",\"name\":\"Tecnoma\",\"description\":\"Pulv\u00e9risateur et pompe de jardin\",\"potentialAction\":[{\"@type\":\"SearchAction\",\"target\":{\"@type\":\"EntryPoint\",\"urlTemplate\":\"https:\\\/\\\/www.tecnoma.fr\\\/fr\\\/?s={search_term_string}\"},\"query-input\":{\"@type\":\"PropertyValueSpecification\",\"valueRequired\":true,\"valueName\":\"search_term_string\"}}],\"inLanguage\":\"fr-FR\"}]}<\/script>\n<!-- \/ Yoast SEO plugin. -->","yoast_head_json":{"title":"Conseils d'entretien et d'utilisation - Tecnoma","robots":{"index":"index","follow":"follow","max-snippet":"max-snippet:-1","max-image-preview":"max-image-preview:large","max-video-preview":"max-video-preview:-1"},"canonical":"https:\/\/www.tecnoma.fr\/fr\/conseils-dentretien-dutilisation\/","og_locale":"fr_FR","og_type":"article","og_title":"Conseils d'entretien et d'utilisation - Tecnoma","og_url":"https:\/\/www.tecnoma.fr\/fr\/conseils-dentretien-dutilisation\/","og_site_name":"Tecnoma","article_modified_time":"2017-09-27T10:15:32+00:00","twitter_card":"summary_large_image","twitter_misc":{"Dur\u00e9e de lecture estim\u00e9e":"6 minutes"},"schema":{"@context":"https:\/\/schema.org","@graph":[{"@type":"WebPage","@id":"https:\/\/www.tecnoma.fr\/fr\/conseils-dentretien-dutilisation\/","url":"https:\/\/www.tecnoma.fr\/fr\/conseils-dentretien-dutilisation\/","name":"Conseils d'entretien et d'utilisation - Tecnoma","isPartOf":{"@id":"https:\/\/www.tecnoma.fr\/fr\/#website"},"datePublished":"2017-01-31T11:03:14+00:00","dateModified":"2017-09-27T10:15:32+00:00","breadcrumb":{"@id":"https:\/\/www.tecnoma.fr\/fr\/conseils-dentretien-dutilisation\/#breadcrumb"},"inLanguage":"fr-FR","potentialAction":[{"@type":"ReadAction","target":["https:\/\/www.tecnoma.fr\/fr\/conseils-dentretien-dutilisation\/"]}]},{"@type":"BreadcrumbList","@id":"https:\/\/www.tecnoma.fr\/fr\/conseils-dentretien-dutilisation\/#breadcrumb","itemListElement":[{"@type":"ListItem","position":1,"name":"Accueil","item":"https:\/\/www.tecnoma.fr\/fr\/accueil\/"},{"@type":"ListItem","position":2,"name":"Conseils d&rsquo;entretien et d&rsquo;utilisation"}]},{"@type":"WebSite","@id":"https:\/\/www.tecnoma.fr\/fr\/#website","url":"https:\/\/www.tecnoma.fr\/fr\/","name":"Tecnoma","description":"Pulv\u00e9risateur et pompe de jardin","potentialAction":[{"@type":"SearchAction","target":{"@type":"EntryPoint","urlTemplate":"https:\/\/www.tecnoma.fr\/fr\/?s={search_term_string}"},"query-input":{"@type":"PropertyValueSpecification","valueRequired":true,"valueName":"search_term_string"}}],"inLanguage":"fr-FR"}]}},"_links":{"self":[{"href":"https:\/\/www.tecnoma.fr\/fr\/wp-json\/wp\/v2\/pages\/1380","targetHints":{"allow":["GET"]}}],"collection":[{"href":"https:\/\/www.tecnoma.fr\/fr\/wp-json\/wp\/v2\/pages"}],"about":[{"href":"https:\/\/www.tecnoma.fr\/fr\/wp-json\/wp\/v2\/types\/page"}],"author":[{"embeddable":true,"href":"https:\/\/www.tecnoma.fr\/fr\/wp-json\/wp\/v2\/users\/4"}],"replies":[{"embeddable":true,"href":"https:\/\/www.tecnoma.fr\/fr\/wp-json\/wp\/v2\/comments?post=1380"}],"version-history":[{"count":13,"href":"https:\/\/www.tecnoma.fr\/fr\/wp-json\/wp\/v2\/pages\/1380\/revisions"}],"predecessor-version":[{"id":4339,"href":"https:\/\/www.tecnoma.fr\/fr\/wp-json\/wp\/v2\/pages\/1380\/revisions\/4339"}],"wp:attachment":[{"href":"https:\/\/www.tecnoma.fr\/fr\/wp-json\/wp\/v2\/media?parent=1380"}],"curies":[{"name":"wp","href":"https:\/\/api.w.org\/{rel}","templated":true}]}}