{"id":1383,"date":"2017-01-31T12:06:36","date_gmt":"2017-01-31T11:06:36","guid":{"rendered":"https:\/\/www.tecnoma.fr\/?page_id=1383"},"modified":"2017-09-29T10:30:34","modified_gmt":"2017-09-29T09:30:34","slug":"astuces-et-questions","status":"publish","type":"page","link":"https:\/\/www.tecnoma.fr\/fr\/astuces-et-questions\/","title":{"rendered":"Astuces et questions"},"content":{"rendered":"\n<style type=\"text\/css\" data-created_by=\"avia_inline_auto\" id=\"style-css-av-av_section-038c7315c0e18b888c4851ca547be80a\">\n.avia-section.av-av_section-038c7315c0e18b888c4851ca547be80a .av-parallax .av-parallax-inner{\nbackground-repeat:no-repeat;\nbackground-image:url(https:\/\/www.tecnoma.fr\/wp-content\/uploads\/2017\/01\/garden.jpg);\nbackground-position:0% 100%;\nbackground-attachment:scroll;\n}\n.avia-section.av-av_section-038c7315c0e18b888c4851ca547be80a .av-section-color-overlay{\nopacity:0.2;\nbackground-color:#b9ca00;\n}\n<\/style>\n<div id='av_section_1'  class='avia-section av-av_section-038c7315c0e18b888c4851ca547be80a main_color avia-section-huge avia-no-border-styling  avia-builder-el-0  el_before_av_section  avia-builder-el-first  avia-full-stretch av-parallax-section avia-bg-style-parallax av-section-color-overlay-active  av-minimum-height av-minimum-height-25  container_wrap fullsize'  data-section-bg-repeat='stretch' data-av_minimum_height_pc='25'><div class='av-parallax' data-avia-parallax-ratio='0.3' ><div class='av-parallax-inner main_color avia-full-stretch'><\/div><\/div><div class='av-section-color-overlay-wrap'><div class=\"av-section-color-overlay\"><\/div><a href='#next-section' title='' class='scroll-down-link ' aria-hidden='true' data-av_icon='\ue877' data-av_iconfont='entypo-fontello'><\/a><div class='container av-section-cont-open' ><main  role=\"main\" itemprop=\"mainContentOfPage\"  class='template-page content  av-content-full alpha units'><div class='post-entry post-entry-type-page post-entry-1383'><div class='entry-content-wrapper clearfix'>\n \n<style type=\"text\/css\" data-created_by=\"avia_inline_auto\" id=\"style-css-av-av_heading-0855cabddd7bd561373b61ebfd22ebd6\">\n#top .av-special-heading.av-av_heading-0855cabddd7bd561373b61ebfd22ebd6{\npadding-bottom:10px;\ncolor:#ffffff;\n}\n.av-special-heading.av-av_heading-0855cabddd7bd561373b61ebfd22ebd6 .special-heading-inner-border{\nborder-color:#ffffff;\n}\n<\/style>\n<div  class='av-special-heading av-av_heading-0855cabddd7bd561373b61ebfd22ebd6 av-special-heading-h1 custom-color-heading blockquote modern-quote modern-centered  avia-builder-el-1  avia-builder-el-no-sibling  '><h1 class='av-special-heading-tag '  itemprop=\"headline\"  >Astuces et questions<\/h1><div class='special-heading-border'><div class='special-heading-inner-border'><\/div><\/div><\/div>\n \n<\/div><\/div><\/main><!-- close content main element --><\/div><\/div><\/div><div id='av_section_2'  class='avia-section av-av_section-773bb6d9525119f457c9934c85c049cb alternate_color avia-section-large avia-no-border-styling  avia-builder-el-2  el_after_av_section  el_before_av_section  avia-bg-style-scroll  container_wrap fullsize'  ><div class='container av-section-cont-open' ><div class='template-page content  av-content-full alpha units'><div class='post-entry post-entry-type-page post-entry-1383'><div class='entry-content-wrapper clearfix'>\n<div  class='togglecontainer av-av_toggle_container-8e0c6e39d39b619a829887bd54fff3ed  avia-builder-el-3  avia-builder-el-no-sibling  toggle_close_all ' >\n <section class='av_toggle_section av-av_toggle-5e1200057ab605b870fdfe5bfa3afe6b'  itemscope=\"itemscope\" itemtype=\"https:\/\/schema.org\/CreativeWork\" ><div role=\"tablist\" class=\"single_toggle\" data-tags=\"{Tout} \"  ><p data-fake-id='#toggle-id-1' class='toggler   '  itemprop=\"headline\"  role='tab' tabindex='0' aria-controls='toggle-id-1'>La mise en route et arr\u00eat automatiques ?<span class=\"toggle_icon\"><span class=\"vert_icon\"><\/span><span class=\"hor_icon\"><\/span><\/span><\/p><div id='toggle-id-1' class='toggle_wrap  '  ><div class='toggle_content invers-color '  itemprop=\"text\" ><p align=\"left\">Vous utilisez votre pompe quotidiennement, voire plusieurs fois par jour ?<\/p>\n<p align=\"justify\">Vous d\u00e9sirez relier votre pompe \u00e0 un syst\u00e8me d&rsquo;arrosage avec d\u00e9clenchement automatique ?<br \/>\n Votre pompe alimente une installation sanitaire (wc, douche, lavabo, machine \u00e0 laver&#8230;) ?<br \/>\n La pompe doit alimenter un r\u00e9seau ferm\u00e9 ?<\/p>\n<p>&gt;Tecnoma a la solution pour vous \u00e9viter un arr\u00eat ou une mise en marche manuelle : Le <strong>Tecnotronic<\/strong> est un <strong>interrupteur manom\u00e9trique \u00e9lectronique qui permet d&rsquo;obtenir le d\u00e9marrage et l&rsquo;arr\u00eat automatique<\/strong> de la pompe au robinet. Il \u00e9vite aussi le fonctionnement \u00e0 sec de la pompe.<\/p>\n<\/div><\/div><\/div><\/section>\n <section class='av_toggle_section av-av_toggle-4544fda36dadfb13f449b6d0afc1c263'  itemscope=\"itemscope\" itemtype=\"https:\/\/schema.org\/CreativeWork\" ><div role=\"tablist\" class=\"single_toggle\" data-tags=\"{Tout} \"  ><p data-fake-id='#toggle-id-2' class='toggler   '  itemprop=\"headline\"  role='tab' tabindex='0' aria-controls='toggle-id-2'>La protection contre le fonctionnement \u00e0 sec ?<span class=\"toggle_icon\"><span class=\"vert_icon\"><\/span><span class=\"hor_icon\"><\/span><\/span><\/p><div id='toggle-id-2' class='toggle_wrap  '  ><div class='toggle_content invers-color '  itemprop=\"text\" ><p align=\"left\">Votre r\u00e9serve d&rsquo;eau est limit\u00e9e par rapport \u00e0 vos besoins (puits de faible capacit\u00e9, alimentation \u00e0 partir d&rsquo;un r\u00e9cup\u00e9rateur d&rsquo;eau de pluie&#8230;) ?<\/p>\n<p align=\"justify\">Votre alimentation fonctionne de fa\u00e7on autonome (arrosage automatique&#8230;) ?<\/p>\n<p>&gt; Pensez- \u00e0 vous \u00e9quiper d&rsquo;un <strong>dispositif provoquant l&rsquo;arr\u00eat imm\u00e9diat de la pompe en cas de manque d&rsquo;eau<\/strong>. Si vous ne poss\u00e9dez pas de pompe, Tecnoma vous recommande de vous \u00e9quiper d&rsquo;une <strong>pompe automatique<\/strong>. Si vous \u00eates d\u00e9j\u00e0 \u00e9quip\u00e9 d&rsquo;une pompe, Tecnoma a pens\u00e9 au <strong>Tecnotronic et \u00e0 l&rsquo;Hydrostop<\/strong>, ce sont des accessoires qui peuvent s&rsquo;ajouter \u00e0 la sortie de votre pompe.<\/p>\n<\/div><\/div><\/div><\/section>\n <\/div>\n<\/div><\/div><\/div><!-- close content main div --><\/div><\/div>\n<style type=\"text\/css\" data-created_by=\"avia_inline_auto\" id=\"style-css-av-av_section-985c0832d82883775bfe323305d1b723\">\n.avia-section.av-av_section-985c0832d82883775bfe323305d1b723 .av-parallax .av-parallax-inner{\nbackground-repeat:no-repeat;\nbackground-image:url(https:\/\/www.tecnoma.fr\/wp-content\/uploads\/2016\/12\/histoire-3.jpg);\nbackground-position:50% 50%;\nbackground-attachment:scroll;\n}\n.avia-section.av-av_section-985c0832d82883775bfe323305d1b723 .av-section-color-overlay{\nopacity:0.4;\nbackground-color:#619714;\n}\n<\/style>\n<div id='sign-up'  class='avia-section av-av_section-985c0832d82883775bfe323305d1b723 main_color avia-section-default avia-no-shadow  avia-builder-el-4  el_after_av_section  el_before_av_textblock  avia-full-stretch av-parallax-section avia-bg-style-parallax av-section-color-overlay-active  container_wrap fullsize'  data-section-bg-repeat='stretch'><div class='av-parallax' data-avia-parallax-ratio='0.3' ><div class='av-parallax-inner main_color avia-full-stretch'><\/div><\/div><div class='av-section-color-overlay-wrap'><div class=\"av-section-color-overlay\"><\/div><div class='container av-section-cont-open' ><div class='template-page content  av-content-full alpha units'><div class='post-entry post-entry-type-page post-entry-1383'><div class='entry-content-wrapper clearfix'>\n \n<style type=\"text\/css\" data-created_by=\"avia_inline_auto\" id=\"style-css-av-av_heading-f8d7cd0d736798c7c2d3ee759b83afdb\">\n#top .av-special-heading.av-av_heading-f8d7cd0d736798c7c2d3ee759b83afdb{\npadding-bottom:10px;\ncolor:#ffffff;\nfont-size:30px;\n}\n.av-special-heading.av-av_heading-f8d7cd0d736798c7c2d3ee759b83afdb .special-heading-inner-border{\nborder-color:#ffffff;\n}\n<\/style>\n<div  class='av-special-heading av-av_heading-f8d7cd0d736798c7c2d3ee759b83afdb av-special-heading-h3 custom-color-heading blockquote modern-quote modern-centered  avia-builder-el-5  avia-builder-el-no-sibling  av-inherit-size '><h3 class='av-special-heading-tag '  itemprop=\"headline\"  >Le jardin c\u00f4t\u00e9 plaisir<\/h3><div class='special-heading-border'><div class='special-heading-inner-border'><\/div><\/div><\/div>\n <\/div><\/div><\/div><!-- close content main div --><\/div><\/div><\/div><div id='after_section_3'  class='main_color av_default_container_wrap container_wrap fullsize'  ><div class='container av-section-cont-open' ><div class='template-page content  av-content-full alpha units'><div class='post-entry post-entry-type-page post-entry-1383'><div class='entry-content-wrapper clearfix'><\/p>\n<section class=\"av_textblock_section \"  itemscope=\"itemscope\" itemtype=\"https:\/\/schema.org\/CreativeWork\" ><div class='avia_textblock  '   itemprop=\"text\" ><p> Cliquer ici pour ajouter votre <a href=\"https:\/\/www.tecnoma.fr\/fr\/developpement-durable\/\">propre<\/a> texte<\/p>\n<\/div><\/section>\n","protected":false},"excerpt":{"rendered":"","protected":false},"author":4,"featured_media":0,"parent":0,"menu_order":0,"comment_status":"closed","ping_status":"closed","template":"","meta":{"_acf_changed":false,"footnotes":""},"class_list":["post-1383","page","type-page","status-publish","hentry"],"acf":[],"yoast_head":"<!-- This site is optimized with the Yoast SEO plugin v27.5 - https:\/\/yoast.com\/product\/yoast-seo-wordpress\/ -->\n<title>Astuces et questions - Tecnoma<\/title>\n<meta name=\"robots\" content=\"index, follow, max-snippet:-1, max-image-preview:large, max-video-preview:-1\" \/>\n<link rel=\"canonical\" href=\"https:\/\/www.tecnoma.fr\/fr\/astuces-et-questions\/\" \/>\n<meta property=\"og:locale\" content=\"fr_FR\" \/>\n<meta property=\"og:type\" content=\"article\" \/>\n<meta property=\"og:title\" content=\"Astuces et questions - Tecnoma\" \/>\n<meta property=\"og:url\" content=\"https:\/\/www.tecnoma.fr\/fr\/astuces-et-questions\/\" \/>\n<meta property=\"og:site_name\" content=\"Tecnoma\" \/>\n<meta property=\"article:modified_time\" content=\"2017-09-29T09:30:34+00:00\" \/>\n<meta name=\"twitter:card\" content=\"summary_large_image\" \/>\n<meta name=\"twitter:label1\" content=\"Dur\u00e9e de lecture estim\u00e9e\" \/>\n\t<meta name=\"twitter:data1\" content=\"3 minutes\" \/>\n<script type=\"application\/ld+json\" class=\"yoast-schema-graph\">{\"@context\":\"https:\\\/\\\/schema.org\",\"@graph\":[{\"@type\":\"WebPage\",\"@id\":\"https:\\\/\\\/www.tecnoma.fr\\\/fr\\\/astuces-et-questions\\\/\",\"url\":\"https:\\\/\\\/www.tecnoma.fr\\\/fr\\\/astuces-et-questions\\\/\",\"name\":\"Astuces et questions - Tecnoma\",\"isPartOf\":{\"@id\":\"https:\\\/\\\/www.tecnoma.fr\\\/fr\\\/#website\"},\"datePublished\":\"2017-01-31T11:06:36+00:00\",\"dateModified\":\"2017-09-29T09:30:34+00:00\",\"breadcrumb\":{\"@id\":\"https:\\\/\\\/www.tecnoma.fr\\\/fr\\\/astuces-et-questions\\\/#breadcrumb\"},\"inLanguage\":\"fr-FR\",\"potentialAction\":[{\"@type\":\"ReadAction\",\"target\":[\"https:\\\/\\\/www.tecnoma.fr\\\/fr\\\/astuces-et-questions\\\/\"]}]},{\"@type\":\"BreadcrumbList\",\"@id\":\"https:\\\/\\\/www.tecnoma.fr\\\/fr\\\/astuces-et-questions\\\/#breadcrumb\",\"itemListElement\":[{\"@type\":\"ListItem\",\"position\":1,\"name\":\"Accueil\",\"item\":\"https:\\\/\\\/www.tecnoma.fr\\\/fr\\\/accueil\\\/\"},{\"@type\":\"ListItem\",\"position\":2,\"name\":\"Astuces et questions\"}]},{\"@type\":\"WebSite\",\"@id\":\"https:\\\/\\\/www.tecnoma.fr\\\/fr\\\/#website\",\"url\":\"https:\\\/\\\/www.tecnoma.fr\\\/fr\\\/\",\"name\":\"Tecnoma\",\"description\":\"Pulv\u00e9risateur et pompe de jardin\",\"potentialAction\":[{\"@type\":\"SearchAction\",\"target\":{\"@type\":\"EntryPoint\",\"urlTemplate\":\"https:\\\/\\\/www.tecnoma.fr\\\/fr\\\/?s={search_term_string}\"},\"query-input\":{\"@type\":\"PropertyValueSpecification\",\"valueRequired\":true,\"valueName\":\"search_term_string\"}}],\"inLanguage\":\"fr-FR\"}]}<\/script>\n<!-- \/ Yoast SEO plugin. -->","yoast_head_json":{"title":"Astuces et questions - Tecnoma","robots":{"index":"index","follow":"follow","max-snippet":"max-snippet:-1","max-image-preview":"max-image-preview:large","max-video-preview":"max-video-preview:-1"},"canonical":"https:\/\/www.tecnoma.fr\/fr\/astuces-et-questions\/","og_locale":"fr_FR","og_type":"article","og_title":"Astuces et questions - Tecnoma","og_url":"https:\/\/www.tecnoma.fr\/fr\/astuces-et-questions\/","og_site_name":"Tecnoma","article_modified_time":"2017-09-29T09:30:34+00:00","twitter_card":"summary_large_image","twitter_misc":{"Dur\u00e9e de lecture estim\u00e9e":"3 minutes"},"schema":{"@context":"https:\/\/schema.org","@graph":[{"@type":"WebPage","@id":"https:\/\/www.tecnoma.fr\/fr\/astuces-et-questions\/","url":"https:\/\/www.tecnoma.fr\/fr\/astuces-et-questions\/","name":"Astuces et questions - Tecnoma","isPartOf":{"@id":"https:\/\/www.tecnoma.fr\/fr\/#website"},"datePublished":"2017-01-31T11:06:36+00:00","dateModified":"2017-09-29T09:30:34+00:00","breadcrumb":{"@id":"https:\/\/www.tecnoma.fr\/fr\/astuces-et-questions\/#breadcrumb"},"inLanguage":"fr-FR","potentialAction":[{"@type":"ReadAction","target":["https:\/\/www.tecnoma.fr\/fr\/astuces-et-questions\/"]}]},{"@type":"BreadcrumbList","@id":"https:\/\/www.tecnoma.fr\/fr\/astuces-et-questions\/#breadcrumb","itemListElement":[{"@type":"ListItem","position":1,"name":"Accueil","item":"https:\/\/www.tecnoma.fr\/fr\/accueil\/"},{"@type":"ListItem","position":2,"name":"Astuces et questions"}]},{"@type":"WebSite","@id":"https:\/\/www.tecnoma.fr\/fr\/#website","url":"https:\/\/www.tecnoma.fr\/fr\/","name":"Tecnoma","description":"Pulv\u00e9risateur et pompe de jardin","potentialAction":[{"@type":"SearchAction","target":{"@type":"EntryPoint","urlTemplate":"https:\/\/www.tecnoma.fr\/fr\/?s={search_term_string}"},"query-input":{"@type":"PropertyValueSpecification","valueRequired":true,"valueName":"search_term_string"}}],"inLanguage":"fr-FR"}]}},"_links":{"self":[{"href":"https:\/\/www.tecnoma.fr\/fr\/wp-json\/wp\/v2\/pages\/1383","targetHints":{"allow":["GET"]}}],"collection":[{"href":"https:\/\/www.tecnoma.fr\/fr\/wp-json\/wp\/v2\/pages"}],"about":[{"href":"https:\/\/www.tecnoma.fr\/fr\/wp-json\/wp\/v2\/types\/page"}],"author":[{"embeddable":true,"href":"https:\/\/www.tecnoma.fr\/fr\/wp-json\/wp\/v2\/users\/4"}],"replies":[{"embeddable":true,"href":"https:\/\/www.tecnoma.fr\/fr\/wp-json\/wp\/v2\/comments?post=1383"}],"version-history":[{"count":9,"href":"https:\/\/www.tecnoma.fr\/fr\/wp-json\/wp\/v2\/pages\/1383\/revisions"}],"predecessor-version":[{"id":4654,"href":"https:\/\/www.tecnoma.fr\/fr\/wp-json\/wp\/v2\/pages\/1383\/revisions\/4654"}],"wp:attachment":[{"href":"https:\/\/www.tecnoma.fr\/fr\/wp-json\/wp\/v2\/media?parent=1383"}],"curies":[{"name":"wp","href":"https:\/\/api.w.org\/{rel}","templated":true}]}}