{"id":4708,"date":"2018-11-22T09:35:17","date_gmt":"2018-11-22T08:35:17","guid":{"rendered":"https:\/\/www.tecnoma.fr\/?page_id=4708\/"},"modified":"2019-06-10T13:39:58","modified_gmt":"2019-06-10T12:39:58","slug":"recette-maison-engrais-naturel-pour-gazon","status":"publish","type":"page","link":"https:\/\/www.tecnoma.fr\/fr\/recette-maison-engrais-naturel-pour-gazon\/","title":{"rendered":"Recette maison : engrais naturel pour gazon"},"content":{"rendered":"<p>&nbsp;<\/p>\n<h1>Recette maison : engrais naturel pour gazon<\/h1>\n<p>S&rsquo;il existe des engrais bio sp\u00e9cifiques dans le commerce, il est tout \u00e0 fait possible d&rsquo;avoir une belle pelouse en faisant soi-m\u00eame un engrais naturel pour gazon. C&rsquo;est \u00e9cologique et \u00e9conomique.<\/p>\n<h2>Engrais naturels pour gazon efficaces et pas chers<\/h2>\n<p>S&rsquo;il existe une quantit\u00e9 infinie d&rsquo;engrais naturels pour le gazon ou la pelouse &#8211; guano, poudre de corne ou de roche, purin d&rsquo;ortie, sang s\u00e9ch\u00e9, s\u00e9rum d&rsquo;algues, tourteau de ricin, etc. -, le plus simple et le moins co\u00fbteux est encore de le faire soi-m\u00eame.<\/p>\n<p>V\u00e9ritable condens\u00e9 de min\u00e9raux naturels et de vitamines, le <a href=\"https:\/\/www.tecnoma.fr\/fr\/jardin-bio-recette-du-purin-dortie-maison\/\">purin d&rsquo;ortie maison<\/a> est tout aussi efficace que les engrais \u00e9cologiques du commerce \u00e0 base de mati\u00e8res premi\u00e8res animale, v\u00e9g\u00e9tale ou min\u00e9rale. C&rsquo;est l&rsquo;engrais naturel par excellence.<\/p>\n<p>Riche en azote, bore et potasse, la &lsquo;Symphytum officinalis&rsquo; ou consoude est, tout comme l&rsquo;ortie, une excellente plante fertilisante. Elles sont d&rsquo;ailleurs toutes deux utilis\u00e9es comme activateur de compost.<\/p>\n<p>L&rsquo;urine humaine enfin, tr\u00e8s riche notamment en azote, constitue aussi un excellent fertilisant pour le jardin bio. Disponible \u00e0 tout moment, gratuit et in\u00e9puisable, cet engrais naturel liquide remplace tr\u00e8s efficacement les autres engrais.<\/p>\n<p>Tous ces engrais naturels s&rsquo;utilisent tr\u00e8s simplement avec un pulv\u00e9risateur manuel ou \u00e9lectrique selon les surfaces \u00e0 fertiliser.<\/p>\n<h2>Recettes d&rsquo;engrais maison 100% naturels<\/h2>\n<p>Les ingr\u00e9dients n\u00e9cessaires pour fabriquer votre <a href=\"https:\/\/www.tecnoma.fr\/fr\/comment-faire-un-engrais-liquide-naturel\/\">engrais naturel maison<\/a> sont :<\/p>\n<ul>\n<li>Purin d&rsquo;ortie : 1 kg d&rsquo;orties fra\u00eeches + 10 litres d&rsquo;eau (de pluie de pr\u00e9f\u00e9rence, non calcaire et non chlor\u00e9e) ;<\/li>\n<li>Purin de consoude : 1 kg de feuilles de consoudes fra\u00eeches + 10 litres d&rsquo;eau ;<\/li>\n<li>Urine : 1 litre d&rsquo;urine + 10 litres d&rsquo;eau.<\/li>\n<\/ul>\n<p>Si l&rsquo;urine est imm\u00e9diatement utilisable en pulv\u00e9risation, le purin s&rsquo;obtient par mac\u00e9ration des feuilles (de 1 \u00e0 3 semaines selon les temp\u00e9ratures) et brassage quotidien. L&rsquo;engrais naturel pour gazon \u00e0 base de purin est pr\u00eat lorsque les petites bulles qui remontent \u00e0 la surface lors de la fermentation n\u2019apparaissent plus. Il faut le diluer \u00e0 5% avant de le pulv\u00e9riser pour fertiliser efficacement le gazon. Si besoin, faire une pulv\u00e9risation tous les 15 jours, du printemps \u00e0 fin ao\u00fbt.<\/p>\n<p>IMPORTANT : Ces recettes maison sont utilis\u00e9es par des centres type Terre Vivante, mais ne sont pas des produits \u00e0 l\u2019efficacit\u00e9 test\u00e9e en laboratoire, ni soumis \u00e0 des autorisations de mise sur le march\u00e9. Elles sont donc \u00e0 utiliser en compl\u00e9ment ou en pr\u00e9vention, mais ne remplacent pas des traitements homologu\u00e9s.<\/p>\n","protected":false},"excerpt":{"rendered":"<p>&nbsp; Recette maison : engrais naturel pour gazon S&rsquo;il existe des engrais bio sp\u00e9cifiques dans le commerce, il est tout \u00e0 fait possible d&rsquo;avoir une belle pelouse en faisant soi-m\u00eame un engrais naturel pour gazon. C&rsquo;est \u00e9cologique et \u00e9conomique. Engrais naturels pour gazon efficaces et pas chers S&rsquo;il existe une quantit\u00e9 infinie d&rsquo;engrais naturels pour [&hellip;]<\/p>\n","protected":false},"author":9,"featured_media":0,"parent":0,"menu_order":0,"comment_status":"closed","ping_status":"closed","template":"","meta":{"_acf_changed":false,"footnotes":""},"class_list":["post-4708","page","type-page","status-publish","hentry"],"acf":[],"yoast_head":"<!-- This site is optimized with the Yoast SEO plugin v27.4 - https:\/\/yoast.com\/product\/yoast-seo-wordpress\/ -->\n<title>Recette engrais naturel pour gazon : recette engrais bio maison - Tecnoma<\/title>\n<meta name=\"description\" content=\"Retrouvez la recette maison de l&#039;engrais naturel pour gazon. Les recettes de jardin Tecnoma sont naturelles et respectent la biodiversit\u00e9 de votre jardin.\" \/>\n<meta name=\"robots\" content=\"index, follow, max-snippet:-1, max-image-preview:large, max-video-preview:-1\" \/>\n<link rel=\"canonical\" href=\"https:\/\/www.tecnoma.fr\/fr\/recette-maison-engrais-naturel-pour-gazon\/\" \/>\n<meta property=\"og:locale\" content=\"fr_FR\" \/>\n<meta property=\"og:type\" content=\"article\" \/>\n<meta property=\"og:title\" content=\"Recette engrais naturel pour gazon : recette engrais bio maison - Tecnoma\" \/>\n<meta property=\"og:description\" content=\"Retrouvez la recette maison de l&#039;engrais naturel pour gazon. Les recettes de jardin Tecnoma sont naturelles et respectent la biodiversit\u00e9 de votre jardin.\" \/>\n<meta property=\"og:url\" content=\"https:\/\/www.tecnoma.fr\/fr\/recette-maison-engrais-naturel-pour-gazon\/\" \/>\n<meta property=\"og:site_name\" content=\"Tecnoma\" \/>\n<meta property=\"article:modified_time\" content=\"2019-06-10T12:39:58+00:00\" \/>\n<meta name=\"twitter:card\" content=\"summary_large_image\" \/>\n<meta name=\"twitter:label1\" content=\"Dur\u00e9e de lecture estim\u00e9e\" \/>\n\t<meta name=\"twitter:data1\" content=\"2 minutes\" \/>\n<script type=\"application\/ld+json\" class=\"yoast-schema-graph\">{\"@context\":\"https:\\\/\\\/schema.org\",\"@graph\":[{\"@type\":\"WebPage\",\"@id\":\"https:\\\/\\\/www.tecnoma.fr\\\/fr\\\/recette-maison-engrais-naturel-pour-gazon\\\/\",\"url\":\"https:\\\/\\\/www.tecnoma.fr\\\/fr\\\/recette-maison-engrais-naturel-pour-gazon\\\/\",\"name\":\"Recette engrais naturel pour gazon : recette engrais bio maison - Tecnoma\",\"isPartOf\":{\"@id\":\"https:\\\/\\\/www.tecnoma.fr\\\/fr\\\/#website\"},\"datePublished\":\"2018-11-22T08:35:17+00:00\",\"dateModified\":\"2019-06-10T12:39:58+00:00\",\"description\":\"Retrouvez la recette maison de l'engrais naturel pour gazon. Les recettes de jardin Tecnoma sont naturelles et respectent la biodiversit\u00e9 de votre jardin.\",\"breadcrumb\":{\"@id\":\"https:\\\/\\\/www.tecnoma.fr\\\/fr\\\/recette-maison-engrais-naturel-pour-gazon\\\/#breadcrumb\"},\"inLanguage\":\"fr-FR\",\"potentialAction\":[{\"@type\":\"ReadAction\",\"target\":[\"https:\\\/\\\/www.tecnoma.fr\\\/fr\\\/recette-maison-engrais-naturel-pour-gazon\\\/\"]}]},{\"@type\":\"BreadcrumbList\",\"@id\":\"https:\\\/\\\/www.tecnoma.fr\\\/fr\\\/recette-maison-engrais-naturel-pour-gazon\\\/#breadcrumb\",\"itemListElement\":[{\"@type\":\"ListItem\",\"position\":1,\"name\":\"Accueil\",\"item\":\"https:\\\/\\\/www.tecnoma.fr\\\/fr\\\/accueil\\\/\"},{\"@type\":\"ListItem\",\"position\":2,\"name\":\"Recette maison : engrais naturel pour gazon\"}]},{\"@type\":\"WebSite\",\"@id\":\"https:\\\/\\\/www.tecnoma.fr\\\/fr\\\/#website\",\"url\":\"https:\\\/\\\/www.tecnoma.fr\\\/fr\\\/\",\"name\":\"Tecnoma\",\"description\":\"Pulv\u00e9risateur et pompe de jardin\",\"potentialAction\":[{\"@type\":\"SearchAction\",\"target\":{\"@type\":\"EntryPoint\",\"urlTemplate\":\"https:\\\/\\\/www.tecnoma.fr\\\/fr\\\/?s={search_term_string}\"},\"query-input\":{\"@type\":\"PropertyValueSpecification\",\"valueRequired\":true,\"valueName\":\"search_term_string\"}}],\"inLanguage\":\"fr-FR\"}]}<\/script>\n<!-- \/ Yoast SEO plugin. -->","yoast_head_json":{"title":"Recette engrais naturel pour gazon : recette engrais bio maison - Tecnoma","description":"Retrouvez la recette maison de l'engrais naturel pour gazon. Les recettes de jardin Tecnoma sont naturelles et respectent la biodiversit\u00e9 de votre jardin.","robots":{"index":"index","follow":"follow","max-snippet":"max-snippet:-1","max-image-preview":"max-image-preview:large","max-video-preview":"max-video-preview:-1"},"canonical":"https:\/\/www.tecnoma.fr\/fr\/recette-maison-engrais-naturel-pour-gazon\/","og_locale":"fr_FR","og_type":"article","og_title":"Recette engrais naturel pour gazon : recette engrais bio maison - Tecnoma","og_description":"Retrouvez la recette maison de l'engrais naturel pour gazon. Les recettes de jardin Tecnoma sont naturelles et respectent la biodiversit\u00e9 de votre jardin.","og_url":"https:\/\/www.tecnoma.fr\/fr\/recette-maison-engrais-naturel-pour-gazon\/","og_site_name":"Tecnoma","article_modified_time":"2019-06-10T12:39:58+00:00","twitter_card":"summary_large_image","twitter_misc":{"Dur\u00e9e de lecture estim\u00e9e":"2 minutes"},"schema":{"@context":"https:\/\/schema.org","@graph":[{"@type":"WebPage","@id":"https:\/\/www.tecnoma.fr\/fr\/recette-maison-engrais-naturel-pour-gazon\/","url":"https:\/\/www.tecnoma.fr\/fr\/recette-maison-engrais-naturel-pour-gazon\/","name":"Recette engrais naturel pour gazon : recette engrais bio maison - Tecnoma","isPartOf":{"@id":"https:\/\/www.tecnoma.fr\/fr\/#website"},"datePublished":"2018-11-22T08:35:17+00:00","dateModified":"2019-06-10T12:39:58+00:00","description":"Retrouvez la recette maison de l'engrais naturel pour gazon. Les recettes de jardin Tecnoma sont naturelles et respectent la biodiversit\u00e9 de votre jardin.","breadcrumb":{"@id":"https:\/\/www.tecnoma.fr\/fr\/recette-maison-engrais-naturel-pour-gazon\/#breadcrumb"},"inLanguage":"fr-FR","potentialAction":[{"@type":"ReadAction","target":["https:\/\/www.tecnoma.fr\/fr\/recette-maison-engrais-naturel-pour-gazon\/"]}]},{"@type":"BreadcrumbList","@id":"https:\/\/www.tecnoma.fr\/fr\/recette-maison-engrais-naturel-pour-gazon\/#breadcrumb","itemListElement":[{"@type":"ListItem","position":1,"name":"Accueil","item":"https:\/\/www.tecnoma.fr\/fr\/accueil\/"},{"@type":"ListItem","position":2,"name":"Recette maison : engrais naturel pour gazon"}]},{"@type":"WebSite","@id":"https:\/\/www.tecnoma.fr\/fr\/#website","url":"https:\/\/www.tecnoma.fr\/fr\/","name":"Tecnoma","description":"Pulv\u00e9risateur et pompe de jardin","potentialAction":[{"@type":"SearchAction","target":{"@type":"EntryPoint","urlTemplate":"https:\/\/www.tecnoma.fr\/fr\/?s={search_term_string}"},"query-input":{"@type":"PropertyValueSpecification","valueRequired":true,"valueName":"search_term_string"}}],"inLanguage":"fr-FR"}]}},"_links":{"self":[{"href":"https:\/\/www.tecnoma.fr\/fr\/wp-json\/wp\/v2\/pages\/4708","targetHints":{"allow":["GET"]}}],"collection":[{"href":"https:\/\/www.tecnoma.fr\/fr\/wp-json\/wp\/v2\/pages"}],"about":[{"href":"https:\/\/www.tecnoma.fr\/fr\/wp-json\/wp\/v2\/types\/page"}],"author":[{"embeddable":true,"href":"https:\/\/www.tecnoma.fr\/fr\/wp-json\/wp\/v2\/users\/9"}],"replies":[{"embeddable":true,"href":"https:\/\/www.tecnoma.fr\/fr\/wp-json\/wp\/v2\/comments?post=4708"}],"version-history":[{"count":4,"href":"https:\/\/www.tecnoma.fr\/fr\/wp-json\/wp\/v2\/pages\/4708\/revisions"}],"predecessor-version":[{"id":4884,"href":"https:\/\/www.tecnoma.fr\/fr\/wp-json\/wp\/v2\/pages\/4708\/revisions\/4884"}],"wp:attachment":[{"href":"https:\/\/www.tecnoma.fr\/fr\/wp-json\/wp\/v2\/media?parent=4708"}],"curies":[{"name":"wp","href":"https:\/\/api.w.org\/{rel}","templated":true}]}}