{"id":4710,"date":"2018-11-22T09:36:57","date_gmt":"2018-11-22T08:36:57","guid":{"rendered":"https:\/\/www.tecnoma.fr\/?page_id=4710\/"},"modified":"2019-06-10T13:37:07","modified_gmt":"2019-06-10T12:37:07","slug":"comment-faire-un-engrais-liquide-naturel","status":"publish","type":"page","link":"https:\/\/www.tecnoma.fr\/fr\/comment-faire-un-engrais-liquide-naturel\/","title":{"rendered":"Comment faire un engrais liquide naturel"},"content":{"rendered":"<p><\/p>\n<h1>Comment faire un engrais liquide naturel ?<\/h1>\n<p>Pour fortifier naturellement les cultures du potager, les arbres fruitiers, les plantes d&rsquo;ext\u00e9rieur et d&rsquo;int\u00e9rieur&#8230;, rien de mieux que l&rsquo;<strong>engrais liquide bio<\/strong>. Rapide \u00e0 pr\u00e9parer, facile \u00e0 utiliser avec un pulv\u00e9risateur m\u00e9canique ou \u00e9lectrique, cet engrais \u00e9cologique maison remplace tr\u00e8s efficacement les engrais chimiques de synth\u00e8se. Ils sont en plus sans risque pour la sant\u00e9, les nappes phr\u00e9atiques, les animaux, l&rsquo;\u00e9cosyst\u00e8me du jardin, etc.<\/p>\n<h2>Recette d&rsquo;engrais liquide naturel aux purins d&rsquo;ortie et de consoude<\/h2>\n<p>Tr\u00e8s efficaces en tant que fertilisants naturels, les purins d&rsquo;ortie et de consoude ne n\u00e9cessitent que deux ingr\u00e9dients : des feuilles fra\u00eeches (1 kg) et de l&rsquo;eau de pluie (10 litres)<\/p>\n<ol>\n<li>Hacher grossi\u00e8rement les feuilles d&rsquo;ortie et\/ou de consoude ;<\/li>\n<li>Les mettre dans l&rsquo;eau, dans un r\u00e9cipient non m\u00e9tallique ;<\/li>\n<li>Remuer la pr\u00e9paration quotidiennement jusqu&rsquo;\u00e0 mac\u00e9ration (des petites bulles remontent en surface) ;<\/li>\n<li>Le purin est pr\u00eat lorsqu\u2019il n\u2019y a plus de bulles ;<\/li>\n<li>Filtrer le purin et le diluer : \u00e0 10% pour fortifier les cultures en pulv\u00e9risation foliaire ou \u00e0 10% pour fertiliser en arrosage.<\/li>\n<\/ol>\n<p>IMPORTANT : Ces recettes maison sont utilis\u00e9es par des centres type Terre Vivante, mais ne sont pas des produits \u00e0 l\u2019efficacit\u00e9 test\u00e9e en laboratoire, ni soumis \u00e0 des autorisations de mise sur le march\u00e9. Elles sont donc \u00e0 utiliser en compl\u00e9ment ou en pr\u00e9vention, mais ne remplacent pas des traitements homologu\u00e9s.<\/p>\n<h2>Les engrais liquides naturels maison : une solution fertilisante \u00e9cologique et \u00e9conomique<\/h2>\n<p>Gratuits si l&rsquo;on utilise de l&rsquo;eau de pluie, les engrais liquides maison sont des <a href=\"https:\/\/www.tecnoma.fr\/fr\/comment-faire-un-fertilisant-maison-biologique\/\">fertilisants naturels<\/a> tr\u00e8s performants. Selon la composition choisie (mati\u00e8re premi\u00e8re v\u00e9g\u00e9tale, animale ou min\u00e9rale), ils apportent les nutriments n\u00e9cessaires au bon d\u00e9veloppement des plantes : azote, calcium, magn\u00e9sium, phosphore, potassium, soufre, etc.<\/p>\n<p>Certains, bien connus des adeptes de permaculture et agro\u00e9cologie, sont de v\u00e9ritables cocktails vitamin\u00e9s, incontournables au <a href=\"https:\/\/www.tecnoma.fr\/fr\/conseils-entretien-jardin-naturellement\/\">jardin bio<\/a> : les purins de consoude et\/ou d&rsquo;ortie. La pr\u00eale des champs est \u00e9galement un v\u00e9g\u00e9tal fertilisant puissant sous forme de purin, m\u00eame si elle est principalement connue et utilis\u00e9e pour ses propri\u00e9t\u00e9s fongicides en d\u00e9coction.<\/p>\n<p>Autres engrais liquides maison \u00e0 utiliser avec un <a href=\"https:\/\/www.tecnoma.fr\/fr\/produit\/pulverisateurs\/jardinez-au-naturel\/\">pulv\u00e9risateur<\/a> : le lait de cendre, l&rsquo;urine humaine, la mac\u00e9ration de plumes, l&rsquo;eau de cuisson des l\u00e9gumes, les infusions toutes herbes, de gazon coup\u00e9, de compost, etc.<\/p>\n<p>IMPORTANT : Ces recettes maison sont utilis\u00e9es par des centres type Terre Vivante, mais ne sont pas des produits \u00e0 l\u2019efficacit\u00e9 test\u00e9e en laboratoire, ni soumis \u00e0 des autorisations de mise sur le march\u00e9. Elles sont donc \u00e0 utiliser en compl\u00e9ment ou en pr\u00e9vention, mais ne remplacent pas des traitements homologu\u00e9s.<\/p>\n<p>&nbsp;<\/p>\n","protected":false},"excerpt":{"rendered":"<p>Comment faire un engrais liquide naturel ? Pour fortifier naturellement les cultures du potager, les arbres fruitiers, les plantes d&rsquo;ext\u00e9rieur et d&rsquo;int\u00e9rieur&#8230;, rien de mieux que l&rsquo;engrais liquide bio. Rapide \u00e0 pr\u00e9parer, facile \u00e0 utiliser avec un pulv\u00e9risateur m\u00e9canique ou \u00e9lectrique, cet engrais \u00e9cologique maison remplace tr\u00e8s efficacement les engrais chimiques de synth\u00e8se. Ils sont [&hellip;]<\/p>\n","protected":false},"author":9,"featured_media":0,"parent":0,"menu_order":0,"comment_status":"closed","ping_status":"closed","template":"","meta":{"_acf_changed":false,"footnotes":""},"class_list":["post-4710","page","type-page","status-publish","hentry"],"acf":[],"yoast_head":"<!-- This site is optimized with the Yoast SEO plugin v27.4 - https:\/\/yoast.com\/product\/yoast-seo-wordpress\/ -->\n<title>Comment faire un engrais liquide naturel : recette maison Tecnoma<\/title>\n<meta name=\"description\" content=\"Retrouvez les recettes maison Tecnoma pour faire un engrais liquide naturel. Nous vous livrons nos conseils pour r\u00e9aliser un engrais liquide chez soi facilement\" \/>\n<meta name=\"robots\" content=\"index, follow, max-snippet:-1, max-image-preview:large, max-video-preview:-1\" \/>\n<link rel=\"canonical\" href=\"https:\/\/www.tecnoma.fr\/fr\/comment-faire-un-engrais-liquide-naturel\/\" \/>\n<meta property=\"og:locale\" content=\"fr_FR\" \/>\n<meta property=\"og:type\" content=\"article\" \/>\n<meta property=\"og:title\" content=\"Comment faire un engrais liquide naturel : recette maison Tecnoma\" \/>\n<meta property=\"og:description\" content=\"Retrouvez les recettes maison Tecnoma pour faire un engrais liquide naturel. Nous vous livrons nos conseils pour r\u00e9aliser un engrais liquide chez soi facilement\" \/>\n<meta property=\"og:url\" content=\"https:\/\/www.tecnoma.fr\/fr\/comment-faire-un-engrais-liquide-naturel\/\" \/>\n<meta property=\"og:site_name\" content=\"Tecnoma\" \/>\n<meta property=\"article:modified_time\" content=\"2019-06-10T12:37:07+00:00\" \/>\n<meta name=\"twitter:card\" content=\"summary_large_image\" \/>\n<meta name=\"twitter:label1\" content=\"Dur\u00e9e de lecture estim\u00e9e\" \/>\n\t<meta name=\"twitter:data1\" content=\"2 minutes\" \/>\n<script type=\"application\/ld+json\" class=\"yoast-schema-graph\">{\"@context\":\"https:\\\/\\\/schema.org\",\"@graph\":[{\"@type\":\"WebPage\",\"@id\":\"https:\\\/\\\/www.tecnoma.fr\\\/fr\\\/comment-faire-un-engrais-liquide-naturel\\\/\",\"url\":\"https:\\\/\\\/www.tecnoma.fr\\\/fr\\\/comment-faire-un-engrais-liquide-naturel\\\/\",\"name\":\"Comment faire un engrais liquide naturel : recette maison Tecnoma\",\"isPartOf\":{\"@id\":\"https:\\\/\\\/www.tecnoma.fr\\\/fr\\\/#website\"},\"datePublished\":\"2018-11-22T08:36:57+00:00\",\"dateModified\":\"2019-06-10T12:37:07+00:00\",\"description\":\"Retrouvez les recettes maison Tecnoma pour faire un engrais liquide naturel. Nous vous livrons nos conseils pour r\u00e9aliser un engrais liquide chez soi facilement\",\"breadcrumb\":{\"@id\":\"https:\\\/\\\/www.tecnoma.fr\\\/fr\\\/comment-faire-un-engrais-liquide-naturel\\\/#breadcrumb\"},\"inLanguage\":\"fr-FR\",\"potentialAction\":[{\"@type\":\"ReadAction\",\"target\":[\"https:\\\/\\\/www.tecnoma.fr\\\/fr\\\/comment-faire-un-engrais-liquide-naturel\\\/\"]}]},{\"@type\":\"BreadcrumbList\",\"@id\":\"https:\\\/\\\/www.tecnoma.fr\\\/fr\\\/comment-faire-un-engrais-liquide-naturel\\\/#breadcrumb\",\"itemListElement\":[{\"@type\":\"ListItem\",\"position\":1,\"name\":\"Accueil\",\"item\":\"https:\\\/\\\/www.tecnoma.fr\\\/fr\\\/accueil\\\/\"},{\"@type\":\"ListItem\",\"position\":2,\"name\":\"Comment faire un engrais liquide naturel\"}]},{\"@type\":\"WebSite\",\"@id\":\"https:\\\/\\\/www.tecnoma.fr\\\/fr\\\/#website\",\"url\":\"https:\\\/\\\/www.tecnoma.fr\\\/fr\\\/\",\"name\":\"Tecnoma\",\"description\":\"Pulv\u00e9risateur et pompe de jardin\",\"potentialAction\":[{\"@type\":\"SearchAction\",\"target\":{\"@type\":\"EntryPoint\",\"urlTemplate\":\"https:\\\/\\\/www.tecnoma.fr\\\/fr\\\/?s={search_term_string}\"},\"query-input\":{\"@type\":\"PropertyValueSpecification\",\"valueRequired\":true,\"valueName\":\"search_term_string\"}}],\"inLanguage\":\"fr-FR\"}]}<\/script>\n<!-- \/ Yoast SEO plugin. -->","yoast_head_json":{"title":"Comment faire un engrais liquide naturel : recette maison Tecnoma","description":"Retrouvez les recettes maison Tecnoma pour faire un engrais liquide naturel. Nous vous livrons nos conseils pour r\u00e9aliser un engrais liquide chez soi facilement","robots":{"index":"index","follow":"follow","max-snippet":"max-snippet:-1","max-image-preview":"max-image-preview:large","max-video-preview":"max-video-preview:-1"},"canonical":"https:\/\/www.tecnoma.fr\/fr\/comment-faire-un-engrais-liquide-naturel\/","og_locale":"fr_FR","og_type":"article","og_title":"Comment faire un engrais liquide naturel : recette maison Tecnoma","og_description":"Retrouvez les recettes maison Tecnoma pour faire un engrais liquide naturel. Nous vous livrons nos conseils pour r\u00e9aliser un engrais liquide chez soi facilement","og_url":"https:\/\/www.tecnoma.fr\/fr\/comment-faire-un-engrais-liquide-naturel\/","og_site_name":"Tecnoma","article_modified_time":"2019-06-10T12:37:07+00:00","twitter_card":"summary_large_image","twitter_misc":{"Dur\u00e9e de lecture estim\u00e9e":"2 minutes"},"schema":{"@context":"https:\/\/schema.org","@graph":[{"@type":"WebPage","@id":"https:\/\/www.tecnoma.fr\/fr\/comment-faire-un-engrais-liquide-naturel\/","url":"https:\/\/www.tecnoma.fr\/fr\/comment-faire-un-engrais-liquide-naturel\/","name":"Comment faire un engrais liquide naturel : recette maison Tecnoma","isPartOf":{"@id":"https:\/\/www.tecnoma.fr\/fr\/#website"},"datePublished":"2018-11-22T08:36:57+00:00","dateModified":"2019-06-10T12:37:07+00:00","description":"Retrouvez les recettes maison Tecnoma pour faire un engrais liquide naturel. Nous vous livrons nos conseils pour r\u00e9aliser un engrais liquide chez soi facilement","breadcrumb":{"@id":"https:\/\/www.tecnoma.fr\/fr\/comment-faire-un-engrais-liquide-naturel\/#breadcrumb"},"inLanguage":"fr-FR","potentialAction":[{"@type":"ReadAction","target":["https:\/\/www.tecnoma.fr\/fr\/comment-faire-un-engrais-liquide-naturel\/"]}]},{"@type":"BreadcrumbList","@id":"https:\/\/www.tecnoma.fr\/fr\/comment-faire-un-engrais-liquide-naturel\/#breadcrumb","itemListElement":[{"@type":"ListItem","position":1,"name":"Accueil","item":"https:\/\/www.tecnoma.fr\/fr\/accueil\/"},{"@type":"ListItem","position":2,"name":"Comment faire un engrais liquide naturel"}]},{"@type":"WebSite","@id":"https:\/\/www.tecnoma.fr\/fr\/#website","url":"https:\/\/www.tecnoma.fr\/fr\/","name":"Tecnoma","description":"Pulv\u00e9risateur et pompe de jardin","potentialAction":[{"@type":"SearchAction","target":{"@type":"EntryPoint","urlTemplate":"https:\/\/www.tecnoma.fr\/fr\/?s={search_term_string}"},"query-input":{"@type":"PropertyValueSpecification","valueRequired":true,"valueName":"search_term_string"}}],"inLanguage":"fr-FR"}]}},"_links":{"self":[{"href":"https:\/\/www.tecnoma.fr\/fr\/wp-json\/wp\/v2\/pages\/4710","targetHints":{"allow":["GET"]}}],"collection":[{"href":"https:\/\/www.tecnoma.fr\/fr\/wp-json\/wp\/v2\/pages"}],"about":[{"href":"https:\/\/www.tecnoma.fr\/fr\/wp-json\/wp\/v2\/types\/page"}],"author":[{"embeddable":true,"href":"https:\/\/www.tecnoma.fr\/fr\/wp-json\/wp\/v2\/users\/9"}],"replies":[{"embeddable":true,"href":"https:\/\/www.tecnoma.fr\/fr\/wp-json\/wp\/v2\/comments?post=4710"}],"version-history":[{"count":5,"href":"https:\/\/www.tecnoma.fr\/fr\/wp-json\/wp\/v2\/pages\/4710\/revisions"}],"predecessor-version":[{"id":4881,"href":"https:\/\/www.tecnoma.fr\/fr\/wp-json\/wp\/v2\/pages\/4710\/revisions\/4881"}],"wp:attachment":[{"href":"https:\/\/www.tecnoma.fr\/fr\/wp-json\/wp\/v2\/media?parent=4710"}],"curies":[{"name":"wp","href":"https:\/\/api.w.org\/{rel}","templated":true}]}}