{"id":4714,"date":"2018-11-22T09:36:40","date_gmt":"2018-11-22T08:36:40","guid":{"rendered":"https:\/\/www.tecnoma.fr\/?page_id=4714\/"},"modified":"2019-06-10T13:31:29","modified_gmt":"2019-06-10T12:31:29","slug":"comment-faire-un-fertilisant-maison-biologique","status":"publish","type":"page","link":"https:\/\/www.tecnoma.fr\/fr\/comment-faire-un-fertilisant-maison-biologique\/","title":{"rendered":"Comment faire un fertilisant maison biologique"},"content":{"rendered":"<p><\/p>\n<h1>Comment faire son fertilisant maison biologique ?<\/h1>\n<p>Pour se d\u00e9velopper et r\u00e9sister aux maladies, les plantes ont besoin, comme nous, de bonne nourriture. Les engrais bio du commerce, inoffensifs pour la sant\u00e9 et l&rsquo;environnement, apportent aux cultures les \u00e9l\u00e9ments nutritifs n\u00e9cessaires \u00e0 leur \u00e9panouissement. Malheureusement, ils sont encore plus chers \u00e0 l&rsquo;achat que les engrais chimiques.<\/p>\n<p>Faire soi-m\u00eame un fertilisant maison biologique est simple, \u00e9conomique et \u00e9cologique :\u00a0<\/p>\n<ol>\n<li>Ramasser 1 kg de feuilles d&rsquo;orties ;<\/li>\n<li>Les hacher grossi\u00e8rement et les plonger dans 10 litres d&rsquo;eau de pluie, dans un contenant non m\u00e9tallique ;<\/li>\n<li>Remuer r\u00e9guli\u00e8rement jusqu&rsquo;\u00e0 fermentation, environ 2 \u00e0 3 semaines selon les temp\u00e9ratures (des petites bulles remontent alors \u00e0 la surface) ;<\/li>\n<li>Le purin est pr\u00eat lorsqu\u2019il n\u2019y a plus de bulles ;<\/li>\n<li>Diluer le purin \u00e0 10% pour une pulv\u00e9risation foliaire et \u00e0 10% pour un arrosage directement au pied des cultures.<\/li>\n<\/ol>\n<p>IMPORTANT : Ces recettes maison sont utilis\u00e9es par des centres type Terre Vivante, mais ne sont pas des produits \u00e0 l\u2019efficacit\u00e9 test\u00e9e en laboratoire, ni soumis \u00e0 des autorisations de mise sur le march\u00e9. Elles sont donc \u00e0 utiliser en compl\u00e9ment ou en pr\u00e9vention, mais ne remplacent pas des traitements homologu\u00e9s.<\/p>\n<h2>Recette d&rsquo;engrais maison \u00e0 base d&rsquo;orties : un fertilisant maison \u00e9conomique tr\u00e8s efficace<\/h2>\n<p>Jardiner selon les pr\u00e9ceptes de la permaculture et d&rsquo;un sol le plus &lsquo;vivant&rsquo; possible permet de se passer d&rsquo;engrais. Mais si l&rsquo;on d\u00e9bute dans cette pratique, le recours \u00e0 des fertilisants naturels est n\u00e9cessaire, surtout si la terre a \u00e9t\u00e9 malmen\u00e9e par des m\u00e9thodes non ad\u00e9quates.<\/p>\n<p>Une des recettes les plus utilis\u00e9es chez les adeptes d&rsquo;agriculture naturelle pour son efficacit\u00e9 redoutable est le <a href=\"https:\/\/www.tecnoma.fr\/fr\/jardin-bio-recette-du-purin-dortie-maison\/\">purin d&rsquo;ortie<\/a>. Bien qu&rsquo;apparent\u00e9e \u00e0 une mauvaise herbe envahissante (et qui pique !), l&rsquo;ortie est un v\u00e9g\u00e9tal aux multiples vertus. Tr\u00e8s riche en azote, elle est un puissant fertilisant qui stimule la croissance des cultures tout en les prot\u00e9geant contre certaines maladies.<\/p>\n<h2>Autres fertilisants maison naturels performants<\/h2>\n<p>Bien connue des <a href=\"https:\/\/www.tecnoma.fr\/fr\/conseils-entretien-jardin-naturellement\/\">jardiniers \u00e9cologiques<\/a>, la consoude est aussi une tr\u00e8s bonne plante compagne pour vos cultures. En purin comme l&rsquo;ortie, elle constitue un excellent stimulant et fertilisant.<\/p>\n<p>Moins r\u00e9pandu, l&rsquo;engrais naturel \u00e0 base d&rsquo;urine humaine (1l) et d&rsquo;eau (10l) est tr\u00e8s efficace en raison notamment de sa forte teneur en phosphore. Par contre, le &lsquo;donneur&rsquo; doit \u00eatre en bonne sant\u00e9 et ne pas abuser de m\u00e9dicaments&#8230;<\/p>\n<p>Il existe d&rsquo;autres fertilisants gratuits et naturels comme le marc de caf\u00e9, le lait de cendres, l&rsquo;eau de cuisson des l\u00e9gumes, les peaux de banane, l&rsquo;infusion de compost ou de gazon coup\u00e9, etc.<\/p>\n<p>Le choix d&rsquo;un fertilisant plut\u00f4t qu&rsquo;un autre d\u00e9pend de la superficie \u00e0 amender (plante en pot, l\u00e9gumes du potager, verger&#8230;) et des ressources disponibles.<\/p>\n<p>IMPORTANT : Ces recettes maison sont utilis\u00e9es par des centres type Terre Vivante, mais ne sont pas des produits \u00e0 l\u2019efficacit\u00e9 test\u00e9e en laboratoire, ni soumis \u00e0 des autorisations de mise sur le march\u00e9. Elles sont donc \u00e0 utiliser en compl\u00e9ment ou en pr\u00e9vention, mais ne remplacent pas des traitements homologu\u00e9s.<\/p>\n","protected":false},"excerpt":{"rendered":"<p>Comment faire son fertilisant maison biologique ? Pour se d\u00e9velopper et r\u00e9sister aux maladies, les plantes ont besoin, comme nous, de bonne nourriture. Les engrais bio du commerce, inoffensifs pour la sant\u00e9 et l&rsquo;environnement, apportent aux cultures les \u00e9l\u00e9ments nutritifs n\u00e9cessaires \u00e0 leur \u00e9panouissement. Malheureusement, ils sont encore plus chers \u00e0 l&rsquo;achat que les engrais [&hellip;]<\/p>\n","protected":false},"author":9,"featured_media":0,"parent":0,"menu_order":0,"comment_status":"closed","ping_status":"closed","template":"","meta":{"_acf_changed":false,"footnotes":""},"class_list":["post-4714","page","type-page","status-publish","hentry"],"acf":[],"yoast_head":"<!-- This site is optimized with the Yoast SEO plugin v27.4 - https:\/\/yoast.com\/product\/yoast-seo-wordpress\/ -->\n<title>Comment faire un fertilisant maison bio : recette naturelle Tecnoma<\/title>\n<meta name=\"description\" content=\"Vous souhaitez fabriquer un fertilisant maison biologique pour votre jardin? Retrouvez les recettes maison Tecnoma pour un fertilisant bio r\u00e9alis\u00e9 chez soi facilement avec peu d&#039;ingr\u00e9dient\" \/>\n<meta name=\"robots\" content=\"index, follow, max-snippet:-1, max-image-preview:large, max-video-preview:-1\" \/>\n<link rel=\"canonical\" href=\"https:\/\/www.tecnoma.fr\/fr\/comment-faire-un-fertilisant-maison-biologique\/\" \/>\n<meta property=\"og:locale\" content=\"fr_FR\" \/>\n<meta property=\"og:type\" content=\"article\" \/>\n<meta property=\"og:title\" content=\"Comment faire un fertilisant maison bio : recette naturelle Tecnoma\" \/>\n<meta property=\"og:description\" content=\"Vous souhaitez fabriquer un fertilisant maison biologique pour votre jardin? Retrouvez les recettes maison Tecnoma pour un fertilisant bio r\u00e9alis\u00e9 chez soi facilement avec peu d&#039;ingr\u00e9dient\" \/>\n<meta property=\"og:url\" content=\"https:\/\/www.tecnoma.fr\/fr\/comment-faire-un-fertilisant-maison-biologique\/\" \/>\n<meta property=\"og:site_name\" content=\"Tecnoma\" \/>\n<meta property=\"article:modified_time\" content=\"2019-06-10T12:31:29+00:00\" \/>\n<meta name=\"twitter:card\" content=\"summary_large_image\" \/>\n<meta name=\"twitter:label1\" content=\"Dur\u00e9e de lecture estim\u00e9e\" \/>\n\t<meta name=\"twitter:data1\" content=\"3 minutes\" \/>\n<script type=\"application\/ld+json\" class=\"yoast-schema-graph\">{\"@context\":\"https:\\\/\\\/schema.org\",\"@graph\":[{\"@type\":\"WebPage\",\"@id\":\"https:\\\/\\\/www.tecnoma.fr\\\/fr\\\/comment-faire-un-fertilisant-maison-biologique\\\/\",\"url\":\"https:\\\/\\\/www.tecnoma.fr\\\/fr\\\/comment-faire-un-fertilisant-maison-biologique\\\/\",\"name\":\"Comment faire un fertilisant maison bio : recette naturelle Tecnoma\",\"isPartOf\":{\"@id\":\"https:\\\/\\\/www.tecnoma.fr\\\/fr\\\/#website\"},\"datePublished\":\"2018-11-22T08:36:40+00:00\",\"dateModified\":\"2019-06-10T12:31:29+00:00\",\"description\":\"Vous souhaitez fabriquer un fertilisant maison biologique pour votre jardin? Retrouvez les recettes maison Tecnoma pour un fertilisant bio r\u00e9alis\u00e9 chez soi facilement avec peu d'ingr\u00e9dient\",\"breadcrumb\":{\"@id\":\"https:\\\/\\\/www.tecnoma.fr\\\/fr\\\/comment-faire-un-fertilisant-maison-biologique\\\/#breadcrumb\"},\"inLanguage\":\"fr-FR\",\"potentialAction\":[{\"@type\":\"ReadAction\",\"target\":[\"https:\\\/\\\/www.tecnoma.fr\\\/fr\\\/comment-faire-un-fertilisant-maison-biologique\\\/\"]}]},{\"@type\":\"BreadcrumbList\",\"@id\":\"https:\\\/\\\/www.tecnoma.fr\\\/fr\\\/comment-faire-un-fertilisant-maison-biologique\\\/#breadcrumb\",\"itemListElement\":[{\"@type\":\"ListItem\",\"position\":1,\"name\":\"Accueil\",\"item\":\"https:\\\/\\\/www.tecnoma.fr\\\/fr\\\/accueil\\\/\"},{\"@type\":\"ListItem\",\"position\":2,\"name\":\"Comment faire un fertilisant maison biologique\"}]},{\"@type\":\"WebSite\",\"@id\":\"https:\\\/\\\/www.tecnoma.fr\\\/fr\\\/#website\",\"url\":\"https:\\\/\\\/www.tecnoma.fr\\\/fr\\\/\",\"name\":\"Tecnoma\",\"description\":\"Pulv\u00e9risateur et pompe de jardin\",\"potentialAction\":[{\"@type\":\"SearchAction\",\"target\":{\"@type\":\"EntryPoint\",\"urlTemplate\":\"https:\\\/\\\/www.tecnoma.fr\\\/fr\\\/?s={search_term_string}\"},\"query-input\":{\"@type\":\"PropertyValueSpecification\",\"valueRequired\":true,\"valueName\":\"search_term_string\"}}],\"inLanguage\":\"fr-FR\"}]}<\/script>\n<!-- \/ Yoast SEO plugin. -->","yoast_head_json":{"title":"Comment faire un fertilisant maison bio : recette naturelle Tecnoma","description":"Vous souhaitez fabriquer un fertilisant maison biologique pour votre jardin? Retrouvez les recettes maison Tecnoma pour un fertilisant bio r\u00e9alis\u00e9 chez soi facilement avec peu d'ingr\u00e9dient","robots":{"index":"index","follow":"follow","max-snippet":"max-snippet:-1","max-image-preview":"max-image-preview:large","max-video-preview":"max-video-preview:-1"},"canonical":"https:\/\/www.tecnoma.fr\/fr\/comment-faire-un-fertilisant-maison-biologique\/","og_locale":"fr_FR","og_type":"article","og_title":"Comment faire un fertilisant maison bio : recette naturelle Tecnoma","og_description":"Vous souhaitez fabriquer un fertilisant maison biologique pour votre jardin? Retrouvez les recettes maison Tecnoma pour un fertilisant bio r\u00e9alis\u00e9 chez soi facilement avec peu d'ingr\u00e9dient","og_url":"https:\/\/www.tecnoma.fr\/fr\/comment-faire-un-fertilisant-maison-biologique\/","og_site_name":"Tecnoma","article_modified_time":"2019-06-10T12:31:29+00:00","twitter_card":"summary_large_image","twitter_misc":{"Dur\u00e9e de lecture estim\u00e9e":"3 minutes"},"schema":{"@context":"https:\/\/schema.org","@graph":[{"@type":"WebPage","@id":"https:\/\/www.tecnoma.fr\/fr\/comment-faire-un-fertilisant-maison-biologique\/","url":"https:\/\/www.tecnoma.fr\/fr\/comment-faire-un-fertilisant-maison-biologique\/","name":"Comment faire un fertilisant maison bio : recette naturelle Tecnoma","isPartOf":{"@id":"https:\/\/www.tecnoma.fr\/fr\/#website"},"datePublished":"2018-11-22T08:36:40+00:00","dateModified":"2019-06-10T12:31:29+00:00","description":"Vous souhaitez fabriquer un fertilisant maison biologique pour votre jardin? Retrouvez les recettes maison Tecnoma pour un fertilisant bio r\u00e9alis\u00e9 chez soi facilement avec peu d'ingr\u00e9dient","breadcrumb":{"@id":"https:\/\/www.tecnoma.fr\/fr\/comment-faire-un-fertilisant-maison-biologique\/#breadcrumb"},"inLanguage":"fr-FR","potentialAction":[{"@type":"ReadAction","target":["https:\/\/www.tecnoma.fr\/fr\/comment-faire-un-fertilisant-maison-biologique\/"]}]},{"@type":"BreadcrumbList","@id":"https:\/\/www.tecnoma.fr\/fr\/comment-faire-un-fertilisant-maison-biologique\/#breadcrumb","itemListElement":[{"@type":"ListItem","position":1,"name":"Accueil","item":"https:\/\/www.tecnoma.fr\/fr\/accueil\/"},{"@type":"ListItem","position":2,"name":"Comment faire un fertilisant maison biologique"}]},{"@type":"WebSite","@id":"https:\/\/www.tecnoma.fr\/fr\/#website","url":"https:\/\/www.tecnoma.fr\/fr\/","name":"Tecnoma","description":"Pulv\u00e9risateur et pompe de jardin","potentialAction":[{"@type":"SearchAction","target":{"@type":"EntryPoint","urlTemplate":"https:\/\/www.tecnoma.fr\/fr\/?s={search_term_string}"},"query-input":{"@type":"PropertyValueSpecification","valueRequired":true,"valueName":"search_term_string"}}],"inLanguage":"fr-FR"}]}},"_links":{"self":[{"href":"https:\/\/www.tecnoma.fr\/fr\/wp-json\/wp\/v2\/pages\/4714","targetHints":{"allow":["GET"]}}],"collection":[{"href":"https:\/\/www.tecnoma.fr\/fr\/wp-json\/wp\/v2\/pages"}],"about":[{"href":"https:\/\/www.tecnoma.fr\/fr\/wp-json\/wp\/v2\/types\/page"}],"author":[{"embeddable":true,"href":"https:\/\/www.tecnoma.fr\/fr\/wp-json\/wp\/v2\/users\/9"}],"replies":[{"embeddable":true,"href":"https:\/\/www.tecnoma.fr\/fr\/wp-json\/wp\/v2\/comments?post=4714"}],"version-history":[{"count":4,"href":"https:\/\/www.tecnoma.fr\/fr\/wp-json\/wp\/v2\/pages\/4714\/revisions"}],"predecessor-version":[{"id":4878,"href":"https:\/\/www.tecnoma.fr\/fr\/wp-json\/wp\/v2\/pages\/4714\/revisions\/4878"}],"wp:attachment":[{"href":"https:\/\/www.tecnoma.fr\/fr\/wp-json\/wp\/v2\/media?parent=4714"}],"curies":[{"name":"wp","href":"https:\/\/api.w.org\/{rel}","templated":true}]}}