{"id":4716,"date":"2018-11-22T09:36:22","date_gmt":"2018-11-22T08:36:22","guid":{"rendered":"https:\/\/www.tecnoma.fr\/?page_id=4716\/"},"modified":"2018-11-22T09:36:22","modified_gmt":"2018-11-22T08:36:22","slug":"principes-du-jardinage-naturel","status":"publish","type":"page","link":"https:\/\/www.tecnoma.fr\/fr\/principes-du-jardinage-naturel\/","title":{"rendered":"Les grands principes du jardinage naturel"},"content":{"rendered":"<h1>Les grands principes du jardinage naturel<\/h1>\n<p>Les pesticides et autres produits chimiques de synth\u00e8se utilis\u00e9s au jardin sont une v\u00e9ritable catastrophe \u00e9cologique : pollution de l&rsquo;eau, \u00e9rosion et st\u00e9rilit\u00e9 des sols, production de d\u00e9chets toxiques, d\u00e9t\u00e9rioration de la sant\u00e9, etc.<\/p>\n<p>Le jardinage naturel, en symbiose avec son environnement, est plus qu&rsquo;une simple technique de culture. C&rsquo;est un v\u00e9ritable art de vivre qui prend soin \u00e0 la fois de la Terre et des humains, dans une logique de partage des ressources. Pour Pierre Rabhi m\u00eame, l&rsquo;incontournable paysan-\u00e9crivain-penseur&rsquo; fondateur du mouvement Colibris, &lsquo;cultiver son lopin de terre (\u2026) est un acte de politique (\u2026) et de r\u00e9sistance&rsquo;.<\/p>\n<h2>Favoriser la vie et l&rsquo;\u00e9quilibre naturel du jardin<\/h2>\n<p>Dans la nature, l&rsquo;\u00e9quilibre se cr\u00e9e simplement. Dans la for\u00eat par exemple, la v\u00e9g\u00e9tation n&rsquo;a pas besoin d&rsquo;engrais chimique pour s&rsquo;\u00e9panouir. Les milieux naturels sont des \u00e9cosyst\u00e8mes complets o\u00f9 chacun fait sa part (animaux, v\u00e9g\u00e9taux, eau, air&#8230;) pour cr\u00e9er un environnement vivant propice au d\u00e9veloppement et trouver des strat\u00e9gies contre les nuisibles et maladies.<\/p>\n<p>Le but du jardin naturel est de retrouver cet \u00e9quilibre en ne travaillant pas contre la nature mais avec. Cela implique une conception nouvelle du jardin, de l&rsquo;am\u00e9nagement des espaces et des pratiques de jardinage.<\/p>\n<p>Ainsi dans un jardin naturel en permaculture :<\/p>\n<ul>\n<li>La terre est prot\u00e9g\u00e9e par un paillis et n&rsquo;est jamais retourn\u00e9e ;<\/li>\n<li>On pratique les associations de plantes pour diminuer les risques de maladies, \u00e9loigner les nuisibles et gagner de la place ;<\/li>\n<li>On privil\u00e9gie la diversit\u00e9 : l\u00e9gumes anciens, plantes sauvages, vari\u00e9t\u00e9s exotiques, l\u00e9gumineuses pour capter l&rsquo;azote, engrais verts, etc.<\/li>\n<\/ul>\n<p>&nbsp;<\/p>\n<h2>Fertiliser et soigner avec des plantes<\/h2>\n<p>Le compost maison est un excellent fertilisant pour les cultures. Il retient l&rsquo;eau et permet \u00e0 l&rsquo;air de mieux circuler tout en fournissant les nutriments n\u00e9cessaires au bon d\u00e9veloppement de la v\u00e9g\u00e9tation : azote, magn\u00e9sium, phosphore, potassium, etc.<\/p>\n<p>En cas de maladies, il existe d&rsquo;excellentes solutions naturelles faciles \u00e0 appliquer : le purin d&rsquo;ortie et\/ou de consoude, la d\u00e9coction de pr\u00eale et\/ou d&rsquo;ail, le bicarbonate de soude&#8230;<\/p>\n<p>Finalement, jardiner de mani\u00e8re naturelle, c&rsquo;est conna\u00eetre et \u00eatre \u00e0 l&rsquo;\u00e9coute de son sol, l&rsquo;accompagner en douceur sans martyriser la vie qu&rsquo;il contient. Cette derni\u00e8re est indispensable \u00e0 la formation de l&rsquo;humus, son a\u00e9ration, son drainage, etc.<\/p>\n","protected":false},"excerpt":{"rendered":"<p>Les grands principes du jardinage naturel Les pesticides et autres produits chimiques de synth\u00e8se utilis\u00e9s au jardin sont une v\u00e9ritable catastrophe \u00e9cologique : pollution de l&rsquo;eau, \u00e9rosion et st\u00e9rilit\u00e9 des sols, production de d\u00e9chets toxiques, d\u00e9t\u00e9rioration de la sant\u00e9, etc. Le jardinage naturel, en symbiose avec son environnement, est plus qu&rsquo;une simple technique de culture. [&hellip;]<\/p>\n","protected":false},"author":9,"featured_media":0,"parent":0,"menu_order":0,"comment_status":"closed","ping_status":"closed","template":"","meta":{"_acf_changed":false,"footnotes":""},"class_list":["post-4716","page","type-page","status-publish","hentry"],"acf":[],"yoast_head":"<!-- This site is optimized with the Yoast SEO plugin v27.4 - https:\/\/yoast.com\/product\/yoast-seo-wordpress\/ -->\n<title>Grands principes du jardinage naturel : les conseils Tecnoma<\/title>\n<meta name=\"description\" content=\"D\u00e9couvrez les grands principes du jardinage naturel : fertiliser, soigner ses plantes, produits naturels... Tecnoma vous livre ses conseils pour entretenir son jardin naturellement\" \/>\n<meta name=\"robots\" content=\"index, follow, max-snippet:-1, max-image-preview:large, max-video-preview:-1\" \/>\n<link rel=\"canonical\" href=\"https:\/\/www.tecnoma.fr\/fr\/principes-du-jardinage-naturel\/\" \/>\n<meta property=\"og:locale\" content=\"fr_FR\" \/>\n<meta property=\"og:type\" content=\"article\" \/>\n<meta property=\"og:title\" content=\"Grands principes du jardinage naturel : les conseils Tecnoma\" \/>\n<meta property=\"og:description\" content=\"D\u00e9couvrez les grands principes du jardinage naturel : fertiliser, soigner ses plantes, produits naturels... Tecnoma vous livre ses conseils pour entretenir son jardin naturellement\" \/>\n<meta property=\"og:url\" content=\"https:\/\/www.tecnoma.fr\/fr\/principes-du-jardinage-naturel\/\" \/>\n<meta property=\"og:site_name\" content=\"Tecnoma\" \/>\n<meta name=\"twitter:card\" content=\"summary_large_image\" \/>\n<meta name=\"twitter:label1\" content=\"Dur\u00e9e de lecture estim\u00e9e\" \/>\n\t<meta name=\"twitter:data1\" content=\"2 minutes\" \/>\n<script type=\"application\/ld+json\" class=\"yoast-schema-graph\">{\"@context\":\"https:\\\/\\\/schema.org\",\"@graph\":[{\"@type\":\"WebPage\",\"@id\":\"https:\\\/\\\/www.tecnoma.fr\\\/fr\\\/principes-du-jardinage-naturel\\\/\",\"url\":\"https:\\\/\\\/www.tecnoma.fr\\\/fr\\\/principes-du-jardinage-naturel\\\/\",\"name\":\"Grands principes du jardinage naturel : les conseils Tecnoma\",\"isPartOf\":{\"@id\":\"https:\\\/\\\/www.tecnoma.fr\\\/fr\\\/#website\"},\"datePublished\":\"2018-11-22T08:36:22+00:00\",\"description\":\"D\u00e9couvrez les grands principes du jardinage naturel : fertiliser, soigner ses plantes, produits naturels... Tecnoma vous livre ses conseils pour entretenir son jardin naturellement\",\"breadcrumb\":{\"@id\":\"https:\\\/\\\/www.tecnoma.fr\\\/fr\\\/principes-du-jardinage-naturel\\\/#breadcrumb\"},\"inLanguage\":\"fr-FR\",\"potentialAction\":[{\"@type\":\"ReadAction\",\"target\":[\"https:\\\/\\\/www.tecnoma.fr\\\/fr\\\/principes-du-jardinage-naturel\\\/\"]}]},{\"@type\":\"BreadcrumbList\",\"@id\":\"https:\\\/\\\/www.tecnoma.fr\\\/fr\\\/principes-du-jardinage-naturel\\\/#breadcrumb\",\"itemListElement\":[{\"@type\":\"ListItem\",\"position\":1,\"name\":\"Accueil\",\"item\":\"https:\\\/\\\/www.tecnoma.fr\\\/fr\\\/accueil\\\/\"},{\"@type\":\"ListItem\",\"position\":2,\"name\":\"Les grands principes du jardinage naturel\"}]},{\"@type\":\"WebSite\",\"@id\":\"https:\\\/\\\/www.tecnoma.fr\\\/fr\\\/#website\",\"url\":\"https:\\\/\\\/www.tecnoma.fr\\\/fr\\\/\",\"name\":\"Tecnoma\",\"description\":\"Pulv\u00e9risateur et pompe de jardin\",\"potentialAction\":[{\"@type\":\"SearchAction\",\"target\":{\"@type\":\"EntryPoint\",\"urlTemplate\":\"https:\\\/\\\/www.tecnoma.fr\\\/fr\\\/?s={search_term_string}\"},\"query-input\":{\"@type\":\"PropertyValueSpecification\",\"valueRequired\":true,\"valueName\":\"search_term_string\"}}],\"inLanguage\":\"fr-FR\"}]}<\/script>\n<!-- \/ Yoast SEO plugin. -->","yoast_head_json":{"title":"Grands principes du jardinage naturel : les conseils Tecnoma","description":"D\u00e9couvrez les grands principes du jardinage naturel : fertiliser, soigner ses plantes, produits naturels... Tecnoma vous livre ses conseils pour entretenir son jardin naturellement","robots":{"index":"index","follow":"follow","max-snippet":"max-snippet:-1","max-image-preview":"max-image-preview:large","max-video-preview":"max-video-preview:-1"},"canonical":"https:\/\/www.tecnoma.fr\/fr\/principes-du-jardinage-naturel\/","og_locale":"fr_FR","og_type":"article","og_title":"Grands principes du jardinage naturel : les conseils Tecnoma","og_description":"D\u00e9couvrez les grands principes du jardinage naturel : fertiliser, soigner ses plantes, produits naturels... Tecnoma vous livre ses conseils pour entretenir son jardin naturellement","og_url":"https:\/\/www.tecnoma.fr\/fr\/principes-du-jardinage-naturel\/","og_site_name":"Tecnoma","twitter_card":"summary_large_image","twitter_misc":{"Dur\u00e9e de lecture estim\u00e9e":"2 minutes"},"schema":{"@context":"https:\/\/schema.org","@graph":[{"@type":"WebPage","@id":"https:\/\/www.tecnoma.fr\/fr\/principes-du-jardinage-naturel\/","url":"https:\/\/www.tecnoma.fr\/fr\/principes-du-jardinage-naturel\/","name":"Grands principes du jardinage naturel : les conseils Tecnoma","isPartOf":{"@id":"https:\/\/www.tecnoma.fr\/fr\/#website"},"datePublished":"2018-11-22T08:36:22+00:00","description":"D\u00e9couvrez les grands principes du jardinage naturel : fertiliser, soigner ses plantes, produits naturels... Tecnoma vous livre ses conseils pour entretenir son jardin naturellement","breadcrumb":{"@id":"https:\/\/www.tecnoma.fr\/fr\/principes-du-jardinage-naturel\/#breadcrumb"},"inLanguage":"fr-FR","potentialAction":[{"@type":"ReadAction","target":["https:\/\/www.tecnoma.fr\/fr\/principes-du-jardinage-naturel\/"]}]},{"@type":"BreadcrumbList","@id":"https:\/\/www.tecnoma.fr\/fr\/principes-du-jardinage-naturel\/#breadcrumb","itemListElement":[{"@type":"ListItem","position":1,"name":"Accueil","item":"https:\/\/www.tecnoma.fr\/fr\/accueil\/"},{"@type":"ListItem","position":2,"name":"Les grands principes du jardinage naturel"}]},{"@type":"WebSite","@id":"https:\/\/www.tecnoma.fr\/fr\/#website","url":"https:\/\/www.tecnoma.fr\/fr\/","name":"Tecnoma","description":"Pulv\u00e9risateur et pompe de jardin","potentialAction":[{"@type":"SearchAction","target":{"@type":"EntryPoint","urlTemplate":"https:\/\/www.tecnoma.fr\/fr\/?s={search_term_string}"},"query-input":{"@type":"PropertyValueSpecification","valueRequired":true,"valueName":"search_term_string"}}],"inLanguage":"fr-FR"}]}},"_links":{"self":[{"href":"https:\/\/www.tecnoma.fr\/fr\/wp-json\/wp\/v2\/pages\/4716","targetHints":{"allow":["GET"]}}],"collection":[{"href":"https:\/\/www.tecnoma.fr\/fr\/wp-json\/wp\/v2\/pages"}],"about":[{"href":"https:\/\/www.tecnoma.fr\/fr\/wp-json\/wp\/v2\/types\/page"}],"author":[{"embeddable":true,"href":"https:\/\/www.tecnoma.fr\/fr\/wp-json\/wp\/v2\/users\/9"}],"replies":[{"embeddable":true,"href":"https:\/\/www.tecnoma.fr\/fr\/wp-json\/wp\/v2\/comments?post=4716"}],"version-history":[{"count":2,"href":"https:\/\/www.tecnoma.fr\/fr\/wp-json\/wp\/v2\/pages\/4716\/revisions"}],"predecessor-version":[{"id":4747,"href":"https:\/\/www.tecnoma.fr\/fr\/wp-json\/wp\/v2\/pages\/4716\/revisions\/4747"}],"wp:attachment":[{"href":"https:\/\/www.tecnoma.fr\/fr\/wp-json\/wp\/v2\/media?parent=4716"}],"curies":[{"name":"wp","href":"https:\/\/api.w.org\/{rel}","templated":true}]}}