{"id":4718,"date":"2018-11-22T09:36:06","date_gmt":"2018-11-22T08:36:06","guid":{"rendered":"https:\/\/www.tecnoma.fr\/?page_id=4718\/"},"modified":"2019-06-10T13:23:18","modified_gmt":"2019-06-10T12:23:18","slug":"traitement-naturel-du-jardin-pulverisateur-pour-decoction","status":"publish","type":"page","link":"https:\/\/www.tecnoma.fr\/fr\/traitement-naturel-du-jardin-pulverisateur-pour-decoction\/","title":{"rendered":"Traitement naturel du jardin bio : le pulv\u00e9risateur pour d\u00e9coction"},"content":{"rendered":"<p>&nbsp;<\/p>\n<h1>Le pulv\u00e9risateur pour d\u00e9coction : traitement naturel du jardin bio<\/h1>\n<p>Pour stimuler les d\u00e9fenses naturelles des v\u00e9g\u00e9taux (potager, verger, jardin d&rsquo;agr\u00e9ment&#8230;) mais aussi renforcer leurs tissus, les pr\u00e9parations naturelles maison sont tr\u00e8s efficaces. Utilis\u00e9es avec un pulv\u00e9risateur apr\u00e8s d\u00e9coction, mac\u00e9ration ou encore infusion, elles permettent d&rsquo;extraire les principes actifs de plantes reconnues pour leurs propri\u00e9t\u00e9s fertilisantes, insectifuges et\/ou fongicides.<\/p>\n<h2>Quel pulv\u00e9risateur utiliser pour une d\u00e9coction de jardin ?<\/h2>\n<p>Qu&rsquo;il s&rsquo;agisse de d\u00e9coction, d&rsquo;extrait ferment\u00e9 ou de tisane, le choix du pulv\u00e9risateur d\u00e9pend de la surface \u00e0 traiter. Pour un traitement ponctuel de plantes sur un balcon, une terrasse ou dans un petit massif, une simple g\u00e2chette ou un pulv\u00e9risateur de petite capacit\u00e9 \u00e0 pression pr\u00e9alable peuvent suffire :<\/p>\n<ul>\n<li>G\u00e2chette petit format (0,5 \u00e0 1 l) ;<\/li>\n<li>Pulv\u00e9risateur 360\u00b0 sp\u00e9cial pr\u00e9parations maison avec joints haute r\u00e9sistance (2 l) ;<\/li>\n<li>G\u00e2chette 5 l \u00e0 porter en bandouli\u00e8re ;<\/li>\n<li>Pulv\u00e9risateur \u00e0 <a href=\"https:\/\/www.tecnoma.fr\/fr\/produit\/pulverisateurs\/pression-prealable-superieure-2l\/\">pression pr\u00e9alable<\/a> 5 l, etc.<\/li>\n<\/ul>\n<p>Pour des surfaces \u00e0 traiter plus importantes, utilisez un pulv\u00e9risateur de plus grande contenance :<\/p>\n<ul>\n<li>Pulv\u00e9risateur 7 l \u00e0 pression pr\u00e9alable pour les jardins entre 200 et 700 m\u00b2 ;<\/li>\n<li>Pulv\u00e9risateur 12 l pour les surfaces sup\u00e9rieures \u00e0 500 m\u00b2 et les traitements en hauteur ;<\/li>\n<li><a href=\"https:\/\/www.tecnoma.fr\/fr\/produit\/pulverisateurs\/jardinez-au-naturel\/\">Pulv\u00e9risateur Pure<\/a> sp\u00e9cialement adapt\u00e9 aux d\u00e9coctions et autres recettes naturelles maison \u00e0 base de plantes, savon noir, vinaigre&#8230; ;<\/li>\n<li>Pulv\u00e9risateur \u00e0 dos ergonomique de forme courb\u00e9e pour les grands jardins (12 \u00e0 16 l) ;<\/li>\n<li>Pulv\u00e9risateur sur batterie offrant jusqu&rsquo;\u00e0 15 l d&rsquo;autonomie, etc.<\/li>\n<\/ul>\n<h2>Recette de d\u00e9coction \u00e0 l&rsquo;ail pour votre pulv\u00e9risateur<\/h2>\n<p>Excellent fongicide et insecticide, l&rsquo;ail utilis\u00e9 en d\u00e9coction puis pulv\u00e9ris\u00e9 permet aux plantes de lutter efficacement contre les maladies qui les attaquent, notamment au printemps : fonte des semis, cloque du p\u00eacher, pourriture du fraisier, rouille, mildiou&#8230; Cette d\u00e9coction d&rsquo;ail \u00e0 pulv\u00e9riser permet \u00e9galement d&rsquo;\u00e9loigner les acariens, les chenilles, les mouches de l&rsquo;oignon ou encore les pucerons.<\/p>\n<p>La recette pour 1 l de d\u00e9coction est simple :<\/p>\n<ul>\n<li>\u00c9plucher 100 g d&rsquo;oignons puis les hacher grossi\u00e8rement ;<\/li>\n<li>Les faire tremper dans 1 litre d&rsquo;eau de pluie pendant 1 journ\u00e9e ;<\/li>\n<li>Faire bouillir pendant 15 minutes ;<\/li>\n<li>Laisser refroidir puis filtrer ;<\/li>\n<li>Mettre la d\u00e9coction dans le pulv\u00e9risateur&#8230;<\/li>\n<\/ul>\n<p>En arrosage au pied des plantes ou en pulv\u00e9risation foliaire (2 fois \u00e0 quelques jours d&rsquo;intervalle), cette d\u00e9coction doit \u00eatre utilis\u00e9e dans les 4-5 jours pour \u00eatre efficace.<\/p>\n<p>IMPORTANT : Ces recettes maison sont utilis\u00e9es par des centres type Terre Vivante, mais ne sont pas des produits \u00e0 l\u2019efficacit\u00e9 test\u00e9e en laboratoire, ni soumis \u00e0 des autorisations de mise sur le march\u00e9. Elles sont donc \u00e0 utiliser en compl\u00e9ment ou en pr\u00e9vention, mais ne remplacent pas des traitements homologu\u00e9s.<\/p>\n","protected":false},"excerpt":{"rendered":"<p>&nbsp; Le pulv\u00e9risateur pour d\u00e9coction : traitement naturel du jardin bio Pour stimuler les d\u00e9fenses naturelles des v\u00e9g\u00e9taux (potager, verger, jardin d&rsquo;agr\u00e9ment&#8230;) mais aussi renforcer leurs tissus, les pr\u00e9parations naturelles maison sont tr\u00e8s efficaces. Utilis\u00e9es avec un pulv\u00e9risateur apr\u00e8s d\u00e9coction, mac\u00e9ration ou encore infusion, elles permettent d&rsquo;extraire les principes actifs de plantes reconnues pour leurs [&hellip;]<\/p>\n","protected":false},"author":9,"featured_media":0,"parent":0,"menu_order":0,"comment_status":"closed","ping_status":"closed","template":"","meta":{"_acf_changed":false,"footnotes":""},"class_list":["post-4718","page","type-page","status-publish","hentry"],"acf":[],"yoast_head":"<!-- This site is optimized with the Yoast SEO plugin v27.4 - https:\/\/yoast.com\/product\/yoast-seo-wordpress\/ -->\n<title>Pulv\u00e9risateur pour d\u00e9coction Tecnoma : traitement naturel du jardin bio<\/title>\n<meta name=\"description\" content=\"Retrouvez le pulv\u00e9risateur pour d\u00e9coction Tecnoma pour traiter son jardin naturellement. Pour une d\u00e9coction de jardin bio, retrouvez les recettes Tecnoma \u00e0 base d&#039;ail\" \/>\n<meta name=\"robots\" content=\"index, follow, max-snippet:-1, max-image-preview:large, max-video-preview:-1\" \/>\n<link rel=\"canonical\" href=\"https:\/\/www.tecnoma.fr\/fr\/traitement-naturel-du-jardin-pulverisateur-pour-decoction\/\" \/>\n<meta property=\"og:locale\" content=\"fr_FR\" \/>\n<meta property=\"og:type\" content=\"article\" \/>\n<meta property=\"og:title\" content=\"Pulv\u00e9risateur pour d\u00e9coction Tecnoma : traitement naturel du jardin bio\" \/>\n<meta property=\"og:description\" content=\"Retrouvez le pulv\u00e9risateur pour d\u00e9coction Tecnoma pour traiter son jardin naturellement. Pour une d\u00e9coction de jardin bio, retrouvez les recettes Tecnoma \u00e0 base d&#039;ail\" \/>\n<meta property=\"og:url\" content=\"https:\/\/www.tecnoma.fr\/fr\/traitement-naturel-du-jardin-pulverisateur-pour-decoction\/\" \/>\n<meta property=\"og:site_name\" content=\"Tecnoma\" \/>\n<meta property=\"article:modified_time\" content=\"2019-06-10T12:23:18+00:00\" \/>\n<meta name=\"twitter:card\" content=\"summary_large_image\" \/>\n<meta name=\"twitter:label1\" content=\"Dur\u00e9e de lecture estim\u00e9e\" \/>\n\t<meta name=\"twitter:data1\" content=\"2 minutes\" \/>\n<script type=\"application\/ld+json\" class=\"yoast-schema-graph\">{\"@context\":\"https:\\\/\\\/schema.org\",\"@graph\":[{\"@type\":\"WebPage\",\"@id\":\"https:\\\/\\\/www.tecnoma.fr\\\/fr\\\/traitement-naturel-du-jardin-pulverisateur-pour-decoction\\\/\",\"url\":\"https:\\\/\\\/www.tecnoma.fr\\\/fr\\\/traitement-naturel-du-jardin-pulverisateur-pour-decoction\\\/\",\"name\":\"Pulv\u00e9risateur pour d\u00e9coction Tecnoma : traitement naturel du jardin bio\",\"isPartOf\":{\"@id\":\"https:\\\/\\\/www.tecnoma.fr\\\/fr\\\/#website\"},\"datePublished\":\"2018-11-22T08:36:06+00:00\",\"dateModified\":\"2019-06-10T12:23:18+00:00\",\"description\":\"Retrouvez le pulv\u00e9risateur pour d\u00e9coction Tecnoma pour traiter son jardin naturellement. Pour une d\u00e9coction de jardin bio, retrouvez les recettes Tecnoma \u00e0 base d'ail\",\"breadcrumb\":{\"@id\":\"https:\\\/\\\/www.tecnoma.fr\\\/fr\\\/traitement-naturel-du-jardin-pulverisateur-pour-decoction\\\/#breadcrumb\"},\"inLanguage\":\"fr-FR\",\"potentialAction\":[{\"@type\":\"ReadAction\",\"target\":[\"https:\\\/\\\/www.tecnoma.fr\\\/fr\\\/traitement-naturel-du-jardin-pulverisateur-pour-decoction\\\/\"]}]},{\"@type\":\"BreadcrumbList\",\"@id\":\"https:\\\/\\\/www.tecnoma.fr\\\/fr\\\/traitement-naturel-du-jardin-pulverisateur-pour-decoction\\\/#breadcrumb\",\"itemListElement\":[{\"@type\":\"ListItem\",\"position\":1,\"name\":\"Accueil\",\"item\":\"https:\\\/\\\/www.tecnoma.fr\\\/fr\\\/accueil\\\/\"},{\"@type\":\"ListItem\",\"position\":2,\"name\":\"Traitement naturel du jardin bio : le pulv\u00e9risateur pour d\u00e9coction\"}]},{\"@type\":\"WebSite\",\"@id\":\"https:\\\/\\\/www.tecnoma.fr\\\/fr\\\/#website\",\"url\":\"https:\\\/\\\/www.tecnoma.fr\\\/fr\\\/\",\"name\":\"Tecnoma\",\"description\":\"Pulv\u00e9risateur et pompe de jardin\",\"potentialAction\":[{\"@type\":\"SearchAction\",\"target\":{\"@type\":\"EntryPoint\",\"urlTemplate\":\"https:\\\/\\\/www.tecnoma.fr\\\/fr\\\/?s={search_term_string}\"},\"query-input\":{\"@type\":\"PropertyValueSpecification\",\"valueRequired\":true,\"valueName\":\"search_term_string\"}}],\"inLanguage\":\"fr-FR\"}]}<\/script>\n<!-- \/ Yoast SEO plugin. -->","yoast_head_json":{"title":"Pulv\u00e9risateur pour d\u00e9coction Tecnoma : traitement naturel du jardin bio","description":"Retrouvez le pulv\u00e9risateur pour d\u00e9coction Tecnoma pour traiter son jardin naturellement. Pour une d\u00e9coction de jardin bio, retrouvez les recettes Tecnoma \u00e0 base d'ail","robots":{"index":"index","follow":"follow","max-snippet":"max-snippet:-1","max-image-preview":"max-image-preview:large","max-video-preview":"max-video-preview:-1"},"canonical":"https:\/\/www.tecnoma.fr\/fr\/traitement-naturel-du-jardin-pulverisateur-pour-decoction\/","og_locale":"fr_FR","og_type":"article","og_title":"Pulv\u00e9risateur pour d\u00e9coction Tecnoma : traitement naturel du jardin bio","og_description":"Retrouvez le pulv\u00e9risateur pour d\u00e9coction Tecnoma pour traiter son jardin naturellement. Pour une d\u00e9coction de jardin bio, retrouvez les recettes Tecnoma \u00e0 base d'ail","og_url":"https:\/\/www.tecnoma.fr\/fr\/traitement-naturel-du-jardin-pulverisateur-pour-decoction\/","og_site_name":"Tecnoma","article_modified_time":"2019-06-10T12:23:18+00:00","twitter_card":"summary_large_image","twitter_misc":{"Dur\u00e9e de lecture estim\u00e9e":"2 minutes"},"schema":{"@context":"https:\/\/schema.org","@graph":[{"@type":"WebPage","@id":"https:\/\/www.tecnoma.fr\/fr\/traitement-naturel-du-jardin-pulverisateur-pour-decoction\/","url":"https:\/\/www.tecnoma.fr\/fr\/traitement-naturel-du-jardin-pulverisateur-pour-decoction\/","name":"Pulv\u00e9risateur pour d\u00e9coction Tecnoma : traitement naturel du jardin bio","isPartOf":{"@id":"https:\/\/www.tecnoma.fr\/fr\/#website"},"datePublished":"2018-11-22T08:36:06+00:00","dateModified":"2019-06-10T12:23:18+00:00","description":"Retrouvez le pulv\u00e9risateur pour d\u00e9coction Tecnoma pour traiter son jardin naturellement. Pour une d\u00e9coction de jardin bio, retrouvez les recettes Tecnoma \u00e0 base d'ail","breadcrumb":{"@id":"https:\/\/www.tecnoma.fr\/fr\/traitement-naturel-du-jardin-pulverisateur-pour-decoction\/#breadcrumb"},"inLanguage":"fr-FR","potentialAction":[{"@type":"ReadAction","target":["https:\/\/www.tecnoma.fr\/fr\/traitement-naturel-du-jardin-pulverisateur-pour-decoction\/"]}]},{"@type":"BreadcrumbList","@id":"https:\/\/www.tecnoma.fr\/fr\/traitement-naturel-du-jardin-pulverisateur-pour-decoction\/#breadcrumb","itemListElement":[{"@type":"ListItem","position":1,"name":"Accueil","item":"https:\/\/www.tecnoma.fr\/fr\/accueil\/"},{"@type":"ListItem","position":2,"name":"Traitement naturel du jardin bio : le pulv\u00e9risateur pour d\u00e9coction"}]},{"@type":"WebSite","@id":"https:\/\/www.tecnoma.fr\/fr\/#website","url":"https:\/\/www.tecnoma.fr\/fr\/","name":"Tecnoma","description":"Pulv\u00e9risateur et pompe de jardin","potentialAction":[{"@type":"SearchAction","target":{"@type":"EntryPoint","urlTemplate":"https:\/\/www.tecnoma.fr\/fr\/?s={search_term_string}"},"query-input":{"@type":"PropertyValueSpecification","valueRequired":true,"valueName":"search_term_string"}}],"inLanguage":"fr-FR"}]}},"_links":{"self":[{"href":"https:\/\/www.tecnoma.fr\/fr\/wp-json\/wp\/v2\/pages\/4718","targetHints":{"allow":["GET"]}}],"collection":[{"href":"https:\/\/www.tecnoma.fr\/fr\/wp-json\/wp\/v2\/pages"}],"about":[{"href":"https:\/\/www.tecnoma.fr\/fr\/wp-json\/wp\/v2\/types\/page"}],"author":[{"embeddable":true,"href":"https:\/\/www.tecnoma.fr\/fr\/wp-json\/wp\/v2\/users\/9"}],"replies":[{"embeddable":true,"href":"https:\/\/www.tecnoma.fr\/fr\/wp-json\/wp\/v2\/comments?post=4718"}],"version-history":[{"count":3,"href":"https:\/\/www.tecnoma.fr\/fr\/wp-json\/wp\/v2\/pages\/4718\/revisions"}],"predecessor-version":[{"id":4876,"href":"https:\/\/www.tecnoma.fr\/fr\/wp-json\/wp\/v2\/pages\/4718\/revisions\/4876"}],"wp:attachment":[{"href":"https:\/\/www.tecnoma.fr\/fr\/wp-json\/wp\/v2\/media?parent=4718"}],"curies":[{"name":"wp","href":"https:\/\/api.w.org\/{rel}","templated":true}]}}