{"id":4720,"date":"2018-11-22T09:35:51","date_gmt":"2018-11-22T08:35:51","guid":{"rendered":"https:\/\/www.tecnoma.fr\/?page_id=4720\/"},"modified":"2019-06-10T13:15:08","modified_gmt":"2019-06-10T12:15:08","slug":"pulverisateur-de-produit-bio","status":"publish","type":"page","link":"https:\/\/www.tecnoma.fr\/fr\/pulverisateur-de-produit-bio\/","title":{"rendered":"Le pulv\u00e9risateur de produit bio, un alli\u00e9 indispensable au jardin \u00e9cologique"},"content":{"rendered":"<p>&nbsp;<\/p>\n<h1>Le pulv\u00e9risateur de produit bio, un alli\u00e9 indispensable au jardin \u00e9cologique<\/h1>\n<p>Pour traiter les v\u00e9g\u00e9taux et les fortifier, le pulv\u00e9risateur de produit bio est un incontournable du jardinage naturel. Disponible en de nombreux mod\u00e8les, il s&rsquo;adapte \u00e0 tous les styles et superficies de terrains.<\/p>\n<h2>Les diff\u00e9rents mod\u00e8les de <a href=\"https:\/\/www.tecnoma.fr\/fr\/produit\/pulverisateurs\/jardinez-au-naturel\/\">pulv\u00e9risateur pour produit bio<\/a><\/h2>\n<p>Pour un traitement occasionnel localis\u00e9 de pr\u00e9paration naturelle maison ou une pulv\u00e9risation de grande envergure dans un verger, le pulv\u00e9risateur pour produit bio est indispensable. Ergonomique et fiable, il est adapt\u00e9 aux produits \u00e9cologiques du commerce (engrais, fongicides et insecticides) comme aux bio stimulants maison : purins d&rsquo;ortie et de consoude, d\u00e9coctions de pr\u00eale des champs, pr\u00e9parations \u00e0 base de vinaigre blanc, huile de neem, argile, savon noir, bicarbonate de soude, etc.<\/p>\n<p>Utilisation et surface de terrain sont les param\u00e8tres qui doivent guider votre choix lors de l&rsquo;achat d&rsquo;un pulv\u00e9risateur de produit bio. Pour la maison, un balcon, une terrasse ou un petit jardin, les g\u00e2chettes et pulv\u00e9risateurs \u00e0 pression pr\u00e9alable inf\u00e9rieurs \u00e0 2 litres sont suffisants. Pour des surfaces plus importantes, le recours \u00e0 un pulv\u00e9risateur de produit bio \u00e0 pression pr\u00e9alable sup\u00e9rieur \u00e0 2 l voire \u00e0 un pulv\u00e9risateur sur batterie est n\u00e9cessaire. Il existe m\u00eame des pulv\u00e9risateurs de jardin sp\u00e9cialement con\u00e7us pour les recettes faites-maison avec des joints haute r\u00e9sistance. Ils sont en plus livr\u00e9s avec un petit fascicule de potions pour le jardin !<\/p>\n<h2>Le purin d&rsquo;ortie : la recette bio maison incontournable au jardin naturel<\/h2>\n<p>Fertilisante, stimulante, insectifuge et fongicide, l&rsquo;ortie est une excellente plante compagne pour tous les v\u00e9g\u00e9taux. Riche en azote mais aussi en min\u00e9raux et vitamines, elle stimule la croissance des v\u00e9g\u00e9taux et notamment des l\u00e9gumes feuilles ; elle renforce aussi leurs d\u00e9fenses naturelles et constitue un r\u00e9pulsif efficace contre certaines maladies des plantes, les acariens, les pucerons&#8230;<\/p>\n<h3>Recette du purin d&rsquo;ortie<\/h3>\n<p>Sa fabrication ne n\u00e9cessite que 3 ingr\u00e9dients : des feuilles d&rsquo;orties fra\u00eeches (1 kg), 10 litres d&rsquo;eau (de pluie de pr\u00e9f\u00e9rence) et un r\u00e9cipient avec un couvercle non \u00e9tanche. Le purin s&rsquo;obtient par mac\u00e9ration des feuilles dans l&rsquo;eau (de 2 \u00e0 3 semaines) et brassage. Tous les 2\/3 jours, brassez le m\u00e9lange avec un b\u00e2ton. La fermentation est termin\u00e9e lorsque les bulles disparaissent. Selon la temp\u00e9rature ext\u00e9rieure, cela prend entre 1 et 3 semaines. Filtrez soigneusement avec une passoire \u00e0 fines mailles ou un vieux bas, et stockez dans des bouteilles.<\/p>\n<p>Conservation : \u00e0 l\u2019obscurit\u00e9 et au frais dans des bouteilles en plastique ou en verre opaque ; il restera utilisable plusieurs mois s\u2019il a \u00e9t\u00e9 parfaitement filtr\u00e9. Utilisation : diluez le purin d\u2019ortie \u00e0 10 % environ, en pulv\u00e9risation ou arrosage au sol, toutes les 1 \u00e0 2 semaines au printemps.<\/p>\n<p>IMPORTANT : Ces recettes maison sont utilis\u00e9es par des centres type Terre Vivante, mais ne sont pas des produits \u00e0 l\u2019efficacit\u00e9 test\u00e9e en laboratoire, ni soumis \u00e0 des autorisations de mise sur le march\u00e9. Elles sont donc \u00e0 utiliser en compl\u00e9ment ou en pr\u00e9vention, mais ne remplacent pas des traitements homologu\u00e9s.<\/p>\n","protected":false},"excerpt":{"rendered":"<p>&nbsp; Le pulv\u00e9risateur de produit bio, un alli\u00e9 indispensable au jardin \u00e9cologique Pour traiter les v\u00e9g\u00e9taux et les fortifier, le pulv\u00e9risateur de produit bio est un incontournable du jardinage naturel. Disponible en de nombreux mod\u00e8les, il s&rsquo;adapte \u00e0 tous les styles et superficies de terrains. Les diff\u00e9rents mod\u00e8les de pulv\u00e9risateur pour produit bio Pour un [&hellip;]<\/p>\n","protected":false},"author":9,"featured_media":0,"parent":0,"menu_order":0,"comment_status":"closed","ping_status":"closed","template":"","meta":{"_acf_changed":false,"footnotes":""},"class_list":["post-4720","page","type-page","status-publish","hentry"],"acf":[],"yoast_head":"<!-- This site is optimized with the Yoast SEO plugin v27.4 - https:\/\/yoast.com\/product\/yoast-seo-wordpress\/ -->\n<title>Pulv\u00e9risateur de produit bio Tecnoma : traitement du jardin \u00e9cologique<\/title>\n<meta name=\"description\" content=\"Retrouvez le pulv\u00e9risateur de produit bio Tecnoma : l&#039;alli\u00e9 indispensable pour un jardin \u00e9cologique. Nous vous d\u00e9livrons les recettes maison pour traiter son jardin naturellement avec son pulv\u00e9risateur de produit bio\" \/>\n<meta name=\"robots\" content=\"index, follow, max-snippet:-1, max-image-preview:large, max-video-preview:-1\" \/>\n<link rel=\"canonical\" href=\"https:\/\/www.tecnoma.fr\/fr\/pulverisateur-de-produit-bio\/\" \/>\n<meta property=\"og:locale\" content=\"fr_FR\" \/>\n<meta property=\"og:type\" content=\"article\" \/>\n<meta property=\"og:title\" content=\"Pulv\u00e9risateur de produit bio Tecnoma : traitement du jardin \u00e9cologique\" \/>\n<meta property=\"og:description\" content=\"Retrouvez le pulv\u00e9risateur de produit bio Tecnoma : l&#039;alli\u00e9 indispensable pour un jardin \u00e9cologique. Nous vous d\u00e9livrons les recettes maison pour traiter son jardin naturellement avec son pulv\u00e9risateur de produit bio\" \/>\n<meta property=\"og:url\" content=\"https:\/\/www.tecnoma.fr\/fr\/pulverisateur-de-produit-bio\/\" \/>\n<meta property=\"og:site_name\" content=\"Tecnoma\" \/>\n<meta property=\"article:modified_time\" content=\"2019-06-10T12:15:08+00:00\" \/>\n<meta name=\"twitter:card\" content=\"summary_large_image\" \/>\n<meta name=\"twitter:label1\" content=\"Dur\u00e9e de lecture estim\u00e9e\" \/>\n\t<meta name=\"twitter:data1\" content=\"3 minutes\" \/>\n<script type=\"application\/ld+json\" class=\"yoast-schema-graph\">{\"@context\":\"https:\\\/\\\/schema.org\",\"@graph\":[{\"@type\":\"WebPage\",\"@id\":\"https:\\\/\\\/www.tecnoma.fr\\\/fr\\\/pulverisateur-de-produit-bio\\\/\",\"url\":\"https:\\\/\\\/www.tecnoma.fr\\\/fr\\\/pulverisateur-de-produit-bio\\\/\",\"name\":\"Pulv\u00e9risateur de produit bio Tecnoma : traitement du jardin \u00e9cologique\",\"isPartOf\":{\"@id\":\"https:\\\/\\\/www.tecnoma.fr\\\/fr\\\/#website\"},\"datePublished\":\"2018-11-22T08:35:51+00:00\",\"dateModified\":\"2019-06-10T12:15:08+00:00\",\"description\":\"Retrouvez le pulv\u00e9risateur de produit bio Tecnoma : l'alli\u00e9 indispensable pour un jardin \u00e9cologique. Nous vous d\u00e9livrons les recettes maison pour traiter son jardin naturellement avec son pulv\u00e9risateur de produit bio\",\"breadcrumb\":{\"@id\":\"https:\\\/\\\/www.tecnoma.fr\\\/fr\\\/pulverisateur-de-produit-bio\\\/#breadcrumb\"},\"inLanguage\":\"fr-FR\",\"potentialAction\":[{\"@type\":\"ReadAction\",\"target\":[\"https:\\\/\\\/www.tecnoma.fr\\\/fr\\\/pulverisateur-de-produit-bio\\\/\"]}]},{\"@type\":\"BreadcrumbList\",\"@id\":\"https:\\\/\\\/www.tecnoma.fr\\\/fr\\\/pulverisateur-de-produit-bio\\\/#breadcrumb\",\"itemListElement\":[{\"@type\":\"ListItem\",\"position\":1,\"name\":\"Accueil\",\"item\":\"https:\\\/\\\/www.tecnoma.fr\\\/fr\\\/accueil\\\/\"},{\"@type\":\"ListItem\",\"position\":2,\"name\":\"Le pulv\u00e9risateur de produit bio, un alli\u00e9 indispensable au jardin \u00e9cologique\"}]},{\"@type\":\"WebSite\",\"@id\":\"https:\\\/\\\/www.tecnoma.fr\\\/fr\\\/#website\",\"url\":\"https:\\\/\\\/www.tecnoma.fr\\\/fr\\\/\",\"name\":\"Tecnoma\",\"description\":\"Pulv\u00e9risateur et pompe de jardin\",\"potentialAction\":[{\"@type\":\"SearchAction\",\"target\":{\"@type\":\"EntryPoint\",\"urlTemplate\":\"https:\\\/\\\/www.tecnoma.fr\\\/fr\\\/?s={search_term_string}\"},\"query-input\":{\"@type\":\"PropertyValueSpecification\",\"valueRequired\":true,\"valueName\":\"search_term_string\"}}],\"inLanguage\":\"fr-FR\"}]}<\/script>\n<!-- \/ Yoast SEO plugin. -->","yoast_head_json":{"title":"Pulv\u00e9risateur de produit bio Tecnoma : traitement du jardin \u00e9cologique","description":"Retrouvez le pulv\u00e9risateur de produit bio Tecnoma : l'alli\u00e9 indispensable pour un jardin \u00e9cologique. Nous vous d\u00e9livrons les recettes maison pour traiter son jardin naturellement avec son pulv\u00e9risateur de produit bio","robots":{"index":"index","follow":"follow","max-snippet":"max-snippet:-1","max-image-preview":"max-image-preview:large","max-video-preview":"max-video-preview:-1"},"canonical":"https:\/\/www.tecnoma.fr\/fr\/pulverisateur-de-produit-bio\/","og_locale":"fr_FR","og_type":"article","og_title":"Pulv\u00e9risateur de produit bio Tecnoma : traitement du jardin \u00e9cologique","og_description":"Retrouvez le pulv\u00e9risateur de produit bio Tecnoma : l'alli\u00e9 indispensable pour un jardin \u00e9cologique. Nous vous d\u00e9livrons les recettes maison pour traiter son jardin naturellement avec son pulv\u00e9risateur de produit bio","og_url":"https:\/\/www.tecnoma.fr\/fr\/pulverisateur-de-produit-bio\/","og_site_name":"Tecnoma","article_modified_time":"2019-06-10T12:15:08+00:00","twitter_card":"summary_large_image","twitter_misc":{"Dur\u00e9e de lecture estim\u00e9e":"3 minutes"},"schema":{"@context":"https:\/\/schema.org","@graph":[{"@type":"WebPage","@id":"https:\/\/www.tecnoma.fr\/fr\/pulverisateur-de-produit-bio\/","url":"https:\/\/www.tecnoma.fr\/fr\/pulverisateur-de-produit-bio\/","name":"Pulv\u00e9risateur de produit bio Tecnoma : traitement du jardin \u00e9cologique","isPartOf":{"@id":"https:\/\/www.tecnoma.fr\/fr\/#website"},"datePublished":"2018-11-22T08:35:51+00:00","dateModified":"2019-06-10T12:15:08+00:00","description":"Retrouvez le pulv\u00e9risateur de produit bio Tecnoma : l'alli\u00e9 indispensable pour un jardin \u00e9cologique. Nous vous d\u00e9livrons les recettes maison pour traiter son jardin naturellement avec son pulv\u00e9risateur de produit bio","breadcrumb":{"@id":"https:\/\/www.tecnoma.fr\/fr\/pulverisateur-de-produit-bio\/#breadcrumb"},"inLanguage":"fr-FR","potentialAction":[{"@type":"ReadAction","target":["https:\/\/www.tecnoma.fr\/fr\/pulverisateur-de-produit-bio\/"]}]},{"@type":"BreadcrumbList","@id":"https:\/\/www.tecnoma.fr\/fr\/pulverisateur-de-produit-bio\/#breadcrumb","itemListElement":[{"@type":"ListItem","position":1,"name":"Accueil","item":"https:\/\/www.tecnoma.fr\/fr\/accueil\/"},{"@type":"ListItem","position":2,"name":"Le pulv\u00e9risateur de produit bio, un alli\u00e9 indispensable au jardin \u00e9cologique"}]},{"@type":"WebSite","@id":"https:\/\/www.tecnoma.fr\/fr\/#website","url":"https:\/\/www.tecnoma.fr\/fr\/","name":"Tecnoma","description":"Pulv\u00e9risateur et pompe de jardin","potentialAction":[{"@type":"SearchAction","target":{"@type":"EntryPoint","urlTemplate":"https:\/\/www.tecnoma.fr\/fr\/?s={search_term_string}"},"query-input":{"@type":"PropertyValueSpecification","valueRequired":true,"valueName":"search_term_string"}}],"inLanguage":"fr-FR"}]}},"_links":{"self":[{"href":"https:\/\/www.tecnoma.fr\/fr\/wp-json\/wp\/v2\/pages\/4720","targetHints":{"allow":["GET"]}}],"collection":[{"href":"https:\/\/www.tecnoma.fr\/fr\/wp-json\/wp\/v2\/pages"}],"about":[{"href":"https:\/\/www.tecnoma.fr\/fr\/wp-json\/wp\/v2\/types\/page"}],"author":[{"embeddable":true,"href":"https:\/\/www.tecnoma.fr\/fr\/wp-json\/wp\/v2\/users\/9"}],"replies":[{"embeddable":true,"href":"https:\/\/www.tecnoma.fr\/fr\/wp-json\/wp\/v2\/comments?post=4720"}],"version-history":[{"count":4,"href":"https:\/\/www.tecnoma.fr\/fr\/wp-json\/wp\/v2\/pages\/4720\/revisions"}],"predecessor-version":[{"id":4874,"href":"https:\/\/www.tecnoma.fr\/fr\/wp-json\/wp\/v2\/pages\/4720\/revisions\/4874"}],"wp:attachment":[{"href":"https:\/\/www.tecnoma.fr\/fr\/wp-json\/wp\/v2\/media?parent=4720"}],"curies":[{"name":"wp","href":"https:\/\/api.w.org\/{rel}","templated":true}]}}