{"id":4725,"date":"2018-11-22T09:34:46","date_gmt":"2018-11-22T08:34:46","guid":{"rendered":"https:\/\/www.tecnoma.fr\/?page_id=4725\/"},"modified":"2019-06-05T13:34:47","modified_gmt":"2019-06-05T12:34:47","slug":"conseils-entretien-jardin-naturellement","status":"publish","type":"page","link":"https:\/\/www.tecnoma.fr\/fr\/conseils-entretien-jardin-naturellement\/","title":{"rendered":"Un jardin au naturel avec Tecnoma, le sp\u00e9cialiste du jardinage \u00e9cologique"},"content":{"rendered":"<p>&nbsp;<\/p>\n<h1 style=\"text-align: center\">Un jardin au naturel avec Tecnoma, le sp\u00e9cialiste du jardinage \u00e9cologique<\/h1>\n<h2 style=\"text-align: center\">D\u00e9couvrez les conseils Tecnoma pour entretenir son jardin naturellement : les recettes maison et le mat\u00e9riel adapt\u00e9<\/h2>\n<p>Pour prendre soin de ses ext\u00e9rieurs, Tecnoma vous d\u00e9livre les <a href=\"https:\/\/www.tecnoma.fr\/fr\/principes-du-jardinage-naturel\/\">grands principes du jardinage \u00e9cologique<\/a>. Vous souhaitez travailler votre jardin en respectant la vie et son \u00e9quilibre naturel? Retrouvez nos recettes maison pour fabriquer ses propres engrais facilement avec peu d&rsquo;ingr\u00e9dients. Pour le traitement de vos plantes, optez pour les pulv\u00e9risateurs agricoles Tecnoma qui peuvent \u00eatre utilis\u00e9s avec des recettes maisons naturelles de purin d&rsquo;orti ou de d\u00e9coction naturelle. Nous vous accompagnons dans une d\u00e9marche de respect de l&rsquo;environnement gr\u00e2ce \u00e0 nos engrais naturels, qui sont \u00e0 utiliser en compl\u00e9ment ou en pr\u00e9vention pour favoriser la vie dans votre potager.<\/p>\n<h3>Nos pulv\u00e9risateurs de jardin de qualit\u00e9 fran\u00e7aise<\/h3>\n<p><a href=\"https:\/\/www.tecnoma.fr\/fr\/pulverisateur-de-purin-dortie\/\">Pulv\u00e9risateur de purin d&rsquo;ortie<\/a><\/p>\n<p><a href=\"https:\/\/www.tecnoma.fr\/fr\/pulverisateur-de-produit-bio\/\">Pulv\u00e9risateur de produit bio<\/a><\/p>\n<p><a href=\"https:\/\/www.tecnoma.fr\/fr\/traitement-naturel-du-jardin-pulverisateur-pour-decoction\/\">Pulv\u00e9risateur pour d\u00e9coction<\/a><\/p>\n<p>&nbsp;<\/p>\n<h3>Les recettes Tenoma pour traiter son jardin au naturel<\/h3>\n<p><a href=\"https:\/\/www.tecnoma.fr\/fr\/comment-faire-un-fertilisant-maison-biologique\/\">Comment faire un fertilisant maison biologique<\/a><\/p>\n<p><a href=\"https:\/\/www.tecnoma.fr\/fr\/comment-faire-un-engrais-liquide-naturel\/\">Comment faire un engrais liquide naturel<\/a><\/p>\n<p><a href=\"https:\/\/www.tecnoma.fr\/fr\/recette-maison-engrais-naturel-pour-gazon\/\">Recette maison de l&rsquo;engrais naturel pour gazon<\/a><\/p>\n<p><a href=\"https:\/\/www.tecnoma.fr\/fr\/comment-faire-un-engrais-naturel\/\">Comment faire un engrais naturel<\/a><\/p>\n<p><a href=\"https:\/\/www.tecnoma.fr\/fr\/recette-de-decoction-jardin\/\">Recette de d\u00e9coction de jardin<\/a><\/p>\n<p><a href=\"https:\/\/www.tecnoma.fr\/fr\/jardin-bio-recette-du-purin-dortie-maison\/\">Recette maison du purin d&rsquo;ortie\u00a0<\/a><\/p>\n<p>&nbsp;<\/p>\n","protected":false},"excerpt":{"rendered":"<p>&nbsp; Un jardin au naturel avec Tecnoma, le sp\u00e9cialiste du jardinage \u00e9cologique D\u00e9couvrez les conseils Tecnoma pour entretenir son jardin naturellement : les recettes maison et le mat\u00e9riel adapt\u00e9 Pour prendre soin de ses ext\u00e9rieurs, Tecnoma vous d\u00e9livre les grands principes du jardinage \u00e9cologique. Vous souhaitez travailler votre jardin en respectant la vie et son [&hellip;]<\/p>\n","protected":false},"author":9,"featured_media":0,"parent":0,"menu_order":0,"comment_status":"closed","ping_status":"closed","template":"","meta":{"_acf_changed":false,"footnotes":""},"class_list":["post-4725","page","type-page","status-publish","hentry"],"acf":[],"yoast_head":"<!-- This site is optimized with the Yoast SEO plugin v27.5 - https:\/\/yoast.com\/product\/yoast-seo-wordpress\/ -->\n<title>Entretien du jardin naturellement : les conseils \u00e9cologiques de Tecnoma<\/title>\n<meta name=\"description\" content=\"Retrouvez les conseils du sp\u00e9cialiste de pulv\u00e9risateur de produit bio et engrais naturel pour entretenir son jardin naturellement. Tecnoma vous livre ses recettes et ses conseils pour un entretien \u00e9cologique de ses ext\u00e9rieurs\" \/>\n<meta name=\"robots\" content=\"index, follow, max-snippet:-1, max-image-preview:large, max-video-preview:-1\" \/>\n<link rel=\"canonical\" href=\"https:\/\/www.tecnoma.fr\/fr\/conseils-entretien-jardin-naturellement\/\" \/>\n<meta property=\"og:locale\" content=\"fr_FR\" \/>\n<meta property=\"og:type\" content=\"article\" \/>\n<meta property=\"og:title\" content=\"Entretien du jardin naturellement : les conseils \u00e9cologiques de Tecnoma\" \/>\n<meta property=\"og:description\" content=\"Retrouvez les conseils du sp\u00e9cialiste de pulv\u00e9risateur de produit bio et engrais naturel pour entretenir son jardin naturellement. Tecnoma vous livre ses recettes et ses conseils pour un entretien \u00e9cologique de ses ext\u00e9rieurs\" \/>\n<meta property=\"og:url\" content=\"https:\/\/www.tecnoma.fr\/fr\/conseils-entretien-jardin-naturellement\/\" \/>\n<meta property=\"og:site_name\" content=\"Tecnoma\" \/>\n<meta property=\"article:modified_time\" content=\"2019-06-05T12:34:47+00:00\" \/>\n<meta name=\"twitter:card\" content=\"summary_large_image\" \/>\n<meta name=\"twitter:label1\" content=\"Dur\u00e9e de lecture estim\u00e9e\" \/>\n\t<meta name=\"twitter:data1\" content=\"1 minute\" \/>\n<script type=\"application\/ld+json\" class=\"yoast-schema-graph\">{\"@context\":\"https:\\\/\\\/schema.org\",\"@graph\":[{\"@type\":\"WebPage\",\"@id\":\"https:\\\/\\\/www.tecnoma.fr\\\/fr\\\/conseils-entretien-jardin-naturellement\\\/\",\"url\":\"https:\\\/\\\/www.tecnoma.fr\\\/fr\\\/conseils-entretien-jardin-naturellement\\\/\",\"name\":\"Entretien du jardin naturellement : les conseils \u00e9cologiques de Tecnoma\",\"isPartOf\":{\"@id\":\"https:\\\/\\\/www.tecnoma.fr\\\/fr\\\/#website\"},\"datePublished\":\"2018-11-22T08:34:46+00:00\",\"dateModified\":\"2019-06-05T12:34:47+00:00\",\"description\":\"Retrouvez les conseils du sp\u00e9cialiste de pulv\u00e9risateur de produit bio et engrais naturel pour entretenir son jardin naturellement. Tecnoma vous livre ses recettes et ses conseils pour un entretien \u00e9cologique de ses ext\u00e9rieurs\",\"breadcrumb\":{\"@id\":\"https:\\\/\\\/www.tecnoma.fr\\\/fr\\\/conseils-entretien-jardin-naturellement\\\/#breadcrumb\"},\"inLanguage\":\"fr-FR\",\"potentialAction\":[{\"@type\":\"ReadAction\",\"target\":[\"https:\\\/\\\/www.tecnoma.fr\\\/fr\\\/conseils-entretien-jardin-naturellement\\\/\"]}]},{\"@type\":\"BreadcrumbList\",\"@id\":\"https:\\\/\\\/www.tecnoma.fr\\\/fr\\\/conseils-entretien-jardin-naturellement\\\/#breadcrumb\",\"itemListElement\":[{\"@type\":\"ListItem\",\"position\":1,\"name\":\"Accueil\",\"item\":\"https:\\\/\\\/www.tecnoma.fr\\\/fr\\\/accueil\\\/\"},{\"@type\":\"ListItem\",\"position\":2,\"name\":\"Un jardin au naturel avec Tecnoma, le sp\u00e9cialiste du jardinage \u00e9cologique\"}]},{\"@type\":\"WebSite\",\"@id\":\"https:\\\/\\\/www.tecnoma.fr\\\/fr\\\/#website\",\"url\":\"https:\\\/\\\/www.tecnoma.fr\\\/fr\\\/\",\"name\":\"Tecnoma\",\"description\":\"Pulv\u00e9risateur et pompe de jardin\",\"potentialAction\":[{\"@type\":\"SearchAction\",\"target\":{\"@type\":\"EntryPoint\",\"urlTemplate\":\"https:\\\/\\\/www.tecnoma.fr\\\/fr\\\/?s={search_term_string}\"},\"query-input\":{\"@type\":\"PropertyValueSpecification\",\"valueRequired\":true,\"valueName\":\"search_term_string\"}}],\"inLanguage\":\"fr-FR\"}]}<\/script>\n<!-- \/ Yoast SEO plugin. -->","yoast_head_json":{"title":"Entretien du jardin naturellement : les conseils \u00e9cologiques de Tecnoma","description":"Retrouvez les conseils du sp\u00e9cialiste de pulv\u00e9risateur de produit bio et engrais naturel pour entretenir son jardin naturellement. Tecnoma vous livre ses recettes et ses conseils pour un entretien \u00e9cologique de ses ext\u00e9rieurs","robots":{"index":"index","follow":"follow","max-snippet":"max-snippet:-1","max-image-preview":"max-image-preview:large","max-video-preview":"max-video-preview:-1"},"canonical":"https:\/\/www.tecnoma.fr\/fr\/conseils-entretien-jardin-naturellement\/","og_locale":"fr_FR","og_type":"article","og_title":"Entretien du jardin naturellement : les conseils \u00e9cologiques de Tecnoma","og_description":"Retrouvez les conseils du sp\u00e9cialiste de pulv\u00e9risateur de produit bio et engrais naturel pour entretenir son jardin naturellement. Tecnoma vous livre ses recettes et ses conseils pour un entretien \u00e9cologique de ses ext\u00e9rieurs","og_url":"https:\/\/www.tecnoma.fr\/fr\/conseils-entretien-jardin-naturellement\/","og_site_name":"Tecnoma","article_modified_time":"2019-06-05T12:34:47+00:00","twitter_card":"summary_large_image","twitter_misc":{"Dur\u00e9e de lecture estim\u00e9e":"1 minute"},"schema":{"@context":"https:\/\/schema.org","@graph":[{"@type":"WebPage","@id":"https:\/\/www.tecnoma.fr\/fr\/conseils-entretien-jardin-naturellement\/","url":"https:\/\/www.tecnoma.fr\/fr\/conseils-entretien-jardin-naturellement\/","name":"Entretien du jardin naturellement : les conseils \u00e9cologiques de Tecnoma","isPartOf":{"@id":"https:\/\/www.tecnoma.fr\/fr\/#website"},"datePublished":"2018-11-22T08:34:46+00:00","dateModified":"2019-06-05T12:34:47+00:00","description":"Retrouvez les conseils du sp\u00e9cialiste de pulv\u00e9risateur de produit bio et engrais naturel pour entretenir son jardin naturellement. Tecnoma vous livre ses recettes et ses conseils pour un entretien \u00e9cologique de ses ext\u00e9rieurs","breadcrumb":{"@id":"https:\/\/www.tecnoma.fr\/fr\/conseils-entretien-jardin-naturellement\/#breadcrumb"},"inLanguage":"fr-FR","potentialAction":[{"@type":"ReadAction","target":["https:\/\/www.tecnoma.fr\/fr\/conseils-entretien-jardin-naturellement\/"]}]},{"@type":"BreadcrumbList","@id":"https:\/\/www.tecnoma.fr\/fr\/conseils-entretien-jardin-naturellement\/#breadcrumb","itemListElement":[{"@type":"ListItem","position":1,"name":"Accueil","item":"https:\/\/www.tecnoma.fr\/fr\/accueil\/"},{"@type":"ListItem","position":2,"name":"Un jardin au naturel avec Tecnoma, le sp\u00e9cialiste du jardinage \u00e9cologique"}]},{"@type":"WebSite","@id":"https:\/\/www.tecnoma.fr\/fr\/#website","url":"https:\/\/www.tecnoma.fr\/fr\/","name":"Tecnoma","description":"Pulv\u00e9risateur et pompe de jardin","potentialAction":[{"@type":"SearchAction","target":{"@type":"EntryPoint","urlTemplate":"https:\/\/www.tecnoma.fr\/fr\/?s={search_term_string}"},"query-input":{"@type":"PropertyValueSpecification","valueRequired":true,"valueName":"search_term_string"}}],"inLanguage":"fr-FR"}]}},"_links":{"self":[{"href":"https:\/\/www.tecnoma.fr\/fr\/wp-json\/wp\/v2\/pages\/4725","targetHints":{"allow":["GET"]}}],"collection":[{"href":"https:\/\/www.tecnoma.fr\/fr\/wp-json\/wp\/v2\/pages"}],"about":[{"href":"https:\/\/www.tecnoma.fr\/fr\/wp-json\/wp\/v2\/types\/page"}],"author":[{"embeddable":true,"href":"https:\/\/www.tecnoma.fr\/fr\/wp-json\/wp\/v2\/users\/9"}],"replies":[{"embeddable":true,"href":"https:\/\/www.tecnoma.fr\/fr\/wp-json\/wp\/v2\/comments?post=4725"}],"version-history":[{"count":9,"href":"https:\/\/www.tecnoma.fr\/fr\/wp-json\/wp\/v2\/pages\/4725\/revisions"}],"predecessor-version":[{"id":4866,"href":"https:\/\/www.tecnoma.fr\/fr\/wp-json\/wp\/v2\/pages\/4725\/revisions\/4866"}],"wp:attachment":[{"href":"https:\/\/www.tecnoma.fr\/fr\/wp-json\/wp\/v2\/media?parent=4725"}],"curies":[{"name":"wp","href":"https:\/\/api.w.org\/{rel}","templated":true}]}}